{"id":10913,"date":"2019-07-15T14:45:24","date_gmt":"2019-07-15T12:45:24","guid":{"rendered":"https:\/\/www.hotelandy.com\/?page_id=10913"},"modified":"2026-02-13T12:17:43","modified_gmt":"2026-02-13T11:17:43","slug":"massagen","status":"publish","type":"page","link":"https:\/\/www.hotelandy.com\/de\/massagen\/","title":{"rendered":"Massagen"},"content":{"rendered":"\n<h1 class=\"wp-block-heading has-text-align-center\">Massagen mit Christiana<\/h1>\n\n\n\n<div style=\"height:20px\" aria-hidden=\"true\" class=\"wp-block-spacer\"><\/div>\n\n\n\n<div class=\"wp-block-group is-layout-constrained wp-block-group-is-layout-constrained\">\n<p><strong>Entspannung beginnt im Kopf\u2026<\/strong><br>\u2026darum schaffe ich eine wohlige Atmosph\u00e4re f\u00fcr Dich, reduziere das Sprechen und schenke Dir meine volle <strong>Aufmerksamkeit<\/strong>. Sei Dir bewusst, dass diese Zeit bei mir <strong>DEINE besondere Zeit<\/strong> ist, dass es in dieser Zeit nur um Dich geht und Du jegliche <strong>Verantwortung abgeben<\/strong> kannst. Sei ganz im Moment, sp\u00fcre Deine K\u00f6rper und lass unn\u00f6tige Gedanken los!<br>Dann klappt das auch mit der Entspannung und es wird leichter, die Wurzel von Schmerzen und Beschwerden zu finden und zu behandeln.<\/p>\n\n\n\n<p class=\"has-text-align-left\"><\/p>\n\n\n\n<p>Bitte vereinbaren Sie Ihren Termin f\u00fcr eine Massage bei Christiana direkt bei ihr per Mail unter <a href=\"mailto:info@besonderzeit.com\">info@besonderzeit.com<\/a> oder \u00fcber unsere Hotelrezeption.<\/p>\n\n\n\n<div class=\"wp-block-group text-center is-layout-constrained wp-block-group-is-layout-constrained\">\n<a class=\"btn btn-primary\" href=\"https:\/\/www.besonderzeit.com\/\" target=\"_blank\" role=\"button\" rel=\"noopener noreferrer\">Besonderzeit Massagen<\/a>\n<\/div>\n<\/div>\n\n\n\n<div style=\"height:20px\" aria-hidden=\"true\" class=\"wp-block-spacer\"><\/div>\n\n\n\n<p><\/p>\n\n\n\n<div style=\"height:20px\" aria-hidden=\"true\" class=\"wp-block-spacer\"><\/div>\n\n\n\n<div style=\"height:20px\" aria-hidden=\"true\" class=\"wp-block-spacer\"><\/div>\n\n\n\n<p><\/p>\n","protected":false},"excerpt":{"rendered":"<p>Massagen mit Christiana Entspannung beginnt im Kopf\u2026\u2026darum schaffe ich eine wohlige Atmosph\u00e4re f\u00fcr Dich, reduziere das Sprechen und schenke Dir meine volle Aufmerksamkeit. Sei Dir bewusst, dass diese Zeit bei mir DEINE besondere Zeit ist, dass es in dieser Zeit nur um Dich geht und Du jegliche Verantwortung abgeben kannst. Sei ganz im Moment, sp\u00fcre [&hellip;]<\/p>\n","protected":false},"author":1007,"featured_media":217,"parent":0,"menu_order":12,"comment_status":"closed","ping_status":"closed","template":"","meta":{"footnotes":""},"position":[],"class_list":["post-10913","page","type-page","status-publish","has-post-thumbnail","hentry"],"meta_box":{"attachment":[],"dreisechzig":""},"_links":{"self":[{"href":"https:\/\/www.hotelandy.com\/de\/wp-json\/wp\/v2\/pages\/10913","targetHints":{"allow":["GET"]}}],"collection":[{"href":"https:\/\/www.hotelandy.com\/de\/wp-json\/wp\/v2\/pages"}],"about":[{"href":"https:\/\/www.hotelandy.com\/de\/wp-json\/wp\/v2\/types\/page"}],"author":[{"embeddable":true,"href":"https:\/\/www.hotelandy.com\/de\/wp-json\/wp\/v2\/users\/1007"}],"replies":[{"embeddable":true,"href":"https:\/\/www.hotelandy.com\/de\/wp-json\/wp\/v2\/comments?post=10913"}],"version-history":[{"count":0,"href":"https:\/\/www.hotelandy.com\/de\/wp-json\/wp\/v2\/pages\/10913\/revisions"}],"wp:featuredmedia":[{"embeddable":true,"href":"https:\/\/www.hotelandy.com\/de\/wp-json\/wp\/v2\/media\/217"}],"wp:attachment":[{"href":"https:\/\/www.hotelandy.com\/de\/wp-json\/wp\/v2\/media?parent=10913"}],"wp:term":[{"taxonomy":"position","embeddable":true,"href":"https:\/\/www.hotelandy.com\/de\/wp-json\/wp\/v2\/position?post=10913"}],"curies":[{"name":"wp","href":"https:\/\/api.w.org\/{rel}","templated":true}]}}