{"id":11925,"date":"2019-09-03T15:26:17","date_gmt":"2019-09-03T13:26:17","guid":{"rendered":"https:\/\/www.hotelandy.com\/?page_id=11925"},"modified":"2023-08-15T10:30:19","modified_gmt":"2023-08-15T08:30:19","slug":"familienurlaub-im-pitztal","status":"publish","type":"page","link":"https:\/\/www.hotelandy.com\/de\/familienurlaub-im-pitztal\/","title":{"rendered":"Familienurlaub im Pitztal"},"content":{"rendered":"\n<div class=\"wp-block-group is-layout-constrained wp-block-group-is-layout-constrained\">\n<h1 class=\"wp-block-heading has-text-align-center\">Familienurlaub mit Kindern<\/h1>\n\n\n\n<h2 class=\"wp-block-heading has-text-align-center\">Unsere Art. Familienleben.&nbsp;Urlaub f\u00fcr alle Generationen.<\/h2>\n\n\n\n<div style=\"height:20px\" aria-hidden=\"true\" class=\"wp-block-spacer\"><\/div>\n\n\n\n<p>Urlaub ist die sch\u00f6nste Zeit im Jahr! Endlich ausschlafen, Zeit mit der Familie verbringen, Neues erkunden oder einfach mal ausspannen. Die Gro\u00dfeltern, Onkel, Tanten oder Freunde reisen auch mit? Wir haben Platz und Freiraum f\u00fcr gro\u00dfe Familien- und Freundesgruppen. Denn im Andy Hotel Apartment Wellness lassen sich die unterschiedlichsten W\u00fcnsche und Bed\u00fcrfnisse ganz leicht unter einen Hut bringen.<\/p>\n<\/div>\n\n\n\n<div style=\"height:40px\" aria-hidden=\"true\" class=\"wp-block-spacer\"><\/div>\n\n\n\n<div class=\"wp-block-group is-layout-constrained wp-block-group-is-layout-constrained\">\n<figure class=\"wp-block-image size-slide\"><img loading=\"lazy\" decoding=\"async\" width=\"1920\" height=\"540\" src=\"https:\/\/www.hotelandy.com\/wp-content\/uploads\/2019\/08\/pitztal-familien-apartment-60m2-1920x540.jpg\" alt=\"\" class=\"wp-image-11916\" title=\"\"><\/figure>\n<\/div>\n\n\n\n<div style=\"height:20px\" aria-hidden=\"true\" class=\"wp-block-spacer\"><\/div>\n\n\n\n<div class=\"wp-block-group is-layout-constrained wp-block-group-is-layout-constrained\">\n<h3 class=\"wp-block-heading has-text-align-center\">Viel Platz zum Wohnen und Wohlf\u00fchlen f\u00fcr Familien<\/h3>\n\n\n\n<p>Unsere <a href=\"https:\/\/www.hotelandy.com\/de\/apartments-hochzeiger-jerzens\/\">Wohlf\u00fchl-Apartments<\/a> f\u00fcr Familien sind top-modern eingerichtet und verf\u00fcgen \u00fcber eine voll ausgestattete K\u00fcche, zwei Schlafzimmer, Schlafsofa bzw. Stockbett und separate Badezimmer verteilt \u00fcber 2 bis 3 Etagen. In der K\u00fcche mit gem\u00fctlicher Sitzecke wird zusammen gekocht, gegessen und gespielt, und selbstverst\u00e4ndlich bieten die Ferienwohnungen auch ausreichend R\u00fcckzugsorte.<\/p>\n\n\n\n<div class=\"wp-block-group text-center is-layout-constrained wp-block-group-is-layout-constrained\">\n<a class=\"btn btn-primary\" href=\"https:\/\/www.hotelandy.com\/de\/apartments-hochzeiger-jerzens\/\" role=\"button\">Apartments &amp; Zimmer<\/a>\n<\/div>\n<\/div>\n\n\n\n<div style=\"height:40px\" aria-hidden=\"true\" class=\"wp-block-spacer\"><\/div>\n\n\n\n<div class=\"wp-block-group is-layout-constrained wp-block-group-is-layout-constrained\">\n<figure class=\"wp-block-image size-slide\"><img loading=\"lazy\" decoding=\"async\" width=\"1920\" height=\"540\" src=\"https:\/\/www.hotelandy.com\/wp-content\/uploads\/2019\/01\/sommer-familie-zirbenpark-zirbenwasser-4-1920x540.jpg\" alt=\"\" class=\"wp-image-10326\" title=\"\"><\/figure>\n<\/div>\n\n\n\n<div style=\"height:20px\" aria-hidden=\"true\" class=\"wp-block-spacer\"><\/div>\n\n\n\n<div class=\"wp-block-group is-layout-constrained wp-block-group-is-layout-constrained\">\n<h3 class=\"wp-block-heading has-text-align-center\">Maximale Urlaubsfreiheit<\/h3>\n\n\n\n<p>Das Fr\u00fchst\u00fcck im Restaurant am sch\u00f6n gedeckten Tisch oder im Apartment genie\u00dfen? Selber kochen oder sich im \u00e0 la carte&nbsp;<a href=\"https:\/\/www.hotelandy.com\/hotel-pitztal\/restaurant\/\">Restaurant<\/a>&nbsp;verw\u00f6hnen lassen? Skifahren, wandern, einen Ausflug unternehmen oder im&nbsp;<a href=\"https:\/\/www.hotelandy.com\/wellness-spa-vital\/\">Wellnessbereich<\/a>&nbsp;relaxen? Im Andy Hotel Apartment Wellness ist alles m\u00f6glich. Kein Zeitdruck, keine Verpflichtungen, einfach die freie Zeit unbeschwert und in vollen Z\u00fcgen auskosten und gemeinsam mit der Familie entspannen.<\/p>\n<\/div>\n\n\n\n<div style=\"height:40px\" aria-hidden=\"true\" class=\"wp-block-spacer\"><\/div>\n\n\n\n<div class=\"wp-block-group is-layout-constrained wp-block-group-is-layout-constrained\">\n<figure class=\"wp-block-image size-slide\"><img loading=\"lazy\" decoding=\"async\" width=\"1920\" height=\"540\" src=\"https:\/\/www.hotelandy.com\/wp-content\/uploads\/2019\/07\/wellness-hallenbad2-1920x540.jpg\" alt=\"\" class=\"wp-image-11396\" title=\"\"><\/figure>\n<\/div>\n\n\n\n<div style=\"height:20px\" aria-hidden=\"true\" class=\"wp-block-spacer\"><\/div>\n\n\n\n<div class=\"wp-block-group is-layout-constrained wp-block-group-is-layout-constrained\">\n<h3 class=\"wp-block-heading has-text-align-center\">Familienfreundliche Wellness und Erholung<\/h3>\n\n\n\n<p>Im Andy Hotel Apartment Wellness genie\u00dfen G\u00e4ste h\u00f6chsten Komfort mit allen Annehmlichkeiten eines gehobenen Hotels mit gro\u00dfz\u00fcgigem Wellnessbereich auf 1500m\u00b2: Belebendes Wasser, wohlige warme&nbsp;<a href=\"https:\/\/www.hotelandy.com\/wellness-spa-vital\/sauna-und-relax\/\">Saunen<\/a>, kuschelige Ruher\u00e4ume und traumhaft sch\u00f6ne Liegewiesen. Auf die kleinen G\u00e4ste wartet eine eigene Kindersauna und Dampfbad im Schwimmbadbereich und ein gro\u00dfer Kinderspielraum.<\/p>\n\n\n\n<div class=\"wp-block-group text-center is-layout-constrained wp-block-group-is-layout-constrained\">\n<a class=\"btn btn-primary\" href=\"https:\/\/www.hotelandy.com\/wellness-spa-vital\/\" role=\"button\">Wellness &amp; Spa<\/a>\n<\/div>\n<\/div>\n\n\n\n<div style=\"height:40px\" aria-hidden=\"true\" class=\"wp-block-spacer\"><\/div>\n\n\n\n<div class=\"wp-block-group is-layout-constrained wp-block-group-is-layout-constrained\">\n<figure class=\"wp-block-image size-slide\"><img loading=\"lazy\" decoding=\"async\" width=\"1920\" height=\"540\" src=\"https:\/\/www.hotelandy.com\/wp-content\/uploads\/2019\/01\/winter-familienskigebiet_hochzeiger-2-1920x540.jpg\" alt=\"\" class=\"wp-image-10342\" title=\"\"><\/figure>\n<\/div>\n\n\n\n<div style=\"height:20px\" aria-hidden=\"true\" class=\"wp-block-spacer\"><\/div>\n\n\n\n<div class=\"wp-block-group is-layout-constrained wp-block-group-is-layout-constrained\">\n<h3 class=\"wp-block-heading has-text-align-center\">Winter- und Skiurlaub f\u00fcr Familien<\/h3>\n\n\n\n<p>Das Andy Hotel Apartment Wellness liegt direkt an der Talstation des Familien-Skigebiets Hochzeiger. Kleine G\u00e4ste werden im Ski-Kindergarten liebevoll betreut und lernen spielerisch Skifahren, die Teenies \u00fcben Jumps im Snowpark und die Erwachsenen carven entspannt die Pisten hinunter. Auch abseits der Pisten zeigt sich der Winter von seiner sch\u00f6nsten Seite: zu Fu\u00df oder auf Schneeschuhen die zauberhafte Schneelandschaft erkunden, am Eislaufplatz Pirouetten drehen oder eine lustige Rodelpartie unternehmen.<\/p>\n\n\n\n<div class=\"wp-block-group text-center is-layout-constrained wp-block-group-is-layout-constrained\">\n<a class=\"btn btn-primary\" href=\"https:\/\/www.hotelandy.com\/de\/familienskiurlaub-tirol\/\" role=\"button\">Familien Ski &amp; Winterurlaub<\/a>\n<\/div>\n<\/div>\n\n\n\n<div style=\"height:40px\" aria-hidden=\"true\" class=\"wp-block-spacer\"><\/div>\n\n\n\n<div class=\"wp-block-group is-layout-constrained wp-block-group-is-layout-constrained\">\n<figure class=\"wp-block-image size-slide\"><img loading=\"lazy\" decoding=\"async\" width=\"1920\" height=\"540\" src=\"https:\/\/www.hotelandy.com\/wp-content\/uploads\/2020\/04\/pitztal_xp-abenteuerpark-hochseilgarten1-1920x540.jpg\" alt=\"\" class=\"wp-image-12209\" title=\"\"><\/figure>\n<\/div>\n\n\n\n<div style=\"height:20px\" aria-hidden=\"true\" class=\"wp-block-spacer\"><\/div>\n\n\n\n<div class=\"wp-block-group is-layout-constrained wp-block-group-is-layout-constrained\">\n<h3 class=\"wp-block-heading has-text-align-center\">Bergsommer-Erlebnisse f\u00fcr Familien<\/h3>\n\n\n\n<p>Der Berg ruft! Im Sommer verwandelt sich der Hochzeiger in ein Natur- und Abenteuerparadies f\u00fcr die ganze Familie. Berge soweit das Auge reicht und jede Menge Hits f\u00fcr Gro\u00df und Klein: ZirbenPark Erlebnisweg, XP Abenteuerpark, Naturparkhaus Kaunergrat, spannende Familien-Wanderungen und Ausfl\u00fcge und nat\u00fcrlich unz\u00e4hlige Sportm\u00f6glichkeiten. Mit der&nbsp;<a href=\"https:\/\/www.hotelandy.com\/sommerurlaub-pitztal-tirol\/\">Pitztal Sommer Card<\/a>, die bei allen Buchungen inklusive ist, erhalten unsere G\u00e4ste jeden Tag freien Zutritt zu den Attraktionen des Pitztals und seiner Umgebung.<\/p>\n\n\n\n<div class=\"wp-block-group text-center is-layout-constrained wp-block-group-is-layout-constrained\">\n<a class=\"btn btn-primary\" href=\"https:\/\/www.hotelandy.com\/sommerurlaub-pitztal-tirol\/familienurlaub-kinder\/\" role=\"button\">Familien Bergsommer<\/a>\n<\/div>\n<\/div>\n\n\n\n<div style=\"height:20px\" aria-hidden=\"true\" class=\"wp-block-spacer\"><\/div>\n\n\n\n<div style=\"height:20px\" aria-hidden=\"true\" class=\"wp-block-spacer\"><\/div>\n","protected":false},"excerpt":{"rendered":"<p>Familienurlaub mit Kindern Unsere Art. Familienleben.&nbsp;Urlaub f\u00fcr alle Generationen. Urlaub ist die sch\u00f6nste Zeit im Jahr! Endlich ausschlafen, Zeit mit der Familie verbringen, Neues erkunden oder einfach mal ausspannen. Die Gro\u00dfeltern, Onkel, Tanten oder Freunde reisen auch mit? Wir haben Platz und Freiraum f\u00fcr gro\u00dfe Familien- und Freundesgruppen. Denn im Andy Hotel Apartment Wellness lassen [&hellip;]<\/p>\n","protected":false},"author":1007,"featured_media":10326,"parent":0,"menu_order":11,"comment_status":"closed","ping_status":"closed","template":"","meta":{"footnotes":""},"position":[],"class_list":["post-11925","page","type-page","status-publish","has-post-thumbnail","hentry"],"meta_box":{"attachment":[],"dreisechzig":""},"_links":{"self":[{"href":"https:\/\/www.hotelandy.com\/de\/wp-json\/wp\/v2\/pages\/11925","targetHints":{"allow":["GET"]}}],"collection":[{"href":"https:\/\/www.hotelandy.com\/de\/wp-json\/wp\/v2\/pages"}],"about":[{"href":"https:\/\/www.hotelandy.com\/de\/wp-json\/wp\/v2\/types\/page"}],"author":[{"embeddable":true,"href":"https:\/\/www.hotelandy.com\/de\/wp-json\/wp\/v2\/users\/1007"}],"replies":[{"embeddable":true,"href":"https:\/\/www.hotelandy.com\/de\/wp-json\/wp\/v2\/comments?post=11925"}],"version-history":[{"count":0,"href":"https:\/\/www.hotelandy.com\/de\/wp-json\/wp\/v2\/pages\/11925\/revisions"}],"wp:featuredmedia":[{"embeddable":true,"href":"https:\/\/www.hotelandy.com\/de\/wp-json\/wp\/v2\/media\/10326"}],"wp:attachment":[{"href":"https:\/\/www.hotelandy.com\/de\/wp-json\/wp\/v2\/media?parent=11925"}],"wp:term":[{"taxonomy":"position","embeddable":true,"href":"https:\/\/www.hotelandy.com\/de\/wp-json\/wp\/v2\/position?post=11925"}],"curies":[{"name":"wp","href":"https:\/\/api.w.org\/{rel}","templated":true}]}}