{"id":120,"date":"2012-05-08T16:20:29","date_gmt":"2012-05-08T14:20:29","guid":{"rendered":"\/\/www.hotelandy.com\/?page_id=120"},"modified":"2025-04-27T14:14:19","modified_gmt":"2025-04-27T12:14:19","slug":"sommerurlaub-pitztal-tirol","status":"publish","type":"page","link":"https:\/\/www.hotelandy.com\/de\/sommerurlaub-pitztal-tirol\/","title":{"rendered":"Sommer"},"content":{"rendered":"\n<div class=\"wp-block-group is-layout-constrained wp-block-group-is-layout-constrained\">\n<h1 class=\"wp-block-heading has-text-align-center\">Sommerurlaub im Pitztal<\/h1>\n\n\n\n<h2 class=\"wp-block-heading has-text-align-center\">Erfrischende Auszeit: Strahlen Sie mit der Sonne um die Wette!<\/h2>\n\n\n\n<div style=\"height:20px\" aria-hidden=\"true\" class=\"wp-block-spacer\"><\/div>\n\n\n\n<p>Jerzens im Pitztal? Der Berg ruft! Sommer im Pitztal ist wohl das h\u00f6chste der Gef\u00fchle. Das hat einerseits mit der Seeh\u00f6he von Jerzens auf 1.500 Metern zu tun, aber auch mit der Vielfalt an Sport- und Unterhaltungsm\u00f6glichkeiten die der Pitztaler Sommer allen Wanderfreudigen und Naturverbundenen bietet. Sommerurlaub im Pitztal schenkt Ihnen Berge voller M\u00f6glichkeiten!<\/p>\n<\/div>\n\n\n\n<div style=\"height:40px\" aria-hidden=\"true\" class=\"wp-block-spacer\"><\/div>\n\n\n\n<div class=\"wp-block-group is-layout-constrained wp-block-group-is-layout-constrained\">\n<figure class=\"wp-block-video\"><video controls src=\"https:\/\/www.hotelandy.com\/wp-content\/uploads\/2018\/09\/pitztal_sommer_card.mp4\"><\/video><\/figure>\n<\/div>\n\n\n\n<div style=\"height:40px\" aria-hidden=\"true\" class=\"wp-block-spacer\"><\/div>\n\n\n\n<div class=\"wp-block-group is-layout-constrained wp-block-group-is-layout-constrained\">\n<figure class=\"wp-block-image size-slide\"><img loading=\"lazy\" decoding=\"async\" width=\"1920\" height=\"540\" src=\"https:\/\/www.hotelandy.com\/wp-content\/uploads\/2017\/06\/einzelfahrten-hochzeiger-sommer-sechszeiger-see-1920x540.jpg\" alt=\"\" class=\"wp-image-8856\" title=\"\"><\/figure>\n<\/div>\n\n\n\n<div style=\"height:20px\" aria-hidden=\"true\" class=\"wp-block-spacer\"><\/div>\n\n\n\n<div class=\"wp-block-group is-layout-constrained wp-block-group-is-layout-constrained\">\n<h2 class=\"wp-block-heading has-text-align-center\">Ihre Poleposition f\u00fcr bergeweise Abenteuer in Tirol<\/h2>\n\n\n\n<p>Das Hotel Apartment Wellness Andy liegt direkt an der <strong>Talstation des Ski- und Wandergebietes Hochzeiger<\/strong>. Somit starten Sie direkt ins Wanderparadies. Das Besondere daran? Jerzens liegt auf einem sonnendurchfluteten Hochplateau mit imposanter Weitsicht \u00fcber die gesamten Pitztaler Gipfel. Und diese zu entdecken gilt es im Pitztaler Sommerurlaub. Zu Fu\u00df, mit dem Mountainbike, gem\u00fctlich mittels E-Bike oder noch bequemer mit den Bergbahnen.<\/p>\n<\/div>\n\n\n\n<div style=\"height:40px\" aria-hidden=\"true\" class=\"wp-block-spacer\"><\/div>\n\n\n\n<div class=\"wp-block-group is-layout-constrained wp-block-group-is-layout-constrained\">\n<figure class=\"wp-block-image size-slide\"><img loading=\"lazy\" decoding=\"async\" width=\"1920\" height=\"640\" src=\"https:\/\/www.hotelandy.com\/wp-content\/uploads\/2016\/11\/Pitztal-Wandern-Sommer-Gemeindekopf-1920x640.jpg\" alt=\"\" class=\"wp-image-14646\" title=\"\"><\/figure>\n<\/div>\n\n\n\n<div style=\"height:20px\" aria-hidden=\"true\" class=\"wp-block-spacer\"><\/div>\n\n\n\n<div class=\"wp-block-group is-layout-constrained wp-block-group-is-layout-constrained\">\n<h2 class=\"wp-block-heading has-text-align-center\">Wandergebiet Hochzeiger im Pitztal<\/h2>\n\n\n\n<p><strong>100 Kilometer Wanderwege<\/strong>&nbsp;f\u00fchren von Alm zu Alm, \u00fcber Stock und \u00fcber Stein. Vorbei an rauschenden Gebirgsb\u00e4chen und weidenden K\u00fchen, hinauf bis zum Zuhause von Gams und Steinadler. Urige Almh\u00fctten warten mit heimischen Tiroler Schmankerln auf und das verdiente Schnapserl ist schon fast obligatorisch und schmeckt hoch oben noch viel besser!<\/p>\n\n\n\n<p>Hier heroben auf 1.500 Metern haben Pollen keine Chance. Die Bergluft bekommt ihnen nicht, und so k\u00f6nnen Allergiker und Asthmatiker richtig gut durchatmen. Die Tage sind herrlich warm, am Abend deckt man sich gerne zu, und kuschelt sich in die frischen, duftenden Bettlaken des Hotel Apartment Andy.<\/p>\n<\/div>\n\n\n\n<div style=\"height:40px\" aria-hidden=\"true\" class=\"wp-block-spacer\"><\/div>\n\n\n\n<div class=\"wp-block-group alignfull is-layout-constrained wp-block-group-is-layout-constrained\">    <section id=\"s7646\" class=\"section  container-fluid no-gutters static\" style=\"background-image:url(https:\/\/www.hotelandy.com\/wp-content\/uploads\/2017\/06\/einzelfahrten-hochzeiger-sommer-sechszeiger-see-1920x650.jpg); background-color:rgba(0,0,0,0.5); color:#ffffff; background-size:cover; background-position: center center; background-repeat:no-repeat; background-blend-mode: multiply; margin:20px auto; padding-top:0px; padding-bottom:0px;\">\n    <div class=\"container\" style=\"padding-top: 100px; padding-bottom: 100px;\">\n        \n<div class=\"wp-block-group is-layout-constrained wp-block-group-is-layout-constrained\">\n<div class=\"wp-block-columns is-layout-flex wp-container-core-columns-is-layout-9d6595d7 wp-block-columns-is-layout-flex\">\n<div class=\"wp-block-column is-layout-flow wp-block-column-is-layout-flow\"><\/div>\n\n\n\n<div class=\"wp-block-column is-layout-flow wp-block-column-is-layout-flow\">\n<h2 class=\"wp-block-heading has-text-align-center\">Pitztal Sommer Card<\/h2>\n\n\n\n<p>Erleben Sie vom <strong>04.06.2026 bis 18.10.2026<\/strong> jeden Tag\u00a0<strong>freien Zutritt<\/strong>\u00a0zu den Attraktionen des Pitztals und seiner Umgebung. Bei Anreise erhalten Sie Ihre Pitztal Sommer Card von uns und k\u00f6nnen t\u00e4glich (inklusive Anreisetag\u00a0<em>oder<\/em>\u00a0Abreisetag) entweder eine\u00a0<strong>Bergbahn oder den XP Abenteuerpark kostenlos<\/strong>\u00a0in Anspruch nehmen. Zus\u00e4tzlich erhalten Sie t\u00e4glich Zutritt zu den anderen Leistungspartnern wie Museen, Badesee, Kletterhalle, Boulderstadl und Steinbockzentrum und fahren t\u00e4glich kostenlos mit dem\u00a0<strong>\u00f6ffentlichen Bus<\/strong>\u00a0im Pitztal.<\/p>\n\n\n\n<div class=\"wp-block-group text-center is-layout-flow wp-block-group-is-layout-flow\">\n<a class=\"btn btn-primary\" href=\"https:\/\/www.pitztal.com\/de\/sommer\/preise\/pitztal-sommer-card\" target=\"_blank\" role=\"button\" rel=\"noopener noreferrer\">Mehr erfahren<\/a>\n<\/div>\n<\/div>\n<\/div>\n<\/div>\n\n\n\n<p><\/p>\n\n    <\/div>\n    <\/section>\n\n<\/div>\n\n\n\n<div style=\"height:40px\" aria-hidden=\"true\" class=\"wp-block-spacer\"><\/div>\n\n\n\n<div class=\"wp-block-group is-layout-constrained wp-block-group-is-layout-constrained\">\n<figure class=\"wp-block-image size-slide\"><img loading=\"lazy\" decoding=\"async\" width=\"1920\" height=\"540\" src=\"https:\/\/www.hotelandy.com\/wp-content\/uploads\/2019\/07\/wellness-aussenpool2-1920x540.jpg\" alt=\"\" class=\"wp-image-11360\" title=\"\"><\/figure>\n<\/div>\n\n\n\n<div style=\"height:20px\" aria-hidden=\"true\" class=\"wp-block-spacer\"><\/div>\n\n\n\n<div class=\"wp-block-group is-layout-constrained wp-block-group-is-layout-constrained\">\n<h3 class=\"wp-block-heading has-text-align-center\">Der Gipfel des Genusses? Sommer in den Tiroler Bergen!<\/h3>\n\n\n\n<p>Sommerurlaub im Pitztal bedeutet jedoch weit mehr als Wandern und Bergsteigen. Attraktive Running-Strecken f\u00fcr L\u00e4ufer und Nordic Walking-Fans, Klettern, Reiten, Trekking, Bogenschie\u00dfen, Tennis spielen, sich im frischen Wasser eines Bergsees abk\u00fchlen oder gar den eigenen Fisch angeln. Adrenalinjunkies toben sich beim Raften, Canyoning, Bungee Jumpen oder Paragleiten aus.<\/p>\n\n\n\n<p>Und wer&#8217;s gem\u00fctlich mag, bleibt einfach im Hotel Apartment Andy. Sich im Liegestuhl von der Sonne w\u00e4rmen lassen tut so gut!&nbsp;Genie\u00dfen Sie das angenehme Prickeln des warmen Wassers im <strong>Au\u00dfenwhirlpool<\/strong> und lassen Sie die Seele baumeln!<\/p>\n<\/div>\n\n\n\n<div style=\"height:40px\" aria-hidden=\"true\" class=\"wp-block-spacer\"><\/div>\n\n\n    <section id=\"s12562\" class=\"section  container-fluid no-gutters static\" style=\"background-image:url(); background-color:transparent; color:inherit; background-size:cover; background-position: center center; background-repeat:no-repeat; background-blend-mode: inherit; margin:0px auto; padding-top:0px; padding-bottom:0px;\">\n    <div class=\"container\" style=\"padding-top: 0px; padding-bottom: 0px;\">\n        \n<div class=\"wp-block-group alignfull is-layout-constrained wp-block-group-is-layout-constrained\">\n<div class=\"wp-block-jetpack-layout-grid column1-desktop-grid__span-2 column1-desktop-grid__row-1 column2-desktop-grid__span-4 column2-desktop-grid__start-3 column2-desktop-grid__row-1 column3-desktop-grid__span-4 column3-desktop-grid__start-7 column3-desktop-grid__row-1 column4-desktop-grid__span-2 column4-desktop-grid__start-11 column4-desktop-grid__row-1 column1-tablet-grid__span-4 column1-tablet-grid__row-1 column2-tablet-grid__span-4 column2-tablet-grid__start-5 column2-tablet-grid__row-1 column3-tablet-grid__span-4 column3-tablet-grid__row-2 column4-tablet-grid__span-4 column4-tablet-grid__start-5 column4-tablet-grid__row-2 column1-mobile-grid__span-4 column1-mobile-grid__row-1 column2-mobile-grid__span-4 column2-mobile-grid__row-2 column3-mobile-grid__span-4 column3-mobile-grid__row-3 column4-mobile-grid__span-4 column4-mobile-grid__row-4 are-vertically-aligned-center wp-block-jetpack-layout-gutter__small\">\n<div class=\"wp-block-jetpack-layout-grid-column wp-block-jetpack-layout-grid__padding-none is-vertically-aligned-center\">\n<p><\/p>\n<\/div>\n\n\n\n<div class=\"wp-block-jetpack-layout-grid-column wp-block-jetpack-layout-grid__padding-none is-vertically-aligned-center\">\n<div class=\"wp-block-cover\" style=\"min-height:50vh;aspect-ratio:unset;\"><span aria-hidden=\"true\" class=\"wp-block-cover__background has-background-dim-0 has-background-dim\" style=\"background-color:#111111\"><\/span><img loading=\"lazy\" decoding=\"async\" width=\"1920\" height=\"1080\" class=\"wp-block-cover__image-background wp-image-12755\" alt=\"\" src=\"https:\/\/www.hotelandy.com\/wp-content\/uploads\/2021\/01\/familie-sommer-zirbenpark_hochzeiger.jpg\" data-object-fit=\"cover\" title=\"\"><div class=\"wp-block-cover__inner-container is-layout-flow wp-block-cover-is-layout-flow\">\n<div class=\"wp-block-group text-center is-layout-constrained wp-block-group-is-layout-constrained\">\n<a class=\"btn btn-primary\" href=\"https:\/\/www.hotelandy.com\/de\/sommerurlaub-pitztal-tirol\/familienurlaub-kinder\/\" target=\"_blank\" role=\"button\" rel=\"noopener noreferrer\">Familien-Sommer<\/a>\n<\/div>\n<\/div><\/div>\n<\/div>\n\n\n\n<div class=\"wp-block-jetpack-layout-grid-column wp-block-jetpack-layout-grid__padding-none is-vertically-aligned-center\">\n<div class=\"wp-block-cover\" style=\"min-height:24vh;aspect-ratio:unset;\"><span aria-hidden=\"true\" class=\"wp-block-cover__background has-background-dim-0 has-background-dim\" style=\"background-color:#111111\"><\/span><img loading=\"lazy\" decoding=\"async\" width=\"2362\" height=\"1914\" class=\"wp-block-cover__image-background wp-image-10311\" alt=\"\" src=\"https:\/\/www.hotelandy.com\/wp-content\/uploads\/2013\/01\/Weitsicht_cHochzeiger_Zangerl.jpg\" data-object-fit=\"cover\" title=\"\"><div class=\"wp-block-cover__inner-container is-layout-flow wp-block-cover-is-layout-flow\">\n<div class=\"wp-block-group text-center is-layout-constrained wp-block-group-is-layout-constrained\">\n<a class=\"btn btn-primary\" href=\"https:\/\/www.hotelandy.com\/de\/wandern-hochzeiger-jerzens\/\" target=\"_blank\" role=\"button\" rel=\"noopener noreferrer\">Wanderurlaub<\/a>\n<\/div>\n<\/div><\/div>\n\n\n\n<div style=\"height:1vh\" aria-hidden=\"true\" class=\"wp-block-spacer\"><\/div>\n\n\n\n<div class=\"wp-block-cover\" style=\"min-height:25vh;aspect-ratio:unset;\"><span aria-hidden=\"true\" class=\"wp-block-cover__background has-background-dim-0 has-background-dim\" style=\"background-color:#111111\"><\/span><img loading=\"lazy\" decoding=\"async\" width=\"2560\" height=\"1748\" class=\"wp-block-cover__image-background wp-image-7985\" alt=\"\" src=\"https:\/\/www.hotelandy.com\/wp-content\/uploads\/2016\/11\/Sommer_2011_014.jpg\" data-object-fit=\"cover\" title=\"\"><div class=\"wp-block-cover__inner-container is-layout-flow wp-block-cover-is-layout-flow\">\n<div class=\"wp-block-group text-center is-layout-constrained wp-block-group-is-layout-constrained\">\n<a class=\"btn btn-primary\" href=\"https:\/\/www.hotelandy.com\/de\/mountainbiken-hochzeiger-jerzens\/\" target=\"_blank\" role=\"button\" rel=\"noopener noreferrer\">MTB &amp; Radurlaub<\/a>\n<\/div>\n<\/div><\/div>\n<\/div>\n\n\n\n<div class=\"wp-block-jetpack-layout-grid-column wp-block-jetpack-layout-grid__padding-none is-vertically-aligned-center\">\n<p><\/p>\n<\/div>\n<\/div>\n<\/div>\n\n    <\/div>\n    <\/section>\n\n\n\n\n<div style=\"height:50px\" aria-hidden=\"true\" class=\"wp-block-spacer\"><\/div>\n\n\n\n<h2 class=\"wp-block-heading has-text-align-center\">Top Sommer-Angebote<\/h2>\n\n\n\n<div style=\"height:30px\" aria-hidden=\"true\" class=\"wp-block-spacer\"><\/div>\n\n\n\n<div class=\"wp-block-group overflow-hidden is-layout-constrained wp-block-group-is-layout-constrained\"><div class=\"tile-swiper\">\n\t<div class=\"swiper-container swiper tileSwiper tile3624 tile\" data-slider=\"3624\" data-slides-display-desktop=\"2\">\n\t\t<div class=\"swiper-wrapper\">\n\t\t\t\t\t\t\t<div class=\"swiper-slide h-auto align-items-stretch slide-wrapper\">\n\t\t\t\t\t<div class=\"card angebote mb-2 w-100 h-100\" itemprop=\"offers\" itemscope itemtype=\"http:\/\/schema.org\/Offer\">\n    <div class=\"card-image\">\n        <a href=\"https:\/\/www.hotelandy.com\/de\/angebote\/rundum-versorgt-berge-wellness-abendessen\/\">\n            <img loading=\"lazy\" decoding=\"async\" src=\"https:\/\/www.hotelandy.com\/wp-content\/uploads\/2024\/06\/DSC1828-scaled-e1718652783227-640x360.jpg\" alt=\"\" class=\"w-100 img-fluid\" width=\"640\" height=\"360\" title=\"\">\n                    <\/a>\n    <\/div>\n    <div class=\"card-body bg-transparent\">\n        <p class=\"card-text text-center text-muted small\">26.06.2026 - 17.10.2026<\/p>\n        <h2 class=\"card-title text-center\"><a itemprop=\"url\" href=\"https:\/\/www.hotelandy.com\/de\/angebote\/rundum-versorgt-berge-wellness-abendessen\/\"><span itemprop=\"name\">Rundum versorgt. &#8211; Berge. Wellness. Abendessen.<\/span><\/a><\/h2>\n        <p class=\"card-text description text-center\"><a href=\"https:\/\/www.hotelandy.com\/de\/angebote\/rundum-versorgt-berge-wellness-abendessen\/\"><span itemprop=\"description\">3 N\u00e4chte inklusive Fr\u00fchst\u00fcck, 1500m\u00b2 SPA, 2x 3-Gang Men\u00fc Abendessen zu zweit<\/span><\/a>\n        <\/p>\n    <\/div>\n    <div class=\"card-footer bg-transparent border-0\">\n        <div class=\"preisart text-center\">Gesamtpreis ab<\/div>\n        <h3 class=\"preis text-center pt-2\"><strong>\n                                <a href=\"https:\/\/www.hotelandy.com\/de\/angebote\/rundum-versorgt-berge-wellness-abendessen\/\">\n                                        <span itemprop=\"priceCurrency\" content=\"EUR\" class=\"euro\"> \u20ac <\/span><span itemprop=\"price\"\n                        content=\"585\" class=\"preisab\">585<\/span>\n                                                        <\/a>\n                            <\/strong><\/h3>\n    <\/div>\n    <div class=\"card-footer bg-transparent border-0 p-0\">\n        <div class=\"btn-group w-100\">\n            \n            <a class=\"btn btn-secondary anfrage pfeil m-0\" href=\"https:\/\/www.hotelandy.com\/de\/angebote\/rundum-versorgt-berge-wellness-abendessen\/\">Details<\/a>\n        <\/div>\n    <\/div>\n<\/div>\t\t\t\t<\/div>\n\t\t\t\t\t\t\t<div class=\"swiper-slide h-auto align-items-stretch slide-wrapper\">\n\t\t\t\t\t<div class=\"card angebote mb-2 w-100 h-100\" itemprop=\"offers\" itemscope itemtype=\"http:\/\/schema.org\/Offer\">\n    <div class=\"card-image\">\n        <a href=\"https:\/\/www.hotelandy.com\/de\/angebote\/wandern-wellness-auszeit-im-pitztal-31-gratis\/\">\n            <img loading=\"lazy\" decoding=\"async\" src=\"https:\/\/www.hotelandy.com\/wp-content\/uploads\/2025\/04\/16-640x360.jpg\" alt=\"\" class=\"w-100 img-fluid\" width=\"640\" height=\"360\" title=\"\">\n                        <div class=\"promotionlabel\">3+1 Nacht gratis<\/div>\n                    <\/a>\n    <\/div>\n    <div class=\"card-body bg-transparent\">\n        <p class=\"card-text text-center text-muted small\">26.06.2026 - 17.10.2026<\/p>\n        <h2 class=\"card-title text-center\"><a itemprop=\"url\" href=\"https:\/\/www.hotelandy.com\/de\/angebote\/wandern-wellness-auszeit-im-pitztal-31-gratis\/\"><span itemprop=\"name\">Wandern und Wellness. Auszeit im Pitztal. \u2013 3+1 gratis.<\/span><\/a><\/h2>\n        <p class=\"card-text description text-center\"><a href=\"https:\/\/www.hotelandy.com\/de\/angebote\/wandern-wellness-auszeit-im-pitztal-31-gratis\/\"><span itemprop=\"description\">4 N\u00e4chte (3+1 gratis) inkl. Fr\u00fchst\u00fccksbuffet, Wellnessnutzung bis 19:00 Uhr am Abreisetag<\/span><\/a>\n        <\/p>\n    <\/div>\n    <div class=\"card-footer bg-transparent border-0\">\n        <div class=\"preisart text-center\">Gesamtpreis ab<\/div>\n        <h3 class=\"preis text-center pt-2\"><strong>\n                                <a href=\"https:\/\/www.hotelandy.com\/de\/angebote\/wandern-wellness-auszeit-im-pitztal-31-gratis\/\">\n                                        <span itemprop=\"priceCurrency\" content=\"EUR\" class=\"euro\"> \u20ac <\/span><span itemprop=\"price\"\n                        content=\"525\" class=\"preisab\">525<\/span>\n                                                        <\/a>\n                            <\/strong><\/h3>\n    <\/div>\n    <div class=\"card-footer bg-transparent border-0 p-0\">\n        <div class=\"btn-group w-100\">\n            \n            <a class=\"btn btn-secondary anfrage pfeil m-0\" href=\"https:\/\/www.hotelandy.com\/de\/angebote\/wandern-wellness-auszeit-im-pitztal-31-gratis\/\">Details<\/a>\n        <\/div>\n    <\/div>\n<\/div>\t\t\t\t<\/div>\n\t\t\t\t\t\t\t<div class=\"swiper-slide h-auto align-items-stretch slide-wrapper\">\n\t\t\t\t\t<div class=\"card angebote mb-2 w-100 h-100\" itemprop=\"offers\" itemscope itemtype=\"http:\/\/schema.org\/Offer\">\n    <div class=\"card-image\">\n        <a href=\"https:\/\/www.hotelandy.com\/de\/angebote\/wanderurlaub-pitztal-tirol\/\">\n            <img loading=\"lazy\" decoding=\"async\" src=\"https:\/\/www.hotelandy.com\/wp-content\/uploads\/2025\/04\/Document-NameMG1302b-640x360.jpg\" alt=\"\" class=\"w-100 img-fluid\" width=\"640\" height=\"360\" title=\"\">\n                    <\/a>\n    <\/div>\n    <div class=\"card-body bg-transparent\">\n        <p class=\"card-text text-center text-muted small\">26.06.2026 - 17.10.2026<\/p>\n        <h2 class=\"card-title text-center\"><a itemprop=\"url\" href=\"https:\/\/www.hotelandy.com\/de\/angebote\/wanderurlaub-pitztal-tirol\/\"><span itemprop=\"name\">Der Berg ruft. &#8211; Wir gehen wandern im Pitztal.<\/span><\/a><\/h2>\n        <p class=\"card-text description text-center\"><a href=\"https:\/\/www.hotelandy.com\/de\/angebote\/wanderurlaub-pitztal-tirol\/\"><span itemprop=\"description\">3 N\u00e4chte inkl. Fr\u00fchst\u00fcck, Pitztal Sommercard, 1 gef\u00fchrte Wanderung, 1 Picknick-Rucksack<\/span><\/a>\n        <\/p>\n    <\/div>\n    <div class=\"card-footer bg-transparent border-0\">\n        <div class=\"preisart text-center\">Gesamtpreis ab<\/div>\n        <h3 class=\"preis text-center pt-2\"><strong>\n                                <a href=\"https:\/\/www.hotelandy.com\/de\/angebote\/wanderurlaub-pitztal-tirol\/\">\n                                        <span itemprop=\"priceCurrency\" content=\"EUR\" class=\"euro\"> \u20ac <\/span><span itemprop=\"price\"\n                        content=\"525\" class=\"preisab\">525<\/span>\n                                                        <\/a>\n                            <\/strong><\/h3>\n    <\/div>\n    <div class=\"card-footer bg-transparent border-0 p-0\">\n        <div class=\"btn-group w-100\">\n            \n            <a class=\"btn btn-secondary anfrage pfeil m-0\" href=\"https:\/\/www.hotelandy.com\/de\/angebote\/wanderurlaub-pitztal-tirol\/\">Details<\/a>\n        <\/div>\n    <\/div>\n<\/div>\t\t\t\t<\/div>\n\t\t\t\t\t\t\t<div class=\"swiper-slide h-auto align-items-stretch slide-wrapper\">\n\t\t\t\t\t<div class=\"card angebote mb-2 w-100 h-100\" itemprop=\"offers\" itemscope itemtype=\"http:\/\/schema.org\/Offer\">\n    <div class=\"card-image\">\n        <a href=\"https:\/\/www.hotelandy.com\/de\/angebote\/pitztal-sommerurlaub-wandervergnuegen-fuer-die-ganze-familie\/\">\n            <img loading=\"lazy\" decoding=\"async\" src=\"https:\/\/www.hotelandy.com\/wp-content\/uploads\/2025\/04\/TVBPitztal_758392-Kopie-640x360.jpg\" alt=\"\" class=\"w-100 img-fluid\" width=\"640\" height=\"360\" title=\"\">\n                    <\/a>\n    <\/div>\n    <div class=\"card-body bg-transparent\">\n        <p class=\"card-text text-center text-muted small\">26.06.2026 - 17.10.2026<\/p>\n        <h2 class=\"card-title text-center\"><a itemprop=\"url\" href=\"https:\/\/www.hotelandy.com\/de\/angebote\/pitztal-sommerurlaub-wandervergnuegen-fuer-die-ganze-familie\/\"><span itemprop=\"name\">Pitztal Sommerurlaub: Wandervergn\u00fcgen f\u00fcr die ganze Familie<\/span><\/a><\/h2>\n        <p class=\"card-text description text-center\"><a href=\"https:\/\/www.hotelandy.com\/de\/angebote\/pitztal-sommerurlaub-wandervergnuegen-fuer-die-ganze-familie\/\"><span itemprop=\"description\">4 N\u00e4chte inklusive Fr\u00fchst\u00fcck, bis zu 2 Kinder bis 14 Jahre kostenfrei <\/span><\/a>\n        <\/p>\n    <\/div>\n    <div class=\"card-footer bg-transparent border-0\">\n        <div class=\"preisart text-center\">Gesamtpreis ab<\/div>\n        <h3 class=\"preis text-center pt-2\"><strong>\n                                <a href=\"https:\/\/www.hotelandy.com\/de\/angebote\/pitztal-sommerurlaub-wandervergnuegen-fuer-die-ganze-familie\/\">\n                                        <span itemprop=\"priceCurrency\" content=\"EUR\" class=\"euro\"> \u20ac <\/span><span itemprop=\"price\"\n                        content=\"715\" class=\"preisab\">715<\/span>\n                                                        <\/a>\n                            <\/strong><\/h3>\n    <\/div>\n    <div class=\"card-footer bg-transparent border-0 p-0\">\n        <div class=\"btn-group w-100\">\n            \n            <a class=\"btn btn-secondary anfrage pfeil m-0\" href=\"https:\/\/www.hotelandy.com\/de\/angebote\/pitztal-sommerurlaub-wandervergnuegen-fuer-die-ganze-familie\/\">Details<\/a>\n        <\/div>\n    <\/div>\n<\/div>\t\t\t\t<\/div>\n\t\t\t\t\t<\/div>\n\t\t<div class=\"swiper-button-prev tile-arrow-prev-3624\"><\/div>\n\t\t<div class=\"swiper-button-next tile-arrow-next-3624\"><\/div>\n        <div class=\"swiper-pagination-3624 text-center\"><\/div>\n\t<\/div>\n<\/div>\n\n<\/div>\n\n\n\n<div style=\"height:30px\" aria-hidden=\"true\" class=\"wp-block-spacer\"><\/div>\n","protected":false},"excerpt":{"rendered":"<p>Sommerurlaub im Pitztal Erfrischende Auszeit: Strahlen Sie mit der Sonne um die Wette! Jerzens im Pitztal? Der Berg ruft! Sommer im Pitztal ist wohl das h\u00f6chste der Gef\u00fchle. Das hat einerseits mit der Seeh\u00f6he von Jerzens auf 1.500 Metern zu tun, aber auch mit der Vielfalt an Sport- und Unterhaltungsm\u00f6glichkeiten die der Pitztaler Sommer allen [&hellip;]<\/p>\n","protected":false},"author":1007,"featured_media":20120,"parent":0,"menu_order":83,"comment_status":"closed","ping_status":"closed","template":"","meta":{"footnotes":""},"position":[],"class_list":["post-120","page","type-page","status-publish","has-post-thumbnail","hentry"],"meta_box":{"attachment":[],"dreisechzig":""},"_links":{"self":[{"href":"https:\/\/www.hotelandy.com\/de\/wp-json\/wp\/v2\/pages\/120","targetHints":{"allow":["GET"]}}],"collection":[{"href":"https:\/\/www.hotelandy.com\/de\/wp-json\/wp\/v2\/pages"}],"about":[{"href":"https:\/\/www.hotelandy.com\/de\/wp-json\/wp\/v2\/types\/page"}],"author":[{"embeddable":true,"href":"https:\/\/www.hotelandy.com\/de\/wp-json\/wp\/v2\/users\/1007"}],"replies":[{"embeddable":true,"href":"https:\/\/www.hotelandy.com\/de\/wp-json\/wp\/v2\/comments?post=120"}],"version-history":[{"count":0,"href":"https:\/\/www.hotelandy.com\/de\/wp-json\/wp\/v2\/pages\/120\/revisions"}],"wp:featuredmedia":[{"embeddable":true,"href":"https:\/\/www.hotelandy.com\/de\/wp-json\/wp\/v2\/media\/20120"}],"wp:attachment":[{"href":"https:\/\/www.hotelandy.com\/de\/wp-json\/wp\/v2\/media?parent=120"}],"wp:term":[{"taxonomy":"position","embeddable":true,"href":"https:\/\/www.hotelandy.com\/de\/wp-json\/wp\/v2\/position?post=120"}],"curies":[{"name":"wp","href":"https:\/\/api.w.org\/{rel}","templated":true}]}}