{"id":12150,"date":"2020-03-09T16:00:25","date_gmt":"2020-03-09T15:00:25","guid":{"rendered":"https:\/\/www.hotelandy.com\/?page_id=12150"},"modified":"2022-06-10T12:07:59","modified_gmt":"2022-06-10T10:07:59","slug":"bonus-club","status":"publish","type":"page","link":"https:\/\/www.hotelandy.com\/de\/bonus-club\/","title":{"rendered":"Bonus Club"},"content":{"rendered":"\n<h1 class=\"has-text-align-center wp-block-heading\">Andy Bonus Club<\/h1>\n\n\n\n<p class=\"has-text-align-center\">Herzlich Willkommen im <strong>ANDY <\/strong><b>Bonus Club.<br><\/b>Genie\u00dfen Sie unseren exklusiven Service als Dankesch\u00f6n f\u00fcr Ihre Treue.<br>Melden Sie sich hier an:<\/p>\n\n\n\n<div id=\"kunleisys-loginbox\"><\/div>\n<script type=\"text\/javascript\" src=\"https:\/\/my.guestclub.net\/widget\/loginbox\/9AC4AC15-3AD7-C65D-791A-1092777DE309\/language=de\"><\/script>\n","protected":false},"excerpt":{"rendered":"<p>Andy Bonus Club Herzlich Willkommen im ANDY Bonus Club.Genie\u00dfen Sie unseren exklusiven Service als Dankesch\u00f6n f\u00fcr Ihre Treue.Melden Sie sich hier an:<\/p>\n","protected":false},"author":1007,"featured_media":10296,"parent":0,"menu_order":9,"comment_status":"closed","ping_status":"closed","template":"","meta":{"footnotes":""},"position":[],"class_list":["post-12150","page","type-page","status-publish","has-post-thumbnail","hentry"],"meta_box":{"attachment":[],"dreisechzig":""},"_links":{"self":[{"href":"https:\/\/www.hotelandy.com\/de\/wp-json\/wp\/v2\/pages\/12150","targetHints":{"allow":["GET"]}}],"collection":[{"href":"https:\/\/www.hotelandy.com\/de\/wp-json\/wp\/v2\/pages"}],"about":[{"href":"https:\/\/www.hotelandy.com\/de\/wp-json\/wp\/v2\/types\/page"}],"author":[{"embeddable":true,"href":"https:\/\/www.hotelandy.com\/de\/wp-json\/wp\/v2\/users\/1007"}],"replies":[{"embeddable":true,"href":"https:\/\/www.hotelandy.com\/de\/wp-json\/wp\/v2\/comments?post=12150"}],"version-history":[{"count":0,"href":"https:\/\/www.hotelandy.com\/de\/wp-json\/wp\/v2\/pages\/12150\/revisions"}],"wp:featuredmedia":[{"embeddable":true,"href":"https:\/\/www.hotelandy.com\/de\/wp-json\/wp\/v2\/media\/10296"}],"wp:attachment":[{"href":"https:\/\/www.hotelandy.com\/de\/wp-json\/wp\/v2\/media?parent=12150"}],"wp:term":[{"taxonomy":"position","embeddable":true,"href":"https:\/\/www.hotelandy.com\/de\/wp-json\/wp\/v2\/position?post=12150"}],"curies":[{"name":"wp","href":"https:\/\/api.w.org\/{rel}","templated":true}]}}