{"id":123,"date":"2012-05-08T16:20:56","date_gmt":"2012-05-08T14:20:56","guid":{"rendered":"\/\/www.hotelandy.com\/?page_id=123"},"modified":"2023-09-21T10:46:52","modified_gmt":"2023-09-21T08:46:52","slug":"winterurlaub-pitztal-tirol","status":"publish","type":"page","link":"https:\/\/www.hotelandy.com\/de\/winterurlaub-pitztal-tirol\/","title":{"rendered":"Winter"},"content":{"rendered":"\n<h1 class=\"wp-block-heading has-text-align-center\">Winterurlaub im Pitztal<\/h1>\n\n\n\n<div class=\"wp-block-group is-layout-constrained wp-block-group-is-layout-constrained\">\n<h2 class=\"wp-block-heading has-text-align-center\">Entspannt durchatmen: Ihre Poleposition f\u00fcr Pistengaudi pur<\/h2>\n\n\n\n<p><strong>Jerzens in Tirol: Ein M\u00e4rchen in Wei\u00df.&nbsp;<\/strong>Funkelnde Schneekristalle, die Sonne l\u00e4chelt vom strahlend blauen Himmel, der Atem dampft. An das warme Holz der Almh\u00fctte gelehnt, sorgt die <strong>frische Bergluft<\/strong> f\u00fcr ein angenehmes Prickeln auf der Haut. So f\u00fchlt es sich an, wenn Sie sich in Ihrem Winterurlaub hier in Jerzens eine verdiente Auszeit vom aktiven Spa\u00df auf den Pisten g\u00f6nnen.<\/p>\n<\/div>\n\n\n\n<div style=\"height:40px\" aria-hidden=\"true\" class=\"wp-block-spacer\"><\/div>\n\n\n\n<div class=\"wp-block-group is-layout-constrained wp-block-group-is-layout-constrained\">\n<figure class=\"wp-block-image size-large\"><img loading=\"lazy\" decoding=\"async\" width=\"1280\" height=\"720\" src=\"https:\/\/www.hotelandy.com\/wp-content\/uploads\/2019\/01\/winter-familienskigebiet_hochzeiger-1280x720.jpg\" alt=\"\" class=\"wp-image-10349\" title=\"\"><\/figure>\n<\/div>\n\n\n\n<div style=\"height:20px\" aria-hidden=\"true\" class=\"wp-block-spacer\"><\/div>\n\n\n\n<div class=\"wp-block-group is-layout-constrained wp-block-group-is-layout-constrained\">\n<h3 class=\"wp-block-heading has-text-align-center\">Hoch, h\u00f6her, Hochzeiger \u2013 Skifahren im Pitztal<\/h3>\n\n\n\n<p><strong>In Jerzens starten Sie ab Hotel ins Pistenvergn\u00fcgen.&nbsp;<\/strong>Vor der Hotelt\u00fcre des Andy Hotel Apartment Wellness in Jerzens liegt unser \u201cHausberg\u201d, das&nbsp;<strong>Skigebiet Hochzeiger<\/strong>&nbsp;mit&nbsp;<strong>54 Pistenkilometern<\/strong>&nbsp;unterschiedlichster Schwierigkeitsgrade. Da ist f\u00fcr jedes Familienmitglied die perfekte Abfahrt dabei.<\/p>\n\n\n\n<p>Und wenn Sie noch nicht so weit sind, dann sind die Profis der&nbsp;<strong>Skischule<\/strong>&nbsp;Hochzeiger-Pitztal zur Stelle um den Kids ab 3 Jahren in Pitzis Skischule spielerisch das Skifahren beizubringen. Im eigenen&nbsp;<strong>Ski-Kindergarten<\/strong>&nbsp;werden Zwerge ab 0 Jahren betreut, damit Eltern mit Babys auch Zeit finden, die Pisten des Hochzeigers hinunter zu wedeln.&nbsp;<\/p>\n<\/div>\n\n\n\n<div style=\"height:40px\" aria-hidden=\"true\" class=\"wp-block-spacer\"><\/div>\n\n\n\n<div class=\"wp-block-group is-layout-constrained wp-block-group-is-layout-constrained\">\n<h2 class=\"wp-block-heading has-text-align-center\">Top Winterangebote<\/h2>\n\n\n\n<div style=\"height:20px\" aria-hidden=\"true\" class=\"wp-block-spacer\"><\/div>\n\n\n\n<div class=\"wp-block-group overflow-hidden is-layout-constrained wp-block-group-is-layout-constrained\"><div class=\"tile-swiper\">\n\t<div class=\"swiper-container swiper tileSwiper tile84803 tile\" data-slider=\"84803\" data-slides-display-desktop=\"2\">\n\t\t<div class=\"swiper-wrapper\">\n\t\t\t\t\t<\/div>\n\t\t<div class=\"swiper-button-prev tile-arrow-prev-84803\"><\/div>\n\t\t<div class=\"swiper-button-next tile-arrow-next-84803\"><\/div>\n        <div class=\"swiper-pagination-84803 text-center\"><\/div>\n\t<\/div>\n<\/div>\n\n<\/div>\n<\/div>\n\n\n\n<div style=\"height:40px\" aria-hidden=\"true\" class=\"wp-block-spacer\"><\/div>\n\n\n\n<div class=\"wp-block-group is-layout-constrained wp-block-group-is-layout-constrained\">\n<figure class=\"wp-block-image size-large\"><img loading=\"lazy\" decoding=\"async\" width=\"1280\" height=\"720\" src=\"https:\/\/www.hotelandy.com\/wp-content\/uploads\/2019\/01\/winter-ski-paar-sessellift-hochzeiger-1280x720.jpg\" alt=\"\" class=\"wp-image-10344\" title=\"\"><\/figure>\n<\/div>\n\n\n\n<div style=\"height:20px\" aria-hidden=\"true\" class=\"wp-block-spacer\"><\/div>\n\n\n\n<div class=\"wp-block-group is-layout-constrained wp-block-group-is-layout-constrained\">\n<p class=\"has-text-align-left\"><strong>Skiverleih<\/strong>, modische Accessoires und die neueste Ski-Ausr\u00fcstung erhalten Sie in einem der drei Sportshops vor Ort \u2013 ebenfalls nur einen H\u00fcftschwung vom Andy Hotel Apartment entfernt. Urlaub erwartet im Andy aber auch Ihren PKW. Denn er ist in der&nbsp;<strong>kostenlosen Hotel-Parkgarage<\/strong>&nbsp;bestens aufgehoben.&nbsp;Die&nbsp;<strong>Busverbindungen<\/strong>&nbsp;zum Pitztaler Gletscher sind hervorragend! Das schont die Umwelt und die Geldb\u00f6rse.<\/p>\n\n\n\n<p>Apropos&nbsp;<strong>Pitztaler Gletscher:<\/strong>&nbsp;Der ist knapp 30 Minuten Fahrzeit von Jerzens entfernt und er\u00f6ffnet weitere&nbsp;<strong>40 Kilometer<\/strong>&nbsp;bestens pr\u00e4parierte Pistenkilometer. Skifahrerherz, was willst Du mehr?&nbsp;Winterurlaub&nbsp; in Jerzens in Tirol:&nbsp;<strong>Lebensfreude pur<\/strong>&nbsp;\u00fcber den D\u00e4chern des Pitztales.<\/p>\n<\/div>\n\n\n\n<div style=\"height:40px\" aria-hidden=\"true\" class=\"wp-block-spacer\"><\/div>\n\n\n\n<div class=\"wp-block-group is-layout-constrained wp-block-group-is-layout-constrained\">    <section id=\"s14536\" class=\"section  container-fluid no-gutters \" style=\"background-image:url(); background-color:transparent; color:inherit; background-size:cover; background-position: center center; background-repeat:no-repeat; background-blend-mode: inherit; margin:0px auto; padding-top:0px; padding-bottom:0px;\">\n    <div class=\"container\" style=\"padding-top: 0px; padding-bottom: 0px;\">\n        \n<div class=\"wp-block-group alignfull is-layout-constrained wp-block-group-is-layout-constrained\">\n<div class=\"wp-block-jetpack-layout-grid column1-desktop-grid__span-2 column1-desktop-grid__row-1 column2-desktop-grid__span-4 column2-desktop-grid__start-3 column2-desktop-grid__row-1 column3-desktop-grid__span-4 column3-desktop-grid__start-7 column3-desktop-grid__row-1 column4-desktop-grid__span-2 column4-desktop-grid__start-11 column4-desktop-grid__row-1 column1-tablet-grid__span-4 column1-tablet-grid__row-1 column2-tablet-grid__span-4 column2-tablet-grid__start-5 column2-tablet-grid__row-1 column3-tablet-grid__span-4 column3-tablet-grid__row-2 column4-tablet-grid__span-4 column4-tablet-grid__start-5 column4-tablet-grid__row-2 column1-mobile-grid__span-4 column1-mobile-grid__row-1 column2-mobile-grid__span-4 column2-mobile-grid__row-2 column3-mobile-grid__span-4 column3-mobile-grid__row-3 column4-mobile-grid__span-4 column4-mobile-grid__row-4 are-vertically-aligned-center wp-block-jetpack-layout-gutter__small\">\n<div class=\"wp-block-jetpack-layout-grid-column wp-block-jetpack-layout-grid__padding-none is-vertically-aligned-center\">\n<p><\/p>\n<\/div>\n\n\n\n<div class=\"wp-block-jetpack-layout-grid-column wp-block-jetpack-layout-grid__padding-none is-vertically-aligned-center\">\n<div class=\"wp-block-cover is-light\" style=\"min-height:50vh;aspect-ratio:unset;\"><span aria-hidden=\"true\" class=\"wp-block-cover__background has-background-dim-0 has-background-dim\" style=\"background-color:#111111\"><\/span><img loading=\"lazy\" decoding=\"async\" width=\"1920\" height=\"1080\" class=\"wp-block-cover__image-background wp-image-10345\" alt=\"\" src=\"https:\/\/www.hotelandy.com\/wp-content\/uploads\/2019\/01\/winter-hochzeiger_skigebiet.jpg\" data-object-fit=\"cover\" title=\"\"><div class=\"wp-block-cover__inner-container is-layout-flow wp-block-cover-is-layout-flow\">\n<div class=\"wp-block-group text-center is-layout-constrained wp-block-group-is-layout-constrained\">\n<a class=\"btn btn-primary\" href=\"https:\/\/www.pitztal.com\/de\/winter\/skigebiete-in-tirol\/hochzeiger\" target=\"_blank\" role=\"button\" rel=\"noopener noreferrer\">Skigebiet<\/a>\n<\/div>\n<\/div><\/div>\n<\/div>\n\n\n\n<div class=\"wp-block-jetpack-layout-grid-column wp-block-jetpack-layout-grid__padding-none is-vertically-aligned-center\">\n<div class=\"wp-block-cover is-light\" style=\"min-height:24vh;aspect-ratio:unset;\"><span aria-hidden=\"true\" class=\"wp-block-cover__background has-background-dim-0 has-background-dim\" style=\"background-color:#111111\"><\/span><img loading=\"lazy\" decoding=\"async\" width=\"1920\" height=\"1080\" class=\"wp-block-cover__image-background wp-image-10342\" alt=\"\" src=\"https:\/\/www.hotelandy.com\/wp-content\/uploads\/2019\/01\/winter-familienskigebiet_hochzeiger-2.jpg\" data-object-fit=\"cover\" title=\"\"><div class=\"wp-block-cover__inner-container is-layout-flow wp-block-cover-is-layout-flow\">\n<div class=\"wp-block-group text-center is-layout-constrained wp-block-group-is-layout-constrained\">\n<a class=\"btn btn-primary\" href=\"https:\/\/skischule-hochzeiger.com\/\" target=\"_blank\" role=\"button\" rel=\"noopener noreferrer\">Skischule<\/a>\n<\/div>\n<\/div><\/div>\n\n\n\n<div style=\"height:1vh\" aria-hidden=\"true\" class=\"wp-block-spacer\"><\/div>\n\n\n\n<div class=\"wp-block-cover is-light\" style=\"min-height:25vh;aspect-ratio:unset;\"><span aria-hidden=\"true\" class=\"wp-block-cover__background has-background-dim-0 has-background-dim\" style=\"background-color:#111111\"><\/span><img decoding=\"async\" class=\"wp-block-cover__image-background wp-image-13238\" alt=\"\" src=\"https:\/\/www.hotelandy.com\/wp-content\/uploads\/2022\/01\/skifahren-skigebiet-hochzeiger-winter-jerzens-scaled.jpg\" data-object-fit=\"cover\" title=\"\"><div class=\"wp-block-cover__inner-container is-layout-flow wp-block-cover-is-layout-flow\">\n<div class=\"wp-block-group text-center is-layout-constrained wp-block-group-is-layout-constrained\">\n<a class=\"btn btn-primary\" href=\"https:\/\/www.sportwohlfarter.at\/de\/skiverleih\/\" target=\"_blank\" role=\"button\" rel=\"noopener noreferrer\">Skiverleih<\/a>\n<\/div>\n<\/div><\/div>\n<\/div>\n\n\n\n<div class=\"wp-block-jetpack-layout-grid-column wp-block-jetpack-layout-grid__padding-none is-vertically-aligned-center\">\n<p><\/p>\n<\/div>\n<\/div>\n<\/div>\n\n    <\/div>\n    <\/section>\n\n<\/div>\n\n\n\n<div style=\"height:50px\" aria-hidden=\"true\" class=\"wp-block-spacer\"><\/div>\n\n\n\n<div class=\"wp-block-group is-layout-constrained wp-block-group-is-layout-constrained\">\n<figure class=\"wp-block-image aligncenter\"><a href=\"https:\/\/www.sportwohlfarter.at\/de\/\" target=\"_blank\" rel=\"noopener noreferrer nofollow\"><img loading=\"lazy\" decoding=\"async\" width=\"480\" height=\"94\" src=\"https:\/\/www.hotelandy.com\/wp-content\/uploads\/2019\/09\/Logo_IS_Wohlfarter.png\" alt=\"Intersport Wohlfahrter Jerzens\" class=\"wp-image-11933\" title=\"\"><\/a><\/figure>\n<\/div>\n\n\n\n<div style=\"height:40px\" aria-hidden=\"true\" class=\"wp-block-spacer\"><\/div>\n\n\n\n<div style=\"height:40px\" aria-hidden=\"true\" class=\"wp-block-spacer\"><\/div>\n\n\n\n<div class=\"wp-block-group is-layout-constrained wp-block-group-is-layout-constrained\">\n<figure class=\"wp-block-image size-large\"><img loading=\"lazy\" decoding=\"async\" width=\"1280\" height=\"720\" src=\"https:\/\/www.hotelandy.com\/wp-content\/uploads\/2019\/01\/rodeln_hochzeiger_winter-familie-1280x720.jpg\" alt=\"\" class=\"wp-image-10340\" title=\"\"><\/figure>\n<\/div>\n\n\n\n<div style=\"height:20px\" aria-hidden=\"true\" class=\"wp-block-spacer\"><\/div>\n\n\n\n<div class=\"wp-block-group is-layout-constrained wp-block-group-is-layout-constrained\">\n<h3 class=\"wp-block-heading has-text-align-center\">Abseits der Pisten<\/h3>\n\n\n\n<p>Aber Winterurlaub im Pitztal hat so viel mehr zu bieten als&nbsp;<strong>Skifahren<\/strong>&nbsp;und&nbsp;<strong>Boarden<\/strong>. Von der romantischen&nbsp;<strong>Kutschenfahrt<\/strong>&nbsp;zum Skaten \u00fcber die&nbsp;<strong>Langlaufloipen<\/strong>. Vom&nbsp;<strong>Eisklettern<\/strong>&nbsp;zum&nbsp;<strong>Winterwandern<\/strong>. Vom&nbsp;<strong>Eislaufen<\/strong>&nbsp;zum&nbsp;<strong>Schneeschuhwandern<\/strong>. Vom Naturerlebnis&nbsp;<strong>Skitouren<\/strong>&nbsp;gehen bis hin zur lustigen&nbsp;<strong>Rodelpartie<\/strong>&nbsp;im Mondenschein. Hauptsache, man ist drau\u00dfen unterwegs. Aber eigentlich kann man gar nicht anders. Denn wenn Sie vom Andy Hotel Apartment aus, das auf einem der wohl sch\u00f6nsten Hochplateaus von Tirol liegt, auf die Bergwelt des Pitztales blicken, werden Sie beinahe magisch hinaus in die Natur gezogen. Willkommen im&nbsp;<strong>Winterwunderland Pitztal<\/strong>&nbsp;in Tirol!<\/p>\n<\/div>\n\n\n\n<div style=\"height:40px\" aria-hidden=\"true\" class=\"wp-block-spacer\"><\/div>\n\n\n\n<div class=\"wp-block-group is-layout-constrained wp-block-group-is-layout-constrained\">\n<figure class=\"wp-block-image\"><img loading=\"lazy\" decoding=\"async\" width=\"1920\" height=\"940\" src=\"https:\/\/www.hotelandy.com\/wp-content\/uploads\/2019\/01\/Hochzeiger_Pistenplan_2018-19_screen.jpg\" alt=\"\" class=\"wp-image-10366\" title=\"\"><\/figure>\n<\/div>\n\n\n\n<div style=\"height:40px\" aria-hidden=\"true\" class=\"wp-block-spacer\"><\/div>\n\n\n\n<div style=\"height:20px\" aria-hidden=\"true\" class=\"wp-block-spacer\"><\/div>\n","protected":false},"excerpt":{"rendered":"<p>Winterurlaub im Pitztal Entspannt durchatmen: Ihre Poleposition f\u00fcr Pistengaudi pur Jerzens in Tirol: Ein M\u00e4rchen in Wei\u00df.&nbsp;Funkelnde Schneekristalle, die Sonne l\u00e4chelt vom strahlend blauen Himmel, der Atem dampft. An das warme Holz der Almh\u00fctte gelehnt, sorgt die frische Bergluft f\u00fcr ein angenehmes Prickeln auf der Haut. So f\u00fchlt es sich an, wenn Sie sich in [&hellip;]<\/p>\n","protected":false},"author":1007,"featured_media":10342,"parent":0,"menu_order":81,"comment_status":"closed","ping_status":"closed","template":"","meta":{"footnotes":""},"position":[],"class_list":["post-123","page","type-page","status-publish","has-post-thumbnail","hentry"],"meta_box":{"attachment":[],"dreisechzig":"https:\/\/www.hotelandy.com\/360\/360\/winter.html"},"_links":{"self":[{"href":"https:\/\/www.hotelandy.com\/de\/wp-json\/wp\/v2\/pages\/123","targetHints":{"allow":["GET"]}}],"collection":[{"href":"https:\/\/www.hotelandy.com\/de\/wp-json\/wp\/v2\/pages"}],"about":[{"href":"https:\/\/www.hotelandy.com\/de\/wp-json\/wp\/v2\/types\/page"}],"author":[{"embeddable":true,"href":"https:\/\/www.hotelandy.com\/de\/wp-json\/wp\/v2\/users\/1007"}],"replies":[{"embeddable":true,"href":"https:\/\/www.hotelandy.com\/de\/wp-json\/wp\/v2\/comments?post=123"}],"version-history":[{"count":0,"href":"https:\/\/www.hotelandy.com\/de\/wp-json\/wp\/v2\/pages\/123\/revisions"}],"wp:featuredmedia":[{"embeddable":true,"href":"https:\/\/www.hotelandy.com\/de\/wp-json\/wp\/v2\/media\/10342"}],"wp:attachment":[{"href":"https:\/\/www.hotelandy.com\/de\/wp-json\/wp\/v2\/media?parent=123"}],"wp:term":[{"taxonomy":"position","embeddable":true,"href":"https:\/\/www.hotelandy.com\/de\/wp-json\/wp\/v2\/position?post=123"}],"curies":[{"name":"wp","href":"https:\/\/api.w.org\/{rel}","templated":true}]}}