{"id":14812,"date":"2023-05-22T16:19:29","date_gmt":"2023-05-22T14:19:29","guid":{"rendered":"https:\/\/www.hotelandy.com\/?page_id=14812"},"modified":"2023-05-22T16:25:52","modified_gmt":"2023-05-22T14:25:52","slug":"spa-etikette-oeffnungszeiten","status":"publish","type":"page","link":"https:\/\/www.hotelandy.com\/de\/wellness-spa-vital\/spa-etikette-oeffnungszeiten\/","title":{"rendered":"Spa Etikette &#038; \u00d6ffnungszeiten"},"content":{"rendered":"\n<h1 class=\"wp-block-heading has-text-align-center\">Spa-Etikette &amp; \u00d6ffnungszeiten<\/h1>\n\n\n\n<div style=\"height:30px\" aria-hidden=\"true\" class=\"wp-block-spacer\"><\/div>\n\n\n\n<div class=\"wp-block-group is-layout-constrained wp-block-group-is-layout-constrained\"><h3><\/h3>\n<p><\/p>\n<div class=\"accordion\" id=\"accordionParent\">\n        <div class=\"accordion-item\">\n        <div class=\"accordion-header border-bottom-0 bg-transparent\" id=\"heading14803\">\n            <button class=\"accordion-button bg-transparent border-0 collapsed\" data-bs-toggle=\"collapse\" data-bs-target=\"#collapse14803\">Wellnessbereich \u00d6ffnungszeiten<\/button>\n        <\/div>\n        <div class=\"accordion-collapse collapse\" id=\"collapse14803\" data-bs-parent=\"#accordionParent\">\n            <div class=\"accordion-body\">\n<ul class=\"wp-block-list\">\n<li><strong>Schwimmbad: <\/strong>07:30 bis 20:00 Uhr<\/li>\n\n\n\n<li><strong>Familiensauna im Schwimmbad (Textilsauna): <\/strong>12:00 bis 20:00 Uhr<\/li>\n\n\n\n<li><strong>Saunalandschaft (FKK-Bereich):<\/strong> 13:00 bis 20:00 Uhr<\/li>\n\n\n\n<li><strong>Wellnessterrasse: <\/strong>07:30 bis 20:00 Uhr<\/li>\n\n\n\n<li><strong>Au\u00dfen-Whirlpool: <\/strong>13:00 bis 20:00 Uhr, ab 17.00 reserviert f\u00fcr G\u00e4ste ab 15 Jahre<\/li>\n\n\n\n<li><strong>Fitnessraum: <\/strong>24 Stunden ge\u00f6ffnet<\/li>\n<\/ul>\n\n\n\n<p><strong>Im Au\u00dfenbereich bitten wir um unbedingte Ruhe ab 17:00 Uhr!<\/strong><\/p>\n<\/div>\n        <\/div>\n    <\/div>\n        <div class=\"accordion-item\">\n        <div class=\"accordion-header border-bottom-0 bg-transparent\" id=\"heading14805\">\n            <button class=\"accordion-button bg-transparent border-0 collapsed\" data-bs-toggle=\"collapse\" data-bs-target=\"#collapse14805\">Sauna-Landschaft<\/button>\n        <\/div>\n        <div class=\"accordion-collapse collapse\" id=\"collapse14805\" data-bs-parent=\"#accordionParent\">\n            <div class=\"accordion-body\">\n<p>Der Saunabereich ist grunds\u00e4tzlich FKK-Bereich. Die Wellnessterrasse mit dem Au\u00dfen-Whirlpool ist KEINE Nacktzone. Auch bitten wir Sie, vom Reservieren von Liegen abzusehen. Unser Team r\u00e4umt belegte Bereiche regelm\u00e4\u00dfig frei. Der Umwelt zuliebe und um Ressourcen zu sparen, haben wir unsere Saunen auf \u201eBetrieb nach Bedarf\u201c umgestellt. Einfach den Schalter neben der T\u00fcre dr\u00fccken und in wenigen Minuten ist die ideale Temperatur erreicht \u2013 gr\u00fcne Kontrollleuchte.<\/p>\n<\/div>\n        <\/div>\n    <\/div>\n        <div class=\"accordion-item\">\n        <div class=\"accordion-header border-bottom-0 bg-transparent\" id=\"heading14806\">\n            <button class=\"accordion-button bg-transparent border-0 collapsed\" data-bs-toggle=\"collapse\" data-bs-target=\"#collapse14806\">Wellnessterrasse &#038; Au\u00dfen-Whirlpool<\/button>\n        <\/div>\n        <div class=\"accordion-collapse collapse\" id=\"collapse14806\" data-bs-parent=\"#accordionParent\">\n            <div class=\"accordion-body\">\n<p>Unser Au\u00dfen Whirlpool ist eine absolute Ruhezone und KEIN Nacktbereich. Die Ben\u00fctzung des Au\u00dfen-Whirlpools f\u00fcr Kinder ist nur in Begleitung einer Erwachsenen erlaubt! Um Ihnen die n\u00f6tige Erholung bieten zu k\u00f6nnen, ist ab 17:00 Uhr der Zutritt f\u00fcr G\u00e4ste ab 15 Jahren reserviert.<\/p>\n<\/div>\n        <\/div>\n    <\/div>\n        <div class=\"accordion-item\">\n        <div class=\"accordion-header border-bottom-0 bg-transparent\" id=\"heading14807\">\n            <button class=\"accordion-button bg-transparent border-0 collapsed\" data-bs-toggle=\"collapse\" data-bs-target=\"#collapse14807\">Handt\u00fccher &amp; Badem\u00e4ntel<\/button>\n        <\/div>\n        <div class=\"accordion-collapse collapse\" id=\"collapse14807\" data-bs-parent=\"#accordionParent\">\n            <div class=\"accordion-body\">\n<p>Badem\u00e4ntel f\u00fcr Ihren Saunagang finden Sie in Ihrem Zimmer in der Wellnesstasche. Ebenso finden Sie in dieser Tasche ein Badetuch und ein Saunatuch f\u00fcr Ihren SPA Aufenthalt. Ihre gebrauchten T\u00fccher k\u00f6nnen Sie gern in die vorgesehenen K\u00f6rbe im Sauna- oder Schwimmbadbereich legen.<\/p>\n<\/div>\n        <\/div>\n    <\/div>\n        <div class=\"accordion-item\">\n        <div class=\"accordion-header border-bottom-0 bg-transparent\" id=\"heading14808\">\n            <button class=\"accordion-button bg-transparent border-0 collapsed\" data-bs-toggle=\"collapse\" data-bs-target=\"#collapse14808\">Rauchen, Handys &amp; Wertgegenst\u00e4nde im SPA Bereich<\/button>\n        <\/div>\n        <div class=\"accordion-collapse collapse\" id=\"collapse14808\" data-bs-parent=\"#accordionParent\">\n            <div class=\"accordion-body\">\n<p>Wir bitten Sie, Ihre Handys auf lautlos zu stellen. F\u00fcr Wertgegenst\u00e4nde \u00fcbernehmen wir keinerlei Haftung. Bitte keine Gl\u00e4ser mit in den SPA-Bereich nehmen.<\/p>\n<\/div>\n        <\/div>\n    <\/div>\n        <div class=\"accordion-item\">\n        <div class=\"accordion-header border-bottom-0 bg-transparent\" id=\"heading14809\">\n            <button class=\"accordion-button bg-transparent border-0 collapsed\" data-bs-toggle=\"collapse\" data-bs-target=\"#collapse14809\">Kinder im Wellnessbereich<\/button>\n        <\/div>\n        <div class=\"accordion-collapse collapse\" id=\"collapse14809\" data-bs-parent=\"#accordionParent\">\n            <div class=\"accordion-body\">\n<p>Unser SPA-Bereich ist ein Ort der Ruhe und Entspannung! Wir bitten Sie, dies zu ber\u00fccksichtigen und auf Ihre Kinder zu achten. Der FKK-Saunabereich ist f\u00fcr G\u00e4ste ab 15 Jahren reserviert! Springen vom Beckenrand im Schwimmbad und im Au\u00dfenpool sind untersagt. <\/p>\n\n\n\n<p>Auf der Wellnessterrasse sind Kinder in Begleitung einer erwachsenen Person bis 17:00 Uhr willkommen. Ab 17:00 Uhr ist die Wellnessterrasse ausschlie\u00dflich erwachsenen G\u00e4sten vorbehalten.<\/p>\n<\/div>\n        <\/div>\n    <\/div>\n        <div class=\"accordion-item\">\n        <div class=\"accordion-header border-bottom-0 bg-transparent\" id=\"heading14810\">\n            <button class=\"accordion-button bg-transparent border-0 collapsed\" data-bs-toggle=\"collapse\" data-bs-target=\"#collapse14810\">SPA-Nutzung am Abreisetag<\/button>\n        <\/div>\n        <div class=\"accordion-collapse collapse\" id=\"collapse14810\" data-bs-parent=\"#accordionParent\">\n            <div class=\"accordion-body\">\n<p>Gerne k\u00f6nnen Sie zu einem Preis von \u20ac 15 pro Person unseren SPA &amp; Wellnessbereich am Abreisetag noch bis zum Abend nutzen.<\/p>\n<\/div>\n        <\/div>\n    <\/div>\n    <\/div>\n<\/div>\n\n\n\n<p><\/p>\n","protected":false},"excerpt":{"rendered":"<p>Spa-Etikette &amp; \u00d6ffnungszeiten<\/p>\n","protected":false},"author":1007,"featured_media":11487,"parent":275,"menu_order":3,"comment_status":"closed","ping_status":"closed","template":"","meta":{"footnotes":""},"position":[],"class_list":["post-14812","page","type-page","status-publish","has-post-thumbnail","hentry"],"meta_box":{"attachment":[],"dreisechzig":""},"_links":{"self":[{"href":"https:\/\/www.hotelandy.com\/de\/wp-json\/wp\/v2\/pages\/14812","targetHints":{"allow":["GET"]}}],"collection":[{"href":"https:\/\/www.hotelandy.com\/de\/wp-json\/wp\/v2\/pages"}],"about":[{"href":"https:\/\/www.hotelandy.com\/de\/wp-json\/wp\/v2\/types\/page"}],"author":[{"embeddable":true,"href":"https:\/\/www.hotelandy.com\/de\/wp-json\/wp\/v2\/users\/1007"}],"replies":[{"embeddable":true,"href":"https:\/\/www.hotelandy.com\/de\/wp-json\/wp\/v2\/comments?post=14812"}],"version-history":[{"count":0,"href":"https:\/\/www.hotelandy.com\/de\/wp-json\/wp\/v2\/pages\/14812\/revisions"}],"up":[{"embeddable":true,"href":"https:\/\/www.hotelandy.com\/de\/wp-json\/wp\/v2\/pages\/275"}],"wp:featuredmedia":[{"embeddable":true,"href":"https:\/\/www.hotelandy.com\/de\/wp-json\/wp\/v2\/media\/11487"}],"wp:attachment":[{"href":"https:\/\/www.hotelandy.com\/de\/wp-json\/wp\/v2\/media?parent=14812"}],"wp:term":[{"taxonomy":"position","embeddable":true,"href":"https:\/\/www.hotelandy.com\/de\/wp-json\/wp\/v2\/position?post=14812"}],"curies":[{"name":"wp","href":"https:\/\/api.w.org\/{rel}","templated":true}]}}