{"id":20638,"date":"2025-09-04T08:41:45","date_gmt":"2025-09-04T06:41:45","guid":{"rendered":"https:\/\/www.hotelandy.com\/?page_id=20638"},"modified":"2025-09-04T08:46:05","modified_gmt":"2025-09-04T06:46:05","slug":"erklaerung-zur-barrierefreiheit","status":"publish","type":"page","link":"https:\/\/www.hotelandy.com\/de\/erklaerung-zur-barrierefreiheit\/","title":{"rendered":"Erkl\u00e4rung zur Barrierefreiheit"},"content":{"rendered":"\n<h2 class=\"wp-block-heading\">Erkl\u00e4rung zur Barrierefreiheit<\/h2>\n\n\n\n<p>Die <em><strong>ABZ Projektentwicklung GmbH<\/strong><\/em> ist bestrebt, ihre Website im Einklang mit dem Web-Zug\u00e4nglichkeits-Gesetz (WZG) in der geltenden Fassung vom 23. Juni 2025 sowie der Richtlinie (EU) 2016\/2102 des Europ\u00e4ischen Parlaments und des Rates vom 26. Oktober 2016 \u00fcber den barrierefreien Zugang zu den Websites und mobilen Anwendungen \u00f6ffentlicher Stellen barrierefrei zug\u00e4nglich zu machen.<\/p>\n\n\n\n<p>Diese Erkl\u00e4rung zur Barrierefreiheit gilt f\u00fcr folgende Domain:<\/p>\n\n\n\n<ul class=\"wp-block-list\">\n<li><a href=\"http:\/\/www.hotelandy.com\">www.hotelandy.com<\/a><\/li>\n<\/ul>\n\n\n\n<hr class=\"wp-block-separator has-alpha-channel-opacity\"\/>\n\n\n\n<h2 class=\"wp-block-heading\">Stand der Vereinbarkeit mit den Anforderungen<\/h2>\n\n\n\n<p>Diese Website ist derzeit noch nicht vollst\u00e4ndig mit den Anforderungen der Konformit\u00e4tsstufe AA der \u201eRichtlinien f\u00fcr barrierefreie Webinhalte \u2013 WCAG 2.2\u201c beziehungsweise mit dem geltenden Europ\u00e4ischen Standard EN 301 549 V3.2.1 (Stand 30. Juli 2025) vereinbar.<\/p>\n\n\n\n<p>Derzeit wird die Website auf Grundlage bestehender technischer Strukturen betrieben, die bereits vor dem 28. Juni 2025 rechtm\u00e4\u00dfig zur Erbringung dieser oder vergleichbarer Dienstleistungen eingesetzt wurden. Gem\u00e4\u00df \u00a7 37 Absatz 1 des Barrierefreiheitsst\u00e4rkungsgesetzes (BaFG) d\u00fcrfen solche Produkte und Systeme w\u00e4hrend einer \u00dcbergangsfrist bis zum 27. Juni 2030 weiterhin eingesetzt werden, auch wenn sie die Barrierefreiheitsanforderungen noch nicht vollst\u00e4ndig erf\u00fcllen.<\/p>\n\n\n\n<p>Im Rahmen dieser gesetzlichen \u00dcbergangsregelungen wird derzeit an der schrittweisen Anpassung der Website gearbeitet, mit dem Ziel, die volle Barrierefreiheit gem\u00e4\u00df den gesetzlichen Vorgaben rechtzeitig umzusetzen.<\/p>\n\n\n\n<hr class=\"wp-block-separator has-alpha-channel-opacity\"\/>\n\n\n\n<h2 class=\"wp-block-heading\">Nicht barrierefreie Inhalte<\/h2>\n\n\n\n<p>Die nachstehend aufgef\u00fchrten Inhalte sind aus den folgenden Gr\u00fcnden nicht barrierefrei:<\/p>\n\n\n\n<p>a) Unvereinbarkeit mit den Barrierefreiheitsbestimmungen<\/p>\n\n\n\n<ul class=\"wp-block-list\">\n<li>Erfolgskriterium 1.1.1 (Non-text Content): Bei manchen Nicht-Text-Inhalten fehlt ein aussagekr\u00e4ftiger Alternativtext.<\/li>\n<\/ul>\n\n\n\n<p>b) Die Inhalte fallen nicht in den Anwendungsbereich der anwendbaren Rechtsvorschriften<\/p>\n\n\n\n<ul class=\"wp-block-list\">\n<li>Unsere Website enth\u00e4lt auch Links zu externen Websites und eingebetteten Tools. Da diese Inhalte au\u00dferhalb unseres Verantwortungsbereichs liegen, haben wir keinen Einfluss auf deren Barrierefreiheit.<\/li>\n<\/ul>\n\n\n\n<hr class=\"wp-block-separator has-alpha-channel-opacity\"\/>\n\n\n\n<h2 class=\"wp-block-heading\">Erstellung dieser Erkl\u00e4rung zur Barrierefreiheit<\/h2>\n\n\n\n<p>Diese Erkl\u00e4rung wurde am 03. September 2025 erstellt.<br>Am 30. Juli 2025 erfolgte in einem Selbsttest eine \u00dcberpr\u00fcfung der Templates (Startseite, Detailseite), auf denen alle Unterseiten bzw. Microsites beruhen.<br>Diese Erkl\u00e4rung wurde zuletzt am 03. September 2025 aktualisiert.<\/p>\n\n\n\n<hr class=\"wp-block-separator has-alpha-channel-opacity\"\/>\n\n\n\n<h2 class=\"wp-block-heading\">Feedback und Kontaktm\u00f6glichkeiten<\/h2>\n\n\n\n<p>Die Angebote und Services auf dieser Website werden laufend verbessert, ausgetauscht und ausgebaut. Dabei sind uns die Bedienbarkeit und Zug\u00e4nglichkeit ein gro\u00dfes Anliegen.<br>Wenn Ihnen Barrieren auffallen, die Sie an der Benutzung unserer Website behindern \u2013 Probleme, die in dieser Erkl\u00e4rung nicht beschrieben sind oder M\u00e4ngel in Bezug auf die Einhaltung der Barrierefreiheitsanforderungen, bitten wir Sie, uns diese per E\u2011Mail mitzuteilen.<br>Wir werden Ihre Anfrage pr\u00fcfen und Sie ehestm\u00f6glich kontaktieren.<\/p>\n\n\n\n<ul class=\"wp-block-list\">\n<li>S\u00e4mtliche Mitteilungen und Anregungen senden Sie uns bitte an <a href=\"mailto:info@hotelandy.com\"><em><strong>info@hotelandy.com<\/strong><\/em><\/a><\/li>\n\n\n\n<li>Bitte beschreiben Sie das Problem und f\u00fchren Sie uns die URL(s) der betroffenen Webseite oder des Dokuments an.<\/li>\n<\/ul>\n\n\n\n<hr class=\"wp-block-separator has-alpha-channel-opacity\"\/>\n\n\n\n<h2 class=\"wp-block-heading\">Durchsetzungsverfahren<\/h2>\n\n\n\n<p>Bei nicht zufriedenstellenden Antworten aus oben genannter Kontaktm\u00f6glichkeit k\u00f6nnen Sie sich mittels Beschwerde an die Beschwerdestelle der \u00d6sterreichischen Forschungsf\u00f6rderungsgesellschaft mit beschr\u00e4nkter Haftung (FFG) wenden. Die FFG nimmt Beschwerden \u00fcber das Kontaktformular der Beschwerdestelle auf elektronischem Weg entgegen.<\/p>\n\n\n\n<p><a href=\"https:\/\/www.ffg.at\/form\/kontaktformular-beschwerdestelle\" rel=\"nofollow noopener\" target=\"_blank\">Kontaktformular der Beschwerdestelle<\/a><\/p>\n\n\n\n<p>Die Beschwerden werden von der FFG dahingehend gepr\u00fcft, ob sie sich auf Verst\u00f6\u00dfe gegen die Vorgaben des Web-Zug\u00e4nglichkeits-Gesetzes, insbesondere M\u00e4ngel bei der Einhaltung der Barrierefreiheitsanforderungen, durch den Bund oder einer ihm zuordenbaren Einrichtung beziehen.<br>Sofern die Beschwerde berechtigt ist, hat die FFG dem Bund oder den betroffenen Rechtstr\u00e4gern Handlungsempfehlungen auszusprechen und Ma\u00dfnahmen vorzuschlagen, die der Beseitigung der vorliegenden M\u00e4ngel dienen.<\/p>\n\n\n\n<p><a href=\"https:\/\/www.ffg.at\/barrierefreiheit\/beschwerdestelle\" rel=\"nofollow noopener\" target=\"_blank\">Weitere Informationen zum Beschwerdeverfahren<\/a><\/p>\n","protected":false},"excerpt":{"rendered":"<p>Erkl\u00e4rung zur Barrierefreiheit Die ABZ Projektentwicklung GmbH ist bestrebt, ihre Website im Einklang mit dem Web-Zug\u00e4nglichkeits-Gesetz (WZG) in der geltenden Fassung vom 23. Juni 2025 sowie der Richtlinie (EU) 2016\/2102 des Europ\u00e4ischen Parlaments und des Rates vom 26. Oktober 2016 \u00fcber den barrierefreien Zugang zu den Websites und mobilen Anwendungen \u00f6ffentlicher Stellen barrierefrei zug\u00e4nglich zu [&hellip;]<\/p>\n","protected":false},"author":1007,"featured_media":0,"parent":0,"menu_order":1,"comment_status":"closed","ping_status":"closed","template":"","meta":{"footnotes":""},"position":[],"class_list":["post-20638","page","type-page","status-publish","hentry"],"meta_box":{"attachment":[],"dreisechzig":""},"_links":{"self":[{"href":"https:\/\/www.hotelandy.com\/de\/wp-json\/wp\/v2\/pages\/20638","targetHints":{"allow":["GET"]}}],"collection":[{"href":"https:\/\/www.hotelandy.com\/de\/wp-json\/wp\/v2\/pages"}],"about":[{"href":"https:\/\/www.hotelandy.com\/de\/wp-json\/wp\/v2\/types\/page"}],"author":[{"embeddable":true,"href":"https:\/\/www.hotelandy.com\/de\/wp-json\/wp\/v2\/users\/1007"}],"replies":[{"embeddable":true,"href":"https:\/\/www.hotelandy.com\/de\/wp-json\/wp\/v2\/comments?post=20638"}],"version-history":[{"count":0,"href":"https:\/\/www.hotelandy.com\/de\/wp-json\/wp\/v2\/pages\/20638\/revisions"}],"wp:attachment":[{"href":"https:\/\/www.hotelandy.com\/de\/wp-json\/wp\/v2\/media?parent=20638"}],"wp:term":[{"taxonomy":"position","embeddable":true,"href":"https:\/\/www.hotelandy.com\/de\/wp-json\/wp\/v2\/position?post=20638"}],"curies":[{"name":"wp","href":"https:\/\/api.w.org\/{rel}","templated":true}]}}