{"id":23,"date":"2012-04-30T08:31:00","date_gmt":"2012-04-30T07:31:00","guid":{"rendered":"\/\/www.hotelandy.com\/?page_id=23"},"modified":"2024-10-14T16:09:47","modified_gmt":"2024-10-14T14:09:47","slug":"anfrage","status":"publish","type":"page","link":"https:\/\/www.hotelandy.com\/de\/anfrage\/","title":{"rendered":"Anfrage"},"content":{"rendered":"\n<div class=\"wp-block-group col-sm-12 col-md-8 offset-md-2 text-center is-layout-flow wp-block-group-is-layout-flow\">\n<h1 class=\"wp-block-heading has-text-align-center\">Unverbindliche Anfrage<\/h1>\n\n\n\n<p>Gerne erstellen wir Ihnen ein individuelles Angebot f\u00fcr Ihren Urlaub im Hotel Andy. Bitte f\u00fcllen Sie dazu das nachstehenden Formular vollst\u00e4ndig aus und best\u00e4tigen Sie Ihre Eingabe mit Klick auf die Schaltfl\u00e4che &#8222;Absenden&#8220;. Wir rufen Sie auch gerne zur\u00fcck und beantworten Ihre Fragen direkt. Die aktuellen Buchungsinfos finden Sie <a href=\"https:\/\/www.hotelandy.com\/de\/buchungsinfos\/\">hier<\/a>.<\/p>\n<\/div>\n\n\n\n<div style=\"height:20px\" aria-hidden=\"true\" class=\"wp-block-spacer\"><\/div>\n\n\n\n<div class=\"wpcf7 no-js\" id=\"wpcf7-f335-o1\" lang=\"en-US\" dir=\"ltr\" data-wpcf7-id=\"335\">\n<div class=\"screen-reader-response\"><p role=\"status\" aria-live=\"polite\" aria-atomic=\"true\"><\/p> <ul><\/ul><\/div>\n<form action=\"\/de\/wp-json\/wp\/v2\/pages\/23#wpcf7-f335-o1\" method=\"post\" class=\"wpcf7-form init\" aria-label=\"Contact form\" novalidate=\"novalidate\" data-status=\"init\">\n<fieldset class=\"hidden-fields-container\"><input type=\"hidden\" name=\"_wpcf7\" value=\"335\" \/><input type=\"hidden\" name=\"_wpcf7_version\" value=\"6.1.5\" \/><input type=\"hidden\" name=\"_wpcf7_locale\" value=\"en_US\" \/><input type=\"hidden\" name=\"_wpcf7_unit_tag\" value=\"wpcf7-f335-o1\" \/><input type=\"hidden\" name=\"_wpcf7_container_post\" value=\"0\" \/><input type=\"hidden\" name=\"_wpcf7_posted_data_hash\" value=\"\" \/>\n<\/fieldset>\n<div class=\"card\" role=\"alert\">\n<div class=\"card-header\">Unverbindlich Anfragen<\/div>\n<div class=\"card-body bg-light\">\n<div class=\"wpcf7-response-output\" aria-hidden=\"true\"><\/div>\n<div class=\"row mb-2\" id=\"reisezeitraum\">\n<div class=\"col-sm-12 col-md-12 col-lg-6\"><label for=\"ankunft\">Ankunft*<\/label><span class=\"wpcf7-form-control-wrap\" data-name=\"ankunft\"><input size=\"40\" maxlength=\"400\" class=\"wpcf7-form-control wpcf7-text wpcf7-validates-as-required form-control\" id=\"ankunft\" aria-required=\"true\" aria-invalid=\"false\" placeholder=\"Ankunft\" value=\"\" type=\"text\" name=\"ankunft\" \/><\/span><\/div>\n<div class=\"col-sm-12 col-md-12 col-lg-6\"><label for=\"abreise\">Abreise*<\/label><span class=\"wpcf7-form-control-wrap\" data-name=\"abreise\"><input size=\"40\" maxlength=\"400\" class=\"wpcf7-form-control wpcf7-text wpcf7-validates-as-required form-control\" id=\"abreise\" aria-required=\"true\" aria-invalid=\"false\" placeholder=\"Abreise\" value=\"\" type=\"text\" name=\"abreise\" \/><\/span><\/div>\n<\/div>\n<div class=\"row mb-2\">\n<div class=\"col-sm-12 col-md-12 col-lg-4\"><label for=\"erwachsene\">Erwachsene*<\/label><span class=\"wpcf7-form-control-wrap\" data-name=\"erwachsene\"><input class=\"wpcf7-form-control wpcf7-number wpcf7-validates-as-required wpcf7-validates-as-number form-control\" id=\"erwachsene\" min=\"1\" max=\"9\" aria-required=\"true\" aria-invalid=\"false\" value=\"2\" type=\"number\" name=\"erwachsene\" \/><\/span><\/div>\n<div class=\"col-sm-12 col-md-12 col-lg-4\"><label for=\"kinder\">Kinder<\/label><span class=\"wpcf7-form-control-wrap\" data-name=\"kinder\"><input class=\"wpcf7-form-control wpcf7-number wpcf7-validates-as-number form-control\" id=\"kinder\" min=\"0\" max=\"9\" aria-invalid=\"false\" value=\"0\" type=\"number\" name=\"kinder\" \/><\/span><\/div>\n<div class=\"col-sm-12 col-md-12 col-lg-4\"><label for=\"kinder\">Alter d. Kinder<\/label><span class=\"wpcf7-form-control-wrap\" data-name=\"kinderalter\"><input size=\"40\" maxlength=\"400\" class=\"wpcf7-form-control wpcf7-text form-control\" id=\"kinderalter\" aria-invalid=\"false\" placeholder=\"6,12,...\" value=\"\" type=\"text\" name=\"kinderalter\" \/><\/span><\/div>\n<\/div>\n<div class=\"row mb-2\">\n<div class=\"col-sm-12 col-md-12 col-lg-4\"><label for=\"anrede\">Anrede*<\/label><span class=\"wpcf7-form-control-wrap\" data-name=\"anrede\"><select class=\"wpcf7-form-control wpcf7-select wpcf7-validates-as-required form-control\" id=\"anrede\" aria-required=\"true\" aria-invalid=\"false\" name=\"anrede\"><option value=\"\">&#8212;Please choose an option&#8212;<\/option><option value=\"Herr\">Herr<\/option><option value=\"Frau\">Frau<\/option><option value=\"Firma\">Firma<\/option><\/select><\/span><\/div>\n<div class=\"col-sm-12 col-md-12 col-lg-4\"><label for=\"vorname\">Vorname*<\/label><span class=\"wpcf7-form-control-wrap\" data-name=\"vorname\"><input size=\"40\" maxlength=\"400\" class=\"wpcf7-form-control wpcf7-text wpcf7-validates-as-required form-control\" id=\"vorname\" aria-required=\"true\" aria-invalid=\"false\" placeholder=\"Vorname\" value=\"\" type=\"text\" name=\"vorname\" \/><\/span><\/div>\n<div class=\"col-sm-12 col-md-12 col-lg-4\"><label for=\"familienname\">Name*<\/label><span class=\"wpcf7-form-control-wrap\" data-name=\"familienname\"><input size=\"40\" maxlength=\"400\" class=\"wpcf7-form-control wpcf7-text wpcf7-validates-as-required form-control\" id=\"familienname\" aria-required=\"true\" aria-invalid=\"false\" placeholder=\"Name\" value=\"\" type=\"text\" name=\"familienname\" \/><\/span><\/div>\n<\/div>\n<div class=\"row mb-2\">\n<div class=\"col-sm-12 col-md-12\"><label for=\"email\">E-Mail*<\/label><span class=\"wpcf7-form-control-wrap\" data-name=\"email\"><input size=\"40\" maxlength=\"400\" class=\"wpcf7-form-control wpcf7-email wpcf7-validates-as-required wpcf7-text wpcf7-validates-as-email form-control\" id=\"email\" aria-required=\"true\" aria-invalid=\"false\" placeholder=\"ihre@email.de\" value=\"\" type=\"email\" name=\"email\" \/><\/span><\/div>\n<\/div>\n<div class=\"row mb-2\">\n<div class=\"col-sm-12 col-md-12\"><label for=\"email\">Telefon<\/label><span class=\"wpcf7-form-control-wrap\" data-name=\"telefon\"><input size=\"40\" maxlength=\"400\" class=\"wpcf7-form-control wpcf7-text form-control\" id=\"telefon\" aria-invalid=\"false\" placeholder=\"+1 234 56789\" value=\"\" type=\"text\" name=\"telefon\" \/><\/span><\/div>\n<\/div>\n<div class=\"row mb-2\">\n<div class=\"col\"><label for=\"strasse\">Strasse<\/label><span class=\"wpcf7-form-control-wrap\" data-name=\"strasse\"><input size=\"40\" maxlength=\"400\" class=\"wpcf7-form-control wpcf7-text form-control\" id=\"strasse\" aria-invalid=\"false\" placeholder=\"Strasse\" value=\"\" type=\"text\" name=\"strasse\" \/><\/span><\/div>\n<\/div>\n<div class=\"row mb-2\">\n<div class=\"col-sm-12 col-md-12 lg-4\"><label for=\"plz\">PLZ<\/label><span class=\"wpcf7-form-control-wrap\" data-name=\"plz\"><input size=\"40\" maxlength=\"400\" class=\"wpcf7-form-control wpcf7-text form-control\" id=\"plz\" aria-invalid=\"false\" placeholder=\"PLZ\" value=\"\" type=\"text\" name=\"plz\" \/><\/span><\/div>\n<div class=\"col-sm-12 col-md-12 lg-8\"><label for=\"ort\">Ort<\/label><span class=\"wpcf7-form-control-wrap\" data-name=\"ort\"><input size=\"40\" maxlength=\"400\" class=\"wpcf7-form-control wpcf7-text form-control\" id=\"ort\" aria-invalid=\"false\" placeholder=\"Ort\" value=\"\" type=\"text\" name=\"ort\" \/><\/span><\/div>\n<\/div>\n<div class=\"row mb-2\">\n<div class=\"col-sm-12 col-md-12\"><label for=\"land\">Land*<\/label><span class=\"wpcf7-form-control-wrap\" data-name=\"land\"><select class=\"wpcf7-form-control wpcf7-select wpcf7-validates-as-required form-control\" id=\"land\" aria-required=\"true\" aria-invalid=\"false\" name=\"land\"><option value=\"\">&#8212;Please choose an option&#8212;<\/option><option value=\"Deutschland\">Deutschland<\/option><option value=\"\u00d6sterreich\">\u00d6sterreich<\/option><option value=\"Schweiz\">Schweiz<\/option><option value=\"Belgien\">Belgien<\/option><option value=\"Bulgarien\">Bulgarien<\/option><option value=\"Kroatien\">Kroatien<\/option><option value=\"Tschechien\">Tschechien<\/option><option value=\"D\u00e4nemark\">D\u00e4nemark<\/option><option value=\"Estland\">Estland<\/option><option value=\"Finnland\">Finnland<\/option><option value=\"Frankreich\">Frankreich<\/option><option value=\"Griechenland\">Griechenland<\/option><option value=\"Ungarn\">Ungarn<\/option><option value=\"Irland\">Irland<\/option><option value=\"Italien\">Italien<\/option><option value=\"Lettland\">Lettland<\/option><option value=\"Litauen\">Litauen<\/option><option value=\"Luxemburg\">Luxemburg<\/option><option value=\"Malta\">Malta<\/option><option value=\"Niederlande\">Niederlande<\/option><option value=\"Polen\">Polen<\/option><option value=\"Portugal\">Portugal<\/option><option value=\"Rum\u00e4nien\">Rum\u00e4nien<\/option><option value=\"Slowakei\">Slowakei<\/option><option value=\"Slowenien\">Slowenien<\/option><option value=\"Spanien\">Spanien<\/option><option value=\"Schweden\">Schweden<\/option><option value=\"Zypern\">Zypern<\/option><option value=\"USA\">USA<\/option><option value=\"n.v.\">n.v.<\/option><\/select><\/span><\/div>\n<\/div>\n<div class=\"row mb-2\">\n<div class=\"col-sm-12 col-md-12\"><label for=\"mitteilung\">Mitteilung<\/label><span class=\"wpcf7-form-control-wrap\" data-name=\"mitteilung\"><textarea cols=\"40\" rows=\"4\" maxlength=\"2000\" class=\"wpcf7-form-control wpcf7-textarea form-control\" id=\"mitteilung\" aria-invalid=\"false\" placeholder=\"Ihre Interessen, W\u00fcnsche etc.\" name=\"mitteilung\"><\/textarea><\/span><\/div>\n<\/div>\n<div class=\"row mb-2\">\n<div class=\"col-sm-12 col-md-12\"><label for=\"interessen\">Interessen<\/label><span class=\"wpcf7-form-control-wrap\" data-name=\"interessen\"><span class=\"wpcf7-form-control wpcf7-checkbox form-check\" id=\"interessen\"><span class=\"wpcf7-list-item first\"><input type=\"checkbox\" name=\"interessen[]\" value=\"Fr\u00fchling\" \/><span class=\"wpcf7-list-item-label\">Fr\u00fchling<\/span><\/span><span class=\"wpcf7-list-item\"><input type=\"checkbox\" name=\"interessen[]\" value=\"Sommer\" \/><span class=\"wpcf7-list-item-label\">Sommer<\/span><\/span><span class=\"wpcf7-list-item\"><input type=\"checkbox\" name=\"interessen[]\" value=\"Herbst\" \/><span class=\"wpcf7-list-item-label\">Herbst<\/span><\/span><span class=\"wpcf7-list-item\"><input type=\"checkbox\" name=\"interessen[]\" value=\"Winter\" \/><span class=\"wpcf7-list-item-label\">Winter<\/span><\/span><span class=\"wpcf7-list-item\"><input type=\"checkbox\" name=\"interessen[]\" value=\"Ski\" \/><span class=\"wpcf7-list-item-label\">Ski<\/span><\/span><span class=\"wpcf7-list-item\"><input type=\"checkbox\" name=\"interessen[]\" value=\"Wandern\" \/><span class=\"wpcf7-list-item-label\">Wandern<\/span><\/span><span class=\"wpcf7-list-item\"><input type=\"checkbox\" name=\"interessen[]\" value=\"Biken\" \/><span class=\"wpcf7-list-item-label\">Biken<\/span><\/span><span class=\"wpcf7-list-item\"><input type=\"checkbox\" name=\"interessen[]\" value=\"Wellness\" \/><span class=\"wpcf7-list-item-label\">Wellness<\/span><\/span><span class=\"wpcf7-list-item last\"><input type=\"checkbox\" name=\"interessen[]\" value=\"Familie\" \/><span class=\"wpcf7-list-item-label\">Familie<\/span><\/span><\/span><\/span><\/div>\n<\/div>\n<div class=\"dscf7-captcha-container\"><input name=\"dscf7_hidden_val1-dscf7captcha-421\" id=\"dscf7_hidden_val1-dscf7captcha-421\" type=\"hidden\" value=\"3\" \/><input name=\"dscf7_hidden_val2-dscf7captcha-421\" id=\"dscf7_hidden_val2-dscf7captcha-421\" type=\"hidden\" value=\"5\" \/><input name=\"dscf7_hidden_action-dscf7captcha-421\" id=\"dscf7_hidden_action-dscf7captcha-421\" type=\"hidden\" value=\"+\" \/><div class=\"dscf7-question-container\"><span class=\"dscf7_lt\">What is 5 + 3 ? <a href=\"javascript:void(0)\" id=\"dscf7captcha-421\" class=\"dscf7_refresh_captcha\" aria-label=\"Refresh captcha\"><img decoding=\"async\" class=\"dscf7_captcha_icon\" src=\"https:\/\/www.hotelandy.com\/wp-content\/plugins\/ds-cf7-math-captcha\/assets\/img\/icons8-refresh-30.png\" alt=\"Refresh icon\" title=\"\"><img decoding=\"async\" class=\"dscf7_captcha_reload_icon\" src=\"https:\/\/www.hotelandy.com\/wp-content\/plugins\/ds-cf7-math-captcha\/assets\/img\/446bcd468478f5bfb7b4e5c804571392_w200.gif\" alt=\"Refreshing captcha\" style=\"display:none; width:30px\" title=\"\"><\/a><\/span><\/div><div class=\"dscf7-answer-container\"><label for=\"dscf7captcha-421-input\" class=\"screen-reader-text\">Answer for 5 + 3<\/label><span class=\"wpcf7-form-control-wrap\" data-name=\"dscf7captcha-421\"><input type=\"text\" id=\"dscf7captcha-421-input\" aria-label=\"Answer for 5 + 3\" class=\"wpcf7-form-control wpcf7-text\" size=\"5\" value=\"\" name=\"dscf7captcha-421\" placeholder=\"Antwort eingeben\" style=\"\" oninput=\"this.value = this.value.replace(\/[^0-9.]\/g, '').replace(\/(\\..*)\\.\/g, '$1');\"><\/span><input type=\"hidden\" name=\"ds_cf7_nonce\" value=\"e7cddabf99\"><\/div><\/div>\n<div class=\"row mb-2\">\n<div class=\"col-sm-12 col-md-12 mt-2 mb-2\"><span class=\"wpcf7-form-control-wrap\" data-name=\"datenschutz\"><span class=\"wpcf7-form-control wpcf7-acceptance\"><span class=\"wpcf7-list-item\"><label><input type=\"checkbox\" name=\"datenschutz\" value=\"1\" aria-invalid=\"false\" \/><span class=\"wpcf7-list-item-label\">* Ich habe die <a href=\"\/de\/datenschutz\/\" target=\"_blank\">Datenschutzerkl\u00e4rung<\/a> gelesen.<\/span><\/label><\/span><\/span><\/span><\/col>\n<\/div>\n<div class=\"row mb-2\">\n<div class=\"d-none\"><input class=\"wpcf7-form-control wpcf7-hidden\" value=\"de\" type=\"hidden\" name=\"lang\" \/><input class=\"wpcf7-form-control wpcf7-hidden\" value=\"false\" type=\"hidden\" name=\"reguest\" \/><span id=\"wpcf7-6a05cd1ecb28b-wrapper\" class=\"wpcf7-form-control-wrap country-wrap\" style=\"display:none !important; visibility:hidden !important;\"><label for=\"wpcf7-6a05cd1ecb28b-field\" class=\"hp-message\">Please leave this field empty.<\/label><input id=\"wpcf7-6a05cd1ecb28b-field\"  class=\"wpcf7-form-control wpcf7-text\" type=\"text\" name=\"country\" value=\"\" size=\"40\" tabindex=\"-1\" autocomplete=\"new-password\" \/><\/span><input class=\"wpcf7-form-control wpcf7-hidden\" value=\"\/de\/anfrage\/danke\/\" type=\"hidden\" name=\"wpcf7redir\" \/><\/div>\n<div class=\"col-sm-12 col-md-12\"><input class=\"wpcf7-form-control wpcf7-submit has-spinner btn btn-primary\" type=\"submit\" value=\"Anfrage absenden\" \/><\/div>\n<\/div>\n<\/div>\n<div class=\"wpcf7-response-output\" aria-hidden=\"true\"><\/div>\n<\/div>\n<\/div>\n<\/form>\n<\/div>\n\n","protected":false},"excerpt":{"rendered":"<p>Unverbindliche Anfrage Gerne erstellen wir Ihnen ein individuelles Angebot f\u00fcr Ihren Urlaub im Hotel Andy. Bitte f\u00fcllen Sie dazu das nachstehenden Formular vollst\u00e4ndig aus und best\u00e4tigen Sie Ihre Eingabe mit Klick auf die Schaltfl\u00e4che &#8222;Absenden&#8220;. Wir rufen Sie auch gerne zur\u00fcck und beantworten Ihre Fragen direkt. Die aktuellen Buchungsinfos finden Sie hier.<\/p>\n","protected":false},"author":1007,"featured_media":11296,"parent":0,"menu_order":90,"comment_status":"closed","ping_status":"closed","template":"","meta":{"footnotes":""},"position":[],"class_list":["post-23","page","type-page","status-publish","has-post-thumbnail","hentry"],"meta_box":{"attachment":[],"dreisechzig":""},"_links":{"self":[{"href":"https:\/\/www.hotelandy.com\/de\/wp-json\/wp\/v2\/pages\/23","targetHints":{"allow":["GET"]}}],"collection":[{"href":"https:\/\/www.hotelandy.com\/de\/wp-json\/wp\/v2\/pages"}],"about":[{"href":"https:\/\/www.hotelandy.com\/de\/wp-json\/wp\/v2\/types\/page"}],"author":[{"embeddable":true,"href":"https:\/\/www.hotelandy.com\/de\/wp-json\/wp\/v2\/users\/1007"}],"replies":[{"embeddable":true,"href":"https:\/\/www.hotelandy.com\/de\/wp-json\/wp\/v2\/comments?post=23"}],"version-history":[{"count":0,"href":"https:\/\/www.hotelandy.com\/de\/wp-json\/wp\/v2\/pages\/23\/revisions"}],"wp:featuredmedia":[{"embeddable":true,"href":"https:\/\/www.hotelandy.com\/de\/wp-json\/wp\/v2\/media\/11296"}],"wp:attachment":[{"href":"https:\/\/www.hotelandy.com\/de\/wp-json\/wp\/v2\/media?parent=23"}],"wp:term":[{"taxonomy":"position","embeddable":true,"href":"https:\/\/www.hotelandy.com\/de\/wp-json\/wp\/v2\/position?post=23"}],"curies":[{"name":"wp","href":"https:\/\/api.w.org\/{rel}","templated":true}]}}