{"id":250,"date":"2012-05-31T11:33:05","date_gmt":"2012-05-31T10:33:05","guid":{"rendered":"\/\/www.hotelandy.com\/?page_id=250"},"modified":"2024-08-16T14:50:40","modified_gmt":"2024-08-16T12:50:40","slug":"philosophie","status":"publish","type":"page","link":"https:\/\/www.hotelandy.com\/de\/hotel-pitztal\/philosophie\/","title":{"rendered":"Philosophie"},"content":{"rendered":"\n<h1 class=\"wp-block-heading has-text-align-center\">Unsere Philosophie<\/h1>\n\n\n\n<p class=\"has-text-align-left col-sm-12 col-md-8 offset-md-2\"><strong>Grenzenlose Freiheit. Nur tun, worauf Sie Lust haben.<\/strong> Raum f\u00fcr neue Ideen. F\u00fcr die ganze Familie. F\u00fcr das Ich. Viel Raum und Urlaubsfreiheit, umgeben von herzlicher Gastfreundschaft und mit allen Annehmlichkeiten eines 4*S-Hotels mit gro\u00dfz\u00fcgigem <a href=\"https:\/\/www.hotelandy.com\/wellness-spa-vital\/\">Wellnessbereich<\/a>&nbsp;und&nbsp;<a href=\"https:\/\/www.hotelandy.com\/hotel-pitztal\/restaurant\/\">\u00e0 la carte Restaurant<\/a>. <strong>Meine Art. Leben.<\/strong><\/p>\n\n\n\n<div style=\"height:20px\" aria-hidden=\"true\" class=\"wp-block-spacer\"><\/div>\n\n\n\n<h2 class=\"wp-block-heading has-text-align-center\">Mein Urlaub. Meine Zeit.<\/h2>\n\n\n\n<p class=\"has-text-align-left col-sm-12 col-md-8 offset-md-2\">Nehmen Sie Platz am sch\u00f6n gedeckten Tisch und starten Sie mit unserem reichhaltigen Fr\u00fchst\u00fccksbuffet in den Tag. Kochen Sie gerne f\u00fcr Ihre Lieben? Oder bevorzugen Sie Fine Dining im <a href=\"https:\/\/www.hotelandy.com\/hotel-pitztal\/restaurant\/\">Restaurant<\/a>? Im Andy ist alles m\u00f6glich. W\u00e4hlen Sie t\u00e4glich aufs Neue, wie Ihr perfekter Urlaubstag aussieht. Wir k\u00fcmmern uns sehr gerne um Ihre W\u00fcnsche und Anliegen.<\/p>\n\n\n\n<div style=\"height:20px\" aria-hidden=\"true\" class=\"wp-block-spacer\"><\/div>\n\n\n\n<div class=\"wp-block-group is-layout-constrained wp-block-group-is-layout-constrained\">    <div id=\"collage-56918\" class=\"collage collage-grid\">\n                    <div class=\"col-lg-3 col-md-4 col-6 m-0 p-0\">\n                <a href=\"https:\/\/www.hotelandy.com\/wp-content\/uploads\/2019\/07\/apartment25.jpg\" class=\"d-block m-1 h-100\" data-fslightbox=\"gallery\">\n                    <img decoding=\"async\" class=\"img-fluid\" src=\"https:\/\/www.hotelandy.com\/wp-content\/uploads\/2019\/07\/apartment25-640x640.jpg\" alt=\"\" title=\"\">\n                <\/a>\n            <\/div>\n                    <div class=\"col-lg-3 col-md-4 col-6 m-0 p-0\">\n                <a href=\"https:\/\/www.hotelandy.com\/wp-content\/uploads\/2019\/08\/190812_134916-89.jpg\" class=\"d-block m-1 h-100\" data-fslightbox=\"gallery\">\n                    <img decoding=\"async\" class=\"img-fluid\" src=\"https:\/\/www.hotelandy.com\/wp-content\/uploads\/2019\/08\/190812_134916-89-640x640.jpg\" alt=\"\" title=\"\">\n                <\/a>\n            <\/div>\n                    <div class=\"col-lg-3 col-md-4 col-6 m-0 p-0\">\n                <a href=\"https:\/\/www.hotelandy.com\/wp-content\/uploads\/2019\/07\/apartment-8.jpg\" class=\"d-block m-1 h-100\" data-fslightbox=\"gallery\">\n                    <img decoding=\"async\" class=\"img-fluid\" src=\"https:\/\/www.hotelandy.com\/wp-content\/uploads\/2019\/07\/apartment-8-640x640.jpg\" alt=\"\" title=\"\">\n                <\/a>\n            <\/div>\n                    <div class=\"col-lg-3 col-md-4 col-6 m-0 p-0\">\n                <a href=\"https:\/\/www.hotelandy.com\/wp-content\/uploads\/2019\/08\/190812_140122-99-1.jpg\" class=\"d-block m-1 h-100\" data-fslightbox=\"gallery\">\n                    <img decoding=\"async\" class=\"img-fluid\" src=\"https:\/\/www.hotelandy.com\/wp-content\/uploads\/2019\/08\/190812_140122-99-1-640x640.jpg\" alt=\"\" title=\"\">\n                <\/a>\n            <\/div>\n            <\/div>\n\n\n<\/div>\n\n\n\n<div style=\"height:20px\" aria-hidden=\"true\" class=\"wp-block-spacer\"><\/div>\n\n\n\n<div class=\"wp-block-group is-layout-constrained wp-block-group-is-layout-constrained\">\n<h2 class=\"wp-block-heading has-text-align-center\">Mein Reich. Exklusive Apartments auf 1.500 Metern Seeh\u00f6he<\/h2>\n\n\n\n<p>Andy verf\u00fcgt \u00fcber 24 luxuri\u00f6se <a href=\"https:\/\/www.hotelandy.com\/de\/apartments-hochzeiger-jerzens\/\">Apartments<\/a> in der Gr\u00f6\u00dfenordnung von 40 bis 85 Quadratmetern. Hier finden Familien genauso ihren Lieblingsplatz wie Turteltauben, Freundinnen oder Mehr-Generationen-Urlauber. Das exklusive Interior besticht durch edle Stoffe, hochwertige B\u00f6den, luxuri\u00f6se B\u00e4der und wunderbare Betten, die Sie sanft in einen tiefen, erholsamen Schlaf gleiten lassen. Wer lieber in einem Zimmer n\u00e4chtigt, der kann sich nach wie vor \u00fcber die Vorz\u00fcge unserer komfortablen <a href=\"https:\/\/www.hotelandy.com\/de\/apartments-hochzeiger-jerzens\/\">Zirben-Doppelzimmer<\/a> freuen.&nbsp;Alle Wohnungen verf\u00fcgen \u00fcber eine top moderne, bestens ausgestattete K\u00fcche. Flat-TV, Safe, Telefon sowie kostenloses WLAN und gratis Garagenpl\u00e4tze sind ebenso selbstverst\u00e4ndlich wie gem\u00fctliche Sitzm\u00f6glichkeiten und gro\u00dfz\u00fcgige Schr\u00e4nke. Alle <a href=\"https:\/\/www.hotelandy.com\/de\/apartments-hochzeiger-jerzens\/\">Ferienwohnungen und Zimmer<\/a> verf\u00fcgen \u00fcber Balkon oder Terrasse, die zum Sonne tanken und Frischluft genie\u00dfen laden.<\/p>\n\n\n\n<div style=\"height:20px\" aria-hidden=\"true\" class=\"wp-block-spacer\"><\/div>\n\n\n<h3><\/h3>\n<p><\/p>\n<div class=\"accordion\" id=\"accordionParent\">\n        <div class=\"accordion-item\">\n        <div class=\"accordion-header border-bottom-0 bg-transparent\" id=\"heading14453\">\n            <button class=\"accordion-button bg-transparent border-0 collapsed\" data-bs-toggle=\"collapse\" data-bs-target=\"#collapse14453\">Das Andy Hotel Apartment Wellness im \u00dcberblick<\/button>\n        <\/div>\n        <div class=\"accordion-collapse collapse\" id=\"collapse14453\" data-bs-parent=\"#accordionParent\">\n            <div class=\"accordion-body\">\n<ul class=\"bullets wp-block-list\">\n<li>Exklusive Apartments von 40 bis 85 Quadratmetern<\/li>\n\n\n\n<li>Hochwertiges Interior mit Naturh\u00f6lzern und feinen Stoffen<\/li>\n\n\n\n<li>Mit top-modernen, voll ausgestatteten K\u00fcchen<\/li>\n\n\n\n<li>Komfortable Doppelzimmer (30 m\u00b2)<\/li>\n\n\n\n<li>Alle Zimmer und Apartments mit Balkon oder Terrasse<\/li>\n\n\n\n<li>Gratis Garagenplatz und WLAN, Flat-TV, Telefon, Safe<\/li>\n\n\n\n<li>Reichhaltiges Fr\u00fchst\u00fcck bei allen Buchungen inkludiert<\/li>\n\n\n\n<li>\u00c0 la carte Restaurant im Haus<\/li>\n\n\n\n<li>Wellnessbereich auf 1.500 m\u00b2 mit unterschiedlichen Saunen<\/li>\n\n\n\n<li>Fitnessraum, Pool-Landschaft, Ruher\u00e4ume<\/li>\n\n\n\n<li>Kosmetik, Massagen, Body-Treatments<\/li>\n\n\n\n<li>Angenehme Atmosph\u00e4re und pers\u00f6nlicher Service<\/li>\n<\/ul>\n<\/div>\n        <\/div>\n    <\/div>\n        <div class=\"accordion-item\">\n        <div class=\"accordion-header border-bottom-0 bg-transparent\" id=\"heading10404\">\n            <button class=\"accordion-button bg-transparent border-0 collapsed\" data-bs-toggle=\"collapse\" data-bs-target=\"#collapse10404\">Inklusivleistungen<\/button>\n        <\/div>\n        <div class=\"accordion-collapse collapse\" id=\"collapse10404\" data-bs-parent=\"#accordionParent\">\n            <div class=\"accordion-body\">\n<ul class=\"wp-block-list\">\n<li><strong>Fr\u00fchst\u00fcck<\/strong>&nbsp;im Speisesaal oder im Apartment<\/li>\n\n\n\n<li><a href=\"https:\/\/www.hotelandy.com\/de\/sommerurlaub-pitztal-tirol\/#s7646\">Pitztal Sommercard<\/a>\u00a0\u2013 Kostenloser Zugang im Sommer zu allen Bergbahnen und weitere Erm\u00e4\u00dfigungen<\/li>\n\n\n\n<li>Freie Benutzung des 1.500m\u00b2 gro\u00dfen&nbsp;<strong>Spa-Bereichs<\/strong>&nbsp;mit Hallenbad und Au\u00dfen-Whirlpool<\/li>\n\n\n\n<li><strong>Badetasche<\/strong>&nbsp;mit kuscheligem Bademantel und Handt\u00fcchern<\/li>\n\n\n\n<li><strong>Aktivprogramm<\/strong>\u00a02x pro Woche mit gef\u00fchrten Wanderungen<\/li>\n\n\n\n<li>1x&nbsp;<strong>Zwischenreinigung<\/strong>&nbsp;pro Woche ab einem Aufenthalt von 7 Tagen<\/li>\n<\/ul>\n<\/div>\n        <\/div>\n    <\/div>\n    <\/div>\n<\/div>\n\n\n\n<div style=\"height:40px\" aria-hidden=\"true\" class=\"wp-block-spacer\"><\/div>\n\n\n\n<div style=\"height:20px\" aria-hidden=\"true\" class=\"wp-block-spacer\"><\/div>\n\n\n\n<div class=\"wp-block-group is-layout-constrained wp-block-group-is-layout-constrained\">\n<figure class=\"wp-block-image size-slide\"><img loading=\"lazy\" decoding=\"async\" width=\"1920\" height=\"540\" src=\"https:\/\/www.hotelandy.com\/wp-content\/uploads\/2019\/01\/wandern-sommer-hochzeiger-paar-1920x540.jpg\" alt=\"\" class=\"wp-image-10336\" title=\"\"><\/figure>\n<\/div>\n\n\n\n<div style=\"height:20px\" aria-hidden=\"true\" class=\"wp-block-spacer\"><\/div>\n\n\n\n<div class=\"wp-block-group is-layout-constrained wp-block-group-is-layout-constrained\">\n<h2 class=\"wp-block-heading has-text-align-center\">Meine Ferien. Mein Wohlbefinden.<\/h2>\n\n\n\n<p>Wir sind \u00fcberzeugt, die Gesundheit und das Wohlbefinden haben immer oberste Priorit\u00e4t in Ihrem Urlaub im Hotel Apartment Andy. Unser Beitrag zu Ihrer Gesundheit und Wohlbefinden ist einerseits die Natur, die von selbst das meiste dazu beitr\u00e4gt, damit Sie sich rundum wohlf\u00fchlen. Frische, saubere, gesunde Bergluft, kristallklares Bergwasser und wunderbare Orte zum Kraft tanken: auf den Gipfeln der Pitztaler Alpen, auf dem weichen Almenboden rund um Jerzens, herunten im Tal, beim Spazieren, Wandern, Walken, Laufen oder Biken. Es ist sch\u00f6n, sich in den eigenen vier W\u00e4nden entspannen zu k\u00f6nnen. Es ist aber auch sch\u00f6n, den Mehrwert eines gehobenen Hotels zu genie\u00dfen. Dazu geh\u00f6rt die <a href=\"https:\/\/www.hotelandy.com\/wellness-spa-vital\/\">Wellnesslandschaft<\/a> des Andy. Auf 1.500 m\u00b2 findet hier jeder zu neuer Kraft, Vitalit\u00e4t und Wohlbefinden. Saunieren, Ruhen, Schwimmen, Body Treatments, Kosmetik und Fitness. Alles, damit K\u00f6rper, Geist und Seele wieder in Balance kommen.<\/p>\n<\/div>\n\n\n\n<div style=\"height:20px\" aria-hidden=\"true\" class=\"wp-block-spacer\"><\/div>\n\n\n<div class=\"container no-gutters py-5\">\n    <div class=\"slideshow-swiper-wrapper position-relative\">\n        <div class=\"swiper slideshow-swiper gallery-86537 gallery\" data-slider=\"86537\">\n            <div class=\"swiper-wrapper\">\n                                    <div class=\"swiper-slide\">\n                        <img decoding=\"async\" class=\"img-fluid\" src=\"https:\/\/www.hotelandy.com\/wp-content\/uploads\/2019\/07\/wellness-foyer1-1920x1080.jpg\" alt=\"\" title=\"\">\n                    <\/div>\n                                    <div class=\"swiper-slide\">\n                        <img decoding=\"async\" class=\"img-fluid\" src=\"https:\/\/www.hotelandy.com\/wp-content\/uploads\/2019\/07\/wellness-hallenbad2-1920x1080.jpg\" alt=\"\" title=\"\">\n                    <\/div>\n                                    <div class=\"swiper-slide\">\n                        <img decoding=\"async\" class=\"img-fluid\" src=\"https:\/\/www.hotelandy.com\/wp-content\/uploads\/2019\/07\/wellness-ruheraum-wasserbetten2-1-1920x1080.jpg\" alt=\"\" title=\"\">\n                    <\/div>\n                                    <div class=\"swiper-slide\">\n                        <img decoding=\"async\" class=\"img-fluid\" src=\"https:\/\/www.hotelandy.com\/wp-content\/uploads\/2019\/07\/wellness-ruheraum-wasserbetten-detail-1920x1080.jpg\" alt=\"\" title=\"\">\n                    <\/div>\n                                    <div class=\"swiper-slide\">\n                        <img decoding=\"async\" class=\"img-fluid\" src=\"https:\/\/www.hotelandy.com\/wp-content\/uploads\/2019\/07\/wellness-teebar1-1920x1080.jpg\" alt=\"\" title=\"\">\n                    <\/div>\n                                    <div class=\"swiper-slide\">\n                        <img decoding=\"async\" class=\"img-fluid\" src=\"https:\/\/www.hotelandy.com\/wp-content\/uploads\/2019\/07\/wellness-infrarotsessel3-1920x1080.jpg\" alt=\"\" title=\"\">\n                    <\/div>\n                                    <div class=\"swiper-slide\">\n                        <img decoding=\"async\" class=\"img-fluid\" src=\"https:\/\/www.hotelandy.com\/wp-content\/uploads\/2019\/07\/wellness-sitznische-1920x1080.jpg\" alt=\"\" title=\"\">\n                    <\/div>\n                                    <div class=\"swiper-slide\">\n                        <img decoding=\"async\" class=\"img-fluid\" src=\"https:\/\/www.hotelandy.com\/wp-content\/uploads\/2019\/07\/wellness-ruheraum9-1920x1080.jpg\" alt=\"\" title=\"\">\n                    <\/div>\n                                    <div class=\"swiper-slide\">\n                        <img decoding=\"async\" class=\"img-fluid\" src=\"https:\/\/www.hotelandy.com\/wp-content\/uploads\/2019\/07\/wellness-ruheraum5-1-1920x1080.jpg\" alt=\"\" title=\"\">\n                    <\/div>\n                                    <div class=\"swiper-slide\">\n                        <img decoding=\"async\" class=\"img-fluid\" src=\"https:\/\/www.hotelandy.com\/wp-content\/uploads\/2019\/07\/wellness-ruheraum-liegen1-1920x1080.jpg\" alt=\"\" title=\"\">\n                    <\/div>\n                                    <div class=\"swiper-slide\">\n                        <img decoding=\"async\" class=\"img-fluid\" src=\"https:\/\/www.hotelandy.com\/wp-content\/uploads\/2019\/07\/wellness-kristall-dampfbad1-1920x1080.jpg\" alt=\"\" title=\"\">\n                    <\/div>\n                                    <div class=\"swiper-slide\">\n                        <img decoding=\"async\" class=\"img-fluid\" src=\"https:\/\/www.hotelandy.com\/wp-content\/uploads\/2019\/07\/wellness-finnische-sauna-1920x1080.jpg\" alt=\"\" title=\"\">\n                    <\/div>\n                                    <div class=\"swiper-slide\">\n                        <img decoding=\"async\" class=\"img-fluid\" src=\"https:\/\/www.hotelandy.com\/wp-content\/uploads\/2017\/07\/wellness-eisgrotte-1920x1080.jpg\" alt=\"\" title=\"\">\n                    <\/div>\n                                    <div class=\"swiper-slide\">\n                        <img decoding=\"async\" class=\"img-fluid\" src=\"https:\/\/www.hotelandy.com\/wp-content\/uploads\/2019\/07\/wellness-garten4-1920x1080.jpg\" alt=\"\" title=\"\">\n                    <\/div>\n                                    <div class=\"swiper-slide\">\n                        <img decoding=\"async\" class=\"img-fluid\" src=\"https:\/\/www.hotelandy.com\/wp-content\/uploads\/2019\/07\/wellness-aussenpool2-1920x1080.jpg\" alt=\"\" title=\"\">\n                    <\/div>\n                                    <div class=\"swiper-slide\">\n                        <img decoding=\"async\" class=\"img-fluid\" src=\"https:\/\/www.hotelandy.com\/wp-content\/uploads\/2019\/07\/wellness-garten3-1920x1080.jpg\" alt=\"\" title=\"\">\n                    <\/div>\n                            <\/div>\n        <\/div>\n        <div class=\"gallery-arrow-prev slideshow-arrow-prev-86537 swiper-button-prev d-none d-md-block\"><\/div>\n        <div class=\"gallery-arrow-next slideshow-arrow-next-86537 swiper-button-next d-none d-md-block\"><\/div>\n        <div class=\"slideshow-swiper-pagination-86537 swiper-pagination\"><\/div>\n    <\/div>\n<\/div>\n\n\n\n<div style=\"height:40px\" aria-hidden=\"true\" class=\"wp-block-spacer\"><\/div>\n\n\n\n<h2 class=\"wp-block-heading has-text-align-center\">Mein Genuss. \u00c0 la carte speisen und regional shoppen<\/h2>\n\n\n\n<p class=\"col-sm-12 col-md-8 offset-md-2\">Auch wer gerne kocht, genie\u00dft es, verw\u00f6hnt zu werden. In unserem <a href=\"https:\/\/www.hotelandy.com\/hotel-pitztal\/restaurant\/\">Restaurant<\/a> k\u00f6nnen Sie \u00e0 la carte feinste Spezialit\u00e4ten aus der Tiroler und internationalen K\u00fcche gustieren. Lassen Sie sich den Aperitif an der Bar schmecken oder den Abend bei einem guten Glas Wein und einem sch\u00f6nen Gespr\u00e4ch hier ausklingen. Aufmerksamer Service, eine entspannte Atmosph\u00e4re und spannende Geschmacksvielfalt: Genie\u00dfen Sie Ihre Zeit bei uns.<\/p>\n\n\n\n<div style=\"height:20px\" aria-hidden=\"true\" class=\"wp-block-spacer\"><\/div>\n\n\n\n<div class=\"wp-block-group is-layout-constrained wp-block-group-is-layout-constrained\">    <div id=\"collage-18593\" class=\"collage collage-grid\">\n                    <div class=\"col-lg-3 col-md-4 col-6 m-0 p-0\">\n                <a href=\"https:\/\/www.hotelandy.com\/wp-content\/uploads\/2025\/04\/DSC7896-scaled.jpg\" class=\"d-block m-1 h-100\" data-fslightbox=\"gallery\">\n                    <img decoding=\"async\" class=\"img-fluid\" src=\"https:\/\/www.hotelandy.com\/wp-content\/uploads\/2025\/04\/DSC7896-640x640.jpg\" alt=\"\" title=\"\">\n                <\/a>\n            <\/div>\n                    <div class=\"col-lg-3 col-md-4 col-6 m-0 p-0\">\n                <a href=\"https:\/\/www.hotelandy.com\/wp-content\/uploads\/2025\/04\/8-scaled.png\" class=\"d-block m-1 h-100\" data-fslightbox=\"gallery\">\n                    <img decoding=\"async\" class=\"img-fluid\" src=\"https:\/\/www.hotelandy.com\/wp-content\/uploads\/2025\/04\/8-640x640.png\" alt=\"\" title=\"\">\n                <\/a>\n            <\/div>\n                    <div class=\"col-lg-3 col-md-4 col-6 m-0 p-0\">\n                <a href=\"https:\/\/www.hotelandy.com\/wp-content\/uploads\/2025\/04\/DSC7876-scaled.jpg\" class=\"d-block m-1 h-100\" data-fslightbox=\"gallery\">\n                    <img decoding=\"async\" class=\"img-fluid\" src=\"https:\/\/www.hotelandy.com\/wp-content\/uploads\/2025\/04\/DSC7876-640x640.jpg\" alt=\"\" title=\"\">\n                <\/a>\n            <\/div>\n                    <div class=\"col-lg-3 col-md-4 col-6 m-0 p-0\">\n                <a href=\"https:\/\/www.hotelandy.com\/wp-content\/uploads\/2025\/04\/9-scaled.png\" class=\"d-block m-1 h-100\" data-fslightbox=\"gallery\">\n                    <img decoding=\"async\" class=\"img-fluid\" src=\"https:\/\/www.hotelandy.com\/wp-content\/uploads\/2025\/04\/9-640x640.png\" alt=\"\" title=\"\">\n                <\/a>\n            <\/div>\n            <\/div>\n\n\n<\/div>\n\n\n\n<div style=\"height:20px\" aria-hidden=\"true\" class=\"wp-block-spacer\"><\/div>\n\n\n\n<p class=\"col-sm-12 col-md-8 offset-md-2\">Genuss hat im Andy viele Gesichter. Eines davon ist unser<strong> Shop<\/strong>.&nbsp;In <strong>Andy s&#8217;ladele<\/strong> erhalten Sie K\u00f6stlichkeiten, Zirbenprodukte sowie Naturprodukte aus der Region. Auch feine Weine zum Vinothekspreis, Edelbr\u00e4nde und tolle Geschenke f\u00fcr die Daheimgebliebenen geh\u00f6ren zum Sortiment. Unser Tipp: Produkte von der duftenden, gesundheitsf\u00f6rdernden Zirbe sind immer ein passendes \u201eMitbringsel\u201c aus Ihrem Urlaub hier im Pitztal.<\/p>\n\n\n\n<div style=\"height:40px\" aria-hidden=\"true\" class=\"wp-block-spacer\"><\/div>\n\n\n\n<div class=\"wp-block-group is-layout-constrained wp-block-group-is-layout-constrained\">\n<figure class=\"wp-block-image size-slide\"><img loading=\"lazy\" decoding=\"async\" width=\"1920\" height=\"540\" src=\"https:\/\/www.hotelandy.com\/wp-content\/uploads\/2012\/05\/hotel_andy_pitztal_sommer_2012_417-1920x540.jpg\" alt=\"\" class=\"wp-image-2504\" title=\"\"><\/figure>\n<\/div>\n\n\n\n<div style=\"height:20px\" aria-hidden=\"true\" class=\"wp-block-spacer\"><\/div>\n\n\n\n<h2 class=\"wp-block-heading has-text-align-center\">Nachhaltigkeit f\u00fcr die Natur des Pitztals<\/h2>\n\n\n\n<p class=\"col-sm-12 col-md-8 offset-md-2\">In allem, was das Andy Hotel Apartment Wellness macht und wann immer es m\u00f6glich ist, beziehen wir die Natur und die <a href=\"https:\/\/www.hotelandy.com\/de\/hochzeiger-im-pitztal\/\">Pitztaler Umgebung<\/a> mit ein. Denn eins ist klar: So wie wir nur eine Gesundheit besitzen, haben wir auch nur eine Natur, die es zu sch\u00fctzen gilt. F\u00fcr das Auge, und insbesondere f\u00fcr das Wohlgef\u00fchl, haben wir im Andy heimische H\u00f6lzer wie L\u00e4rche und Zirbe integriert, nat\u00fcrlich aus der Pitztaler Region. Im Zeichen des Umweltgedankens haben wir Photovoltaik-Anlagen sowie Anlagen zur W\u00e4rmer\u00fcckgewinnung installiert. Das sch\u00fctzt das Klima und ist Teil der <a href=\"https:\/\/www.hotelandy.com\/hotel-pitztal\/nachhaltigkeit\/\">Nachhaltigkeit<\/a>, die sich fortsetzt im Einkauf der Lebensmittel, in der Entsorgung des M\u00fclls, beim Waschen, Putzen und im Umgang mit all unseren kostbaren Ressourcen. Damit aber nicht genug.&nbsp;Nachhaltigkeit&nbsp;ist f\u00fcr uns viel mehr. Sie ist Teil Ihres&nbsp;ganzheitlichen Wohlbefindens, das Sie hier im Andy Hotel Apartment Wellness empf\u00e4ngt und durch Ihren gesamten Urlaub begleitet.<\/p>\n\n\n\n<div style=\"height:20px\" aria-hidden=\"true\" class=\"wp-block-spacer\"><\/div>\n\n\n\n<div class=\"wp-block-group text-center is-layout-flow wp-block-group-is-layout-flow\">\n<div class=\"btn-group\" role=\"group\" aria-label=\"Button Group\">\n<a class=\"btn btn-primary\" href=\"https:\/\/www.hotelandy.com\/apartment-services\/\" role=\"button\">Services<\/a>\n\n\n\n<a class=\"btn btn-primary\" href=\"https:\/\/www.hotelandy.com\/de\/apartments-hochzeiger-jerzens\/\" role=\"button\">Apartments<\/a>\n\n\n\n<a class=\"btn btn-primary\" href=\"https:\/\/www.hotelandy.com\/urlaub-angebote\/\" role=\"button\">Angebote<\/a>\n<\/div>\n<\/div>\n\n\n\n<div style=\"height:40px\" aria-hidden=\"true\" class=\"wp-block-spacer\"><\/div>\n\n\n\n<div class=\"wp-block-group is-layout-constrained wp-block-group-is-layout-constrained\">\n<figure class=\"wp-block-image size-slide\"><img loading=\"lazy\" decoding=\"async\" width=\"1920\" height=\"540\" src=\"https:\/\/www.hotelandy.com\/wp-content\/uploads\/2019\/07\/wellness-hallenbad2-1920x540.jpg\" alt=\"\" class=\"wp-image-11396\" title=\"\"><\/figure>\n<\/div>\n\n\n\n<div style=\"height:20px\" aria-hidden=\"true\" class=\"wp-block-spacer\"><\/div>\n\n\n\n<div id=\"granderwasser\" class=\"wp-block-group is-layout-constrained wp-block-group-is-layout-constrained\">\n<h2 class=\"wp-block-heading has-text-align-center\">Granderwasser<\/h2>\n\n\n\n<p>Wasser hat von seinem Ursprung her eine besondere Kraft, die durch Umwelteinfl\u00fcsse und den Transport in Druckleitungen verloren gehen kann. Durch die Kontaktnahme mit Grander Informationswasser wird es in die Lage versetzt, diese Urkraft wieder aufzubauen. Die Belebung erfolgt unter anderem durch Ger\u00e4te, die in die Wasserleitungen eingebaut werden. Begeisterte Anwender der Grander Technologie sprechen von feinerem Geschmack des Wassers, l\u00e4ngere Haltbarkeit, gesteigertem Wohlbefinden, wohlschmeckenderen Lebensmitteln und auffallender Blumenpracht. Im Hotel ANDY findet unser Granderwasser in allen Bereichen seine Anwendung. Aus jeder Wasserleitung \u2013 sei es im Zimmer oder im Restaurant \u2013 flie\u00dft das aufbereitete, kostbare Gut. Auch im Bad, unter der Dusche und sogar in unserem Schwimmbad verw\u00f6hnt Sie die urspr\u00fcngliche Kraft des nassen Elementes.<\/p>\n<\/div>\n\n\n\n<div style=\"height:30px\" aria-hidden=\"true\" class=\"wp-block-spacer\"><\/div>\n","protected":false},"excerpt":{"rendered":"<p>Unsere Philosophie Grenzenlose Freiheit. Nur tun, worauf Sie Lust haben. Raum f\u00fcr neue Ideen. F\u00fcr die ganze Familie. F\u00fcr das Ich. Viel Raum und Urlaubsfreiheit, umgeben von herzlicher Gastfreundschaft und mit allen Annehmlichkeiten eines 4*S-Hotels mit gro\u00dfz\u00fcgigem Wellnessbereich&nbsp;und&nbsp;\u00e0 la carte Restaurant. Meine Art. Leben. Mein Urlaub. Meine Zeit. Nehmen Sie Platz am sch\u00f6n gedeckten Tisch [&hellip;]<\/p>\n","protected":false},"author":1007,"featured_media":15281,"parent":264,"menu_order":78,"comment_status":"closed","ping_status":"closed","template":"","meta":{"footnotes":""},"position":[],"class_list":["post-250","page","type-page","status-publish","has-post-thumbnail","hentry"],"meta_box":{"attachment":[],"dreisechzig":""},"_links":{"self":[{"href":"https:\/\/www.hotelandy.com\/de\/wp-json\/wp\/v2\/pages\/250","targetHints":{"allow":["GET"]}}],"collection":[{"href":"https:\/\/www.hotelandy.com\/de\/wp-json\/wp\/v2\/pages"}],"about":[{"href":"https:\/\/www.hotelandy.com\/de\/wp-json\/wp\/v2\/types\/page"}],"author":[{"embeddable":true,"href":"https:\/\/www.hotelandy.com\/de\/wp-json\/wp\/v2\/users\/1007"}],"replies":[{"embeddable":true,"href":"https:\/\/www.hotelandy.com\/de\/wp-json\/wp\/v2\/comments?post=250"}],"version-history":[{"count":0,"href":"https:\/\/www.hotelandy.com\/de\/wp-json\/wp\/v2\/pages\/250\/revisions"}],"up":[{"embeddable":true,"href":"https:\/\/www.hotelandy.com\/de\/wp-json\/wp\/v2\/pages\/264"}],"wp:featuredmedia":[{"embeddable":true,"href":"https:\/\/www.hotelandy.com\/de\/wp-json\/wp\/v2\/media\/15281"}],"wp:attachment":[{"href":"https:\/\/www.hotelandy.com\/de\/wp-json\/wp\/v2\/media?parent=250"}],"wp:term":[{"taxonomy":"position","embeddable":true,"href":"https:\/\/www.hotelandy.com\/de\/wp-json\/wp\/v2\/position?post=250"}],"curies":[{"name":"wp","href":"https:\/\/api.w.org\/{rel}","templated":true}]}}