{"id":264,"date":"2012-05-31T12:46:12","date_gmt":"2012-05-31T10:46:12","guid":{"rendered":"\/\/www.hotelandy.com\/?page_id=264"},"modified":"2023-08-15T10:27:57","modified_gmt":"2023-08-15T08:27:57","slug":"hotel-pitztal","status":"publish","type":"page","link":"https:\/\/www.hotelandy.com\/de\/hotel-pitztal\/","title":{"rendered":"Hotel"},"content":{"rendered":"\n<h1 class=\"wp-block-heading has-text-align-center\">Willkommen im Hotel Andy<\/h1>\n\n\n\n<h2 class=\"wp-block-heading has-text-align-center\">Apartments mit Wellness im Pitztal<\/h2>\n\n\n\n<div style=\"height:20px\" aria-hidden=\"true\" class=\"wp-block-spacer\"><\/div>\n\n\n\n<div class=\"wp-block-group is-layout-constrained wp-block-group-is-layout-constrained\">    <div id=\"collage-41523\" class=\"collage collage-grid\">\n                    <div class=\"col-lg-3 col-md-4 col-6 m-0 p-0\">\n                <a href=\"https:\/\/www.hotelandy.com\/wp-content\/uploads\/2019\/07\/apartment25.jpg\" class=\"d-block m-1 h-100\" data-fslightbox=\"gallery\">\n                    <img decoding=\"async\" class=\"img-fluid\" src=\"https:\/\/www.hotelandy.com\/wp-content\/uploads\/2019\/07\/apartment25-640x640.jpg\" alt=\"\" title=\"\">\n                <\/a>\n            <\/div>\n                    <div class=\"col-lg-3 col-md-4 col-6 m-0 p-0\">\n                <a href=\"https:\/\/www.hotelandy.com\/wp-content\/uploads\/2019\/08\/190812_134916-89.jpg\" class=\"d-block m-1 h-100\" data-fslightbox=\"gallery\">\n                    <img decoding=\"async\" class=\"img-fluid\" src=\"https:\/\/www.hotelandy.com\/wp-content\/uploads\/2019\/08\/190812_134916-89-640x640.jpg\" alt=\"\" title=\"\">\n                <\/a>\n            <\/div>\n                    <div class=\"col-lg-3 col-md-4 col-6 m-0 p-0\">\n                <a href=\"https:\/\/www.hotelandy.com\/wp-content\/uploads\/2019\/07\/apartment-8.jpg\" class=\"d-block m-1 h-100\" data-fslightbox=\"gallery\">\n                    <img decoding=\"async\" class=\"img-fluid\" src=\"https:\/\/www.hotelandy.com\/wp-content\/uploads\/2019\/07\/apartment-8-640x640.jpg\" alt=\"\" title=\"\">\n                <\/a>\n            <\/div>\n                    <div class=\"col-lg-3 col-md-4 col-6 m-0 p-0\">\n                <a href=\"https:\/\/www.hotelandy.com\/wp-content\/uploads\/2019\/08\/190812_140122-99-1.jpg\" class=\"d-block m-1 h-100\" data-fslightbox=\"gallery\">\n                    <img decoding=\"async\" class=\"img-fluid\" src=\"https:\/\/www.hotelandy.com\/wp-content\/uploads\/2019\/08\/190812_140122-99-1-640x640.jpg\" alt=\"\" title=\"\">\n                <\/a>\n            <\/div>\n            <\/div>\n\n\n<\/div>\n\n\n\n<div style=\"height:20px\" aria-hidden=\"true\" class=\"wp-block-spacer\"><\/div>\n\n\n\n<div class=\"wp-block-group is-layout-constrained wp-block-group-is-layout-constrained\">\n<h2 class=\"wp-block-heading has-text-align-center\">Meine Ferien. Mein Reich.<\/h2>\n\n\n\n<p class=\"has-text-align-left\">Das&nbsp;<strong>Andy Hotel Apartment<\/strong>&nbsp;verf\u00fcgt \u00fcber 24 voll ausgestattete Apartments und 14 Komfort-Doppelzimmer. Edle Stoffe, heimische H\u00f6lzer wie L\u00e4rche und Zirbe, luxuri\u00f6se B\u00e4der und herrlich bequeme Betten schaffen ein Ambiente, in dem Sie sich sofort wohlf\u00fchlen.<\/p>\n\n\n\n<div class=\"wp-block-group text-center is-layout-flow wp-block-group-is-layout-flow\">\n<a class=\"btn btn-secondary\" href=\"https:\/\/www.hotelandy.com\/de\/apartments-hochzeiger-jerzens\/\" role=\"button\">Zimmer &amp; Apartments<\/a>\n<\/div>\n<\/div>\n\n\n\n<div style=\"height:50px\" aria-hidden=\"true\" class=\"wp-block-spacer\"><\/div>\n\n\n\n<div class=\"wp-block-group is-layout-constrained wp-block-group-is-layout-constrained\">\n<div class=\"wp-block-jetpack-layout-grid bg-light column1-desktop-grid__span-8 column1-desktop-grid__row-1 column2-desktop-grid__span-4 column2-desktop-grid__start-9 column2-desktop-grid__row-1 column1-tablet-grid__span-4 column1-tablet-grid__row-1 column2-tablet-grid__span-4 column2-tablet-grid__start-5 column2-tablet-grid__row-1 column1-mobile-grid__span-4 column1-mobile-grid__row-1 column2-mobile-grid__span-4 column2-mobile-grid__row-2 wp-block-jetpack-layout-gutter__nowrap are-vertically-aligned-center wp-block-jetpack-layout-gutter__none\">\n<div class=\"wp-block-jetpack-layout-grid-column wp-block-jetpack-layout-grid__padding-none is-vertically-aligned-center\">\n<div class=\"wp-block-cover\"><span aria-hidden=\"true\" class=\"wp-block-cover__background has-background-dim-0 has-background-dim\"><\/span><img loading=\"lazy\" decoding=\"async\" width=\"1920\" height=\"1080\" class=\"wp-block-cover__image-background wp-image-9050\" alt=\"\" src=\"https:\/\/www.hotelandy.com\/wp-content\/uploads\/2017\/07\/restaurant-fruehstuecksbueffet5.jpg\" data-object-fit=\"cover\" title=\"\"><div class=\"wp-block-cover__inner-container is-layout-flow wp-block-cover-is-layout-flow\">\n<p class=\"has-text-align-center has-large-font-size\"><\/p>\n<\/div><\/div>\n<\/div>\n\n\n\n<div class=\"wp-block-jetpack-layout-grid-column wp-block-jetpack-layout-grid__padding-none is-vertically-aligned-center\">\n<div class=\"wp-block-group text-center is-layout-constrained wp-container-core-group-is-layout-bcd1463b wp-block-group-is-layout-constrained\" style=\"padding-top:2rem;padding-right:2rem;padding-bottom:2rem;padding-left:2rem\">\n<h2 class=\"wp-block-heading has-text-align-center\">Mein Urlaub. Mein Genuss.<\/h2>\n\n\n\n<p class=\"has-text-align-left\">Starten Sie Ihren Tag mit einem ausgiebigen Fr\u00fchst\u00fcck vom Buffet. Im&nbsp;<a href=\"https:\/\/www.hotelandy.com\/hotel-pitztal\/restaurant\/\"><strong>\u00e0 la carte Restaurant<\/strong><\/a>&nbsp;verw\u00f6hnt Sie das K\u00fcchenteam mit heimischen und internationalen Spezialit\u00e4ten.<\/p>\n\n\n\n<div class=\"wp-block-group text-center is-layout-flow wp-block-group-is-layout-flow\">\n<a class=\"btn btn-secondary\" href=\"https:\/\/www.hotelandy.com\/hotel-pitztal\/restaurant\/\" role=\"button\">Restaurant<\/a>\n<\/div>\n<\/div>\n<\/div>\n<\/div>\n<\/div>\n\n\n\n<div style=\"height:20px\" aria-hidden=\"true\" class=\"wp-block-spacer\"><\/div>\n\n\n\n<div style=\"height:30px\" aria-hidden=\"true\" class=\"wp-block-spacer\"><\/div>\n\n\n\n<div class=\"wp-block-group is-layout-constrained wp-block-group-is-layout-constrained\">\n<figure class=\"wp-block-image size-slide\"><img loading=\"lazy\" decoding=\"async\" width=\"1920\" height=\"540\" src=\"https:\/\/www.hotelandy.com\/wp-content\/uploads\/2019\/07\/wellness-ruheraum-liegen1-1920x540.jpg\" alt=\"\" class=\"wp-image-11412\" title=\"\"><\/figure>\n<\/div>\n\n\n\n<div style=\"height:20px\" aria-hidden=\"true\" class=\"wp-block-spacer\"><\/div>\n\n\n\n<div class=\"wp-block-group is-layout-constrained wp-block-group-is-layout-constrained\">\n<h2 class=\"wp-block-heading has-text-align-center\">Spa &amp; Vital<\/h2>\n\n\n\n<p>Unser\u00a0<a href=\"https:\/\/www.hotelandy.com\/de\/wellness-spa-vital\/sauna-und-relax\/\" data-type=\"page\" data-id=\"95\">Sauna-Refugium<\/a>\u00a0samt Relaxbereich umfasst neben diverser Themensaunen ein Hallenbad, Meditations- und Entspannungsr\u00e4ume, einen Au\u00dfenwhirlpool sowie ein\u00a0Fitnesscenter. Bei wohltuenden SPA-Behandlungen und Wellness-B\u00e4dern sch\u00f6pfen Sie neue Energie. Alpine Treatments, die f\u00fcr \u00e4u\u00dfere und innere Sch\u00f6nheit sorgen. Damit Sie sich rundum wohl f\u00fchlen.<\/p>\n\n\n\n<div class=\"wp-block-group text-center is-layout-flow wp-block-group-is-layout-flow\">\n<a class=\"btn btn-secondary\" href=\"https:\/\/www.hotelandy.com\/wellness-spa-vital\/\" role=\"button\">Spa &amp; Vital<\/a>\n<\/div>\n<\/div>\n\n\n\n<div style=\"height:40px\" aria-hidden=\"true\" class=\"wp-block-spacer\"><\/div>\n\n\n\n<div class=\"wp-block-group is-layout-constrained wp-block-group-is-layout-constrained\">\n<div class=\"wp-block-jetpack-layout-grid bg-light column1-desktop-grid__span-8 column1-desktop-grid__row-1 column2-desktop-grid__span-4 column2-desktop-grid__start-9 column2-desktop-grid__row-1 column1-tablet-grid__span-4 column1-tablet-grid__row-1 column2-tablet-grid__span-4 column2-tablet-grid__start-5 column2-tablet-grid__row-1 column1-mobile-grid__span-4 column1-mobile-grid__row-1 column2-mobile-grid__span-4 column2-mobile-grid__row-2 wp-block-jetpack-layout-gutter__nowrap are-vertically-aligned-center wp-block-jetpack-layout-gutter__none\">\n<div class=\"wp-block-jetpack-layout-grid-column wp-block-jetpack-layout-grid__padding-none is-vertically-aligned-center\">\n<div class=\"wp-block-cover is-light\"><span aria-hidden=\"true\" class=\"wp-block-cover__background has-background-dim-0 has-background-dim\"><\/span><img loading=\"lazy\" decoding=\"async\" width=\"2700\" height=\"1797\" class=\"wp-block-cover__image-background wp-image-11172\" alt=\"\" src=\"https:\/\/www.hotelandy.com\/wp-content\/uploads\/2019\/07\/andy-laden2.jpg\" data-object-fit=\"cover\" title=\"\"><div class=\"wp-block-cover__inner-container is-layout-flow wp-block-cover-is-layout-flow\">\n<p class=\"has-text-align-center has-large-font-size\"><\/p>\n<\/div><\/div>\n<\/div>\n\n\n\n<div class=\"wp-block-jetpack-layout-grid-column wp-block-jetpack-layout-grid__padding-none is-vertically-aligned-center\">\n<div class=\"wp-block-group text-center is-layout-constrained wp-container-core-group-is-layout-bcd1463b wp-block-group-is-layout-constrained\" style=\"padding-top:2rem;padding-right:2rem;padding-bottom:2rem;padding-left:2rem\">\n<h2 class=\"wp-block-heading\">Mein Genuss. Andy s\u2019ladele<\/h2>\n\n\n\n<p class=\"has-text-align-left\">In&nbsp;<strong>Andy s\u2019ladele<\/strong>&nbsp;erhalten Sie K\u00f6stlichkeiten, Zirbenprodukte sowie Naturprodukte aus der Region. Auch feine Weine zum Vinothekspreis, Edelbr\u00e4nde und tolle Geschenke f\u00fcr die Daheimgebliebenen geh\u00f6ren zum Sortiment.<\/p>\n<\/div>\n<\/div>\n<\/div>\n<\/div>\n\n\n\n<div style=\"height:40px\" aria-hidden=\"true\" class=\"wp-block-spacer\"><\/div>\n\n\n    <section id=\"s7633\" class=\"section  container-fluid no-gutters static\" style=\"background-image:url(https:\/\/www.hotelandy.com\/wp-content\/uploads\/2013\/07\/hg-wandern4-1920x1080.jpg); background-color:rgba(0,0,0,0.4); color:#ffffff; background-size:cover; background-position: center center; background-repeat:no-repeat; background-blend-mode: multiply; margin:20px auto; padding-top:0px; padding-bottom:0px;\">\n    <div class=\"container\" style=\"padding-top: 100px; padding-bottom: 100px;\">\n        \n<h2 class=\"wp-block-heading has-text-align-center\">Urlaub am Hochzeiger<\/h2>\n\n\n\n<p class=\"has-text-align-center col-sm-12 col-md-6 mx-auto\">Jerzens im Pitztal ist mit dem mehrfach pr\u00e4mierten Hochzeiger-Skigebiet eine beliebte Feriendestination f\u00fcr Wintersportler. Im Sommer er\u00f6ffnet der Ort mit seinen Bergh\u00e4ngen ein Naturparadies&nbsp;f\u00fcr Bergsportler, Wanderer und Mountainbiker.<\/p>\n\n\n\n<div class=\"wp-block-group text-center is-layout-constrained wp-block-group-is-layout-constrained\">\n<div class=\"btn-group\" role=\"group\" aria-label=\"Button Group\">\n<a class=\"btn btn-secondary\" href=\"https:\/\/www.hotelandy.com\/sommerurlaub-pitztal-tirol\/\" role=\"button\">Sommerurlaub<\/a>\n\n\n\n<a class=\"btn btn-secondary\" href=\"https:\/\/www.hotelandy.com\/winterurlaub-pitztal-tirol\/\" role=\"button\">Winterurlaub<\/a>\n<\/div>\n<\/div>\n\n    <\/div>\n    <\/section>\n\n","protected":false},"excerpt":{"rendered":"<p>Willkommen im Hotel Andy Apartments mit Wellness im Pitztal Meine Ferien. Mein Reich. Das&nbsp;Andy Hotel Apartment&nbsp;verf\u00fcgt \u00fcber 24 voll ausgestattete Apartments und 14 Komfort-Doppelzimmer. Edle Stoffe, heimische H\u00f6lzer wie L\u00e4rche und Zirbe, luxuri\u00f6se B\u00e4der und herrlich bequeme Betten schaffen ein Ambiente, in dem Sie sich sofort wohlf\u00fchlen. Mein Urlaub. Mein Genuss. Starten Sie Ihren Tag [&hellip;]<\/p>\n","protected":false},"author":1007,"featured_media":11190,"parent":0,"menu_order":63,"comment_status":"closed","ping_status":"closed","template":"","meta":{"footnotes":""},"position":[130],"class_list":["post-264","page","type-page","status-publish","has-post-thumbnail","hentry","position-hotel"],"meta_box":{"attachment":[],"dreisechzig":""},"_links":{"self":[{"href":"https:\/\/www.hotelandy.com\/de\/wp-json\/wp\/v2\/pages\/264","targetHints":{"allow":["GET"]}}],"collection":[{"href":"https:\/\/www.hotelandy.com\/de\/wp-json\/wp\/v2\/pages"}],"about":[{"href":"https:\/\/www.hotelandy.com\/de\/wp-json\/wp\/v2\/types\/page"}],"author":[{"embeddable":true,"href":"https:\/\/www.hotelandy.com\/de\/wp-json\/wp\/v2\/users\/1007"}],"replies":[{"embeddable":true,"href":"https:\/\/www.hotelandy.com\/de\/wp-json\/wp\/v2\/comments?post=264"}],"version-history":[{"count":0,"href":"https:\/\/www.hotelandy.com\/de\/wp-json\/wp\/v2\/pages\/264\/revisions"}],"wp:featuredmedia":[{"embeddable":true,"href":"https:\/\/www.hotelandy.com\/de\/wp-json\/wp\/v2\/media\/11190"}],"wp:attachment":[{"href":"https:\/\/www.hotelandy.com\/de\/wp-json\/wp\/v2\/media?parent=264"}],"wp:term":[{"taxonomy":"position","embeddable":true,"href":"https:\/\/www.hotelandy.com\/de\/wp-json\/wp\/v2\/position?post=264"}],"curies":[{"name":"wp","href":"https:\/\/api.w.org\/{rel}","templated":true}]}}