{"id":270,"date":"2012-06-01T13:25:49","date_gmt":"2012-06-01T11:25:49","guid":{"rendered":"\/\/www.hotelandy.com\/?page_id=270"},"modified":"2026-01-08T16:49:16","modified_gmt":"2026-01-08T15:49:16","slug":"restaurant","status":"publish","type":"page","link":"https:\/\/www.hotelandy.com\/de\/hotel-pitztal\/restaurant\/","title":{"rendered":"Restaurant"},"content":{"rendered":"\n<div style=\"height:30px\" aria-hidden=\"true\" class=\"wp-block-spacer\"><\/div>\n\n\n\n<div class=\"wp-block-group d-flex justify-content-center is-layout-flow wp-block-group-is-layout-flow\">\n<figure class=\"wp-block-image aligncenter size-full is-resized\"><img loading=\"lazy\" decoding=\"async\" width=\"640\" height=\"314\" src=\"https:\/\/www.hotelandy.com\/wp-content\/uploads\/2019\/11\/Andy-s\u00b4restaurant-Logo-1.png\" alt=\"\" class=\"wp-image-12025\" title=\"\"><\/figure>\n<\/div>\n\n\n\n<div style=\"height:20px\" aria-hidden=\"true\" class=\"wp-block-spacer\"><\/div>\n\n\n\n<div class=\"wp-block-group text-center is-layout-flow wp-block-group-is-layout-flow\">\n<a class=\"btn btn-primary\" href=\"https:\/\/www.hotelandy.com\/wp-content\/uploads\/2026\/01\/Speisekarte-Homepage-Hotel-Andy-Jaenner.pdf\" target=\"_blank\" role=\"button\" rel=\"noopener noreferrer\">Speisekarte als pdf downloaden<\/a>\n<\/div>\n\n\n\n<div style=\"height:20px\" aria-hidden=\"true\" class=\"wp-block-spacer\"><\/div>\n\n\n\n<div style=\"height:20px\" aria-hidden=\"true\" class=\"wp-block-spacer\"><\/div>\n\n\n\n<div class=\"wp-block-group is-layout-constrained wp-block-group-is-layout-constrained\">\n<h1 class=\"wp-block-heading has-text-align-center\">Andy Restaurant<\/h1>\n\n\n\n<h2 class=\"wp-block-heading has-text-align-center col-sm-12 col-md-6 mx-auto\">Feine Kulinarik. Genuss trifft Lebensfreude.<\/h2>\n\n\n\n<div style=\"height:20px\" aria-hidden=\"true\" class=\"wp-block-spacer\"><\/div>\n\n\n\n<p>Gemeinsam essen und Zeit miteinander zu verbringen geh\u00f6rt im Urlaub im Andy einfach mit dazu. Genie\u00dfen Sie \u00e0 la carte feine regionale Kulinarik im <strong>Andy s&#8217;restaurant<\/strong> mit Wild aus eigener Jagd, gro\u00dfer Auswahl an erstklassigen Weinen, Kinderkarte, Vinothek mit kleiner Weinauswahl zum Mitnehmen im Shop. <strong>Andy s&#8217;restaurant<\/strong> befindet sich im Erdgeschoss des Andy Hotel Apartment Wellness und ist f\u00fcr unsere Hausg\u00e4ste und G\u00e4ste von au\u00dferhalb zug\u00e4nglich.<\/p>\n<\/div>\n\n\n\n<div style=\"height:20px\" aria-hidden=\"true\" class=\"wp-block-spacer\"><\/div>\n\n\n\n<div class=\"wp-block-group is-layout-constrained wp-block-group-is-layout-constrained\">    <div id=\"collage-46213\" class=\"collage collage-grid\">\n                    <div class=\"col-lg-3 col-md-4 col-6 m-0 p-0\">\n                <a href=\"https:\/\/www.hotelandy.com\/wp-content\/uploads\/2024\/06\/DSC1735-scaled.jpg\" class=\"d-block m-1 h-100\" data-fslightbox=\"gallery\">\n                    <img decoding=\"async\" class=\"img-fluid\" src=\"https:\/\/www.hotelandy.com\/wp-content\/uploads\/2024\/06\/DSC1735-640x640.jpg\" alt=\"\" title=\"\">\n                <\/a>\n            <\/div>\n                    <div class=\"col-lg-3 col-md-4 col-6 m-0 p-0\">\n                <a href=\"https:\/\/www.hotelandy.com\/wp-content\/uploads\/2024\/06\/IMG-20240603-WA0043.jpg\" class=\"d-block m-1 h-100\" data-fslightbox=\"gallery\">\n                    <img decoding=\"async\" class=\"img-fluid\" src=\"https:\/\/www.hotelandy.com\/wp-content\/uploads\/2024\/06\/IMG-20240603-WA0043-640x640.jpg\" alt=\"\" title=\"\">\n                <\/a>\n            <\/div>\n                    <div class=\"col-lg-3 col-md-4 col-6 m-0 p-0\">\n                <a href=\"https:\/\/www.hotelandy.com\/wp-content\/uploads\/2024\/06\/DSC1714.jpg\" class=\"d-block m-1 h-100\" data-fslightbox=\"gallery\">\n                    <img decoding=\"async\" class=\"img-fluid\" src=\"https:\/\/www.hotelandy.com\/wp-content\/uploads\/2024\/06\/DSC1714-640x640.jpg\" alt=\"\" title=\"\">\n                <\/a>\n            <\/div>\n                    <div class=\"col-lg-3 col-md-4 col-6 m-0 p-0\">\n                <a href=\"https:\/\/www.hotelandy.com\/wp-content\/uploads\/2024\/06\/DSC1697-scaled.jpg\" class=\"d-block m-1 h-100\" data-fslightbox=\"gallery\">\n                    <img decoding=\"async\" class=\"img-fluid\" src=\"https:\/\/www.hotelandy.com\/wp-content\/uploads\/2024\/06\/DSC1697-640x640.jpg\" alt=\"\" title=\"\">\n                <\/a>\n            <\/div>\n            <\/div>\n\n\n<\/div>\n\n\n\n<div style=\"height:20px\" aria-hidden=\"true\" class=\"wp-block-spacer\"><\/div>\n\n\n\n<div class=\"wp-block-group is-layout-constrained wp-block-group-is-layout-constrained\">\n<h2 class=\"wp-block-heading has-text-align-center\">Restaurant \u00d6ffnungszeiten<\/h2>\n\n\n\n<ul class=\"wp-block-list\">\n<li><strong>Fr\u00fchst\u00fcck<\/strong>&nbsp;07:30 \u2013 10:00 Uhr<\/li>\n\n\n\n<li><strong>Restaurant<\/strong> 18:00 \u2013 21:00 Uhr (letzte Bestellung 20:45 Uhr)<\/li>\n\n\n\n<li><strong>Bar<\/strong>&nbsp;14:00 \u2013 ca. 22:00 Uhr<\/li>\n<\/ul>\n\n\n\n<p><\/p>\n\n\n\n<p>F\u00fcr alle G\u00e4ste des Andy Hotel Apartment Wellness ist das Fr\u00fchst\u00fccksbuffet inklusive und Ihr sch\u00f6n gedeckter Tisch steht f\u00fcr Sie bereit. Wenn Sie abends im \u00e0 la carte Restaurant speisen m\u00f6chten, bitten wir um rechtzeitige Tischreservierung.<\/p>\n\n\n\n<p>Informationen und Tischreservierungen unter +43(5414)86100 oder&nbsp;<a href=\"mailto:info@hotelandy.com\">info@hotelandy.com<\/a><\/p>\n<\/div>\n\n\n\n<div style=\"height:40px\" aria-hidden=\"true\" class=\"wp-block-spacer\"><\/div>\n\n\n\n<div class=\"wp-block-group is-layout-constrained wp-block-group-is-layout-constrained\">\n<div class=\"wp-block-jetpack-layout-grid bg-light column1-desktop-grid__span-8 column1-desktop-grid__row-1 column2-desktop-grid__span-4 column2-desktop-grid__start-9 column2-desktop-grid__row-1 column1-tablet-grid__span-4 column1-tablet-grid__row-1 column2-tablet-grid__span-4 column2-tablet-grid__start-5 column2-tablet-grid__row-1 column1-mobile-grid__span-4 column1-mobile-grid__row-1 column2-mobile-grid__span-4 column2-mobile-grid__row-2 wp-block-jetpack-layout-gutter__nowrap are-vertically-aligned-center wp-block-jetpack-layout-gutter__none\">\n<div class=\"wp-block-jetpack-layout-grid-column wp-block-jetpack-layout-grid__padding-none is-vertically-aligned-center\">\n<div class=\"wp-block-cover\"><img loading=\"lazy\" decoding=\"async\" width=\"1080\" height=\"720\" class=\"wp-block-cover__image-background wp-image-20134 size-large\" alt=\"\" src=\"https:\/\/www.hotelandy.com\/wp-content\/uploads\/2025\/04\/DSC7802-1080x720.jpg\" style=\"object-position:26% 83%\" data-object-fit=\"cover\" data-object-position=\"26% 83%\" title=\"\"><span aria-hidden=\"true\" class=\"wp-block-cover__background has-background-dim-0 has-background-dim\" style=\"background-color:#887059\"><\/span><div class=\"wp-block-cover__inner-container is-layout-flow wp-block-cover-is-layout-flow\">\n<div class=\"wp-block-kevinbatdorf-animate-in-view\" animatein=\"animate-in-view\" enabled=\"1\" once=\"1\" direction=\"1\" threshold=\"1\" timing=\"1\" offset=\"2rem\">\n<p class=\"has-text-align-center has-large-font-size\"><\/p>\n<\/div>\n<\/div><\/div>\n<\/div>\n\n\n\n<div class=\"wp-block-jetpack-layout-grid-column wp-block-jetpack-layout-grid__padding-none is-vertically-aligned-center\">\n<div class=\"wp-block-group is-layout-constrained wp-block-group-is-layout-constrained\">\n<h2 class=\"wp-block-heading has-text-align-center\">Fr\u00fchst\u00fcck<\/h2>\n\n\n\n<ul class=\"wp-block-list\">\n<li>Fr\u00fchst\u00fccksbuffet von 07:30 bis 10:00 Uhr<\/li>\n\n\n\n<li>Fr\u00fchst\u00fccksbuffet f\u00fcr G\u00e4ste im Hotel Apartment Andy im Zimmerpreis inkludiert<\/li>\n\n\n\n<li>Fr\u00fchst\u00fcck am Zimmer im Hotel Apartment Andy nach Vorbestellung und gegen Aufpreis<\/li>\n<\/ul>\n<\/div>\n<\/div>\n<\/div>\n<\/div>\n\n\n\n<div style=\"height:20px\" aria-hidden=\"true\" class=\"wp-block-spacer\"><\/div>\n\n\n\n<div class=\"wp-block-group is-layout-constrained wp-block-group-is-layout-constrained\">\n<div class=\"wp-block-jetpack-layout-grid bg-light column1-desktop-grid__span-4 column1-desktop-grid__row-1 column2-desktop-grid__span-8 column2-desktop-grid__start-5 column2-desktop-grid__row-1 column1-tablet-grid__span-4 column1-tablet-grid__row-1 column2-tablet-grid__span-4 column2-tablet-grid__start-5 column2-tablet-grid__row-1 column1-mobile-grid__span-4 column1-mobile-grid__row-1 column2-mobile-grid__span-4 column2-mobile-grid__row-2 wp-block-jetpack-layout-gutter__nowrap are-vertically-aligned-center wp-block-jetpack-layout-gutter__none\">\n<div class=\"wp-block-jetpack-layout-grid-column wp-block-jetpack-layout-grid__padding-none is-vertically-aligned-center\">\n<div class=\"wp-block-group is-layout-constrained wp-block-group-is-layout-constrained\">\n<h2 class=\"wp-block-heading has-text-align-center\">Nachmittag mit Terrasse<\/h2>\n\n\n\n<ul class=\"wp-block-list\">\n<li>Terrasse, Wintergarten und Bar von 14:00 bis 22:00 Uhr<\/li>\n\n\n\n<li>Weinspezialit\u00e4ten aus unserer Vinothek im Shop<\/li>\n<\/ul>\n<\/div>\n<\/div>\n\n\n\n<div class=\"wp-block-jetpack-layout-grid-column wp-block-jetpack-layout-grid__padding-none is-vertically-aligned-center\">\n<div class=\"wp-block-cover\"><img loading=\"lazy\" decoding=\"async\" width=\"2560\" height=\"1441\" class=\"wp-block-cover__image-background wp-image-15279\" alt=\"\" src=\"https:\/\/www.hotelandy.com\/wp-content\/uploads\/2024\/08\/Terrasse-2-scaled.jpg\" style=\"object-position:50% 49%\" data-object-fit=\"cover\" data-object-position=\"50% 49%\" title=\"\"><span aria-hidden=\"true\" class=\"wp-block-cover__background has-background-dim-0 has-background-dim\" style=\"background-color:#74828c\"><\/span><div class=\"wp-block-cover__inner-container is-layout-flow wp-block-cover-is-layout-flow\">\n<p class=\"has-text-align-center has-large-font-size\"><\/p>\n<\/div><\/div>\n<\/div>\n<\/div>\n<\/div>\n\n\n\n<div style=\"height:20px\" aria-hidden=\"true\" class=\"wp-block-spacer\"><\/div>\n\n\n\n<div class=\"wp-block-group is-layout-constrained wp-block-group-is-layout-constrained\">\n<div class=\"wp-block-jetpack-layout-grid bg-light column1-desktop-grid__span-8 column1-desktop-grid__row-1 column2-desktop-grid__span-4 column2-desktop-grid__start-9 column2-desktop-grid__row-1 column1-tablet-grid__span-4 column1-tablet-grid__row-1 column2-tablet-grid__span-4 column2-tablet-grid__start-5 column2-tablet-grid__row-1 column1-mobile-grid__span-4 column1-mobile-grid__row-1 column2-mobile-grid__span-4 column2-mobile-grid__row-2 wp-block-jetpack-layout-gutter__nowrap are-vertically-aligned-center wp-block-jetpack-layout-gutter__none\">\n<div class=\"wp-block-jetpack-layout-grid-column wp-block-jetpack-layout-grid__padding-none is-vertically-aligned-center\">\n<div class=\"wp-block-cover is-light\"><span aria-hidden=\"true\" class=\"wp-block-cover__background has-background-dim-0 has-background-dim\" style=\"background-color:#8e7e97\"><\/span><img loading=\"lazy\" decoding=\"async\" width=\"2560\" height=\"1439\" src=\"https:\/\/www.hotelandy.com\/wp-content\/uploads\/2025\/04\/2-scaled.png\" class=\"wp-block-cover__image-background wp-post-image\" alt=\"\" data-object-fit=\"cover\" data-object-position=\"42% 48%\" style=\"object-position:42% 48%;\" title=\"\"><div class=\"wp-block-cover__inner-container is-layout-flow wp-block-cover-is-layout-flow\">\n<p class=\"has-text-align-center has-large-font-size\"><\/p>\n<\/div><\/div>\n<\/div>\n\n\n\n<div class=\"wp-block-jetpack-layout-grid-column wp-block-jetpack-layout-grid__padding-none is-vertically-aligned-center\">\n<div class=\"wp-block-group is-layout-constrained wp-block-group-is-layout-constrained\">\n<h2 class=\"wp-block-heading has-text-align-center\">A la carte restaurant<\/h2>\n\n\n\n<ul class=\"wp-block-list\">\n<li>Abendessen von 18:00 \u2013 21:00 Uhr<\/li>\n\n\n\n<li>Heimische und internationale K\u00fcche<\/li>\n\n\n\n<li>Exquisite Weinauswahl<\/li>\n\n\n\n<li>Kinderkarte<\/li>\n<\/ul>\n\n\n\n<p><\/p>\n<\/div>\n<\/div>\n<\/div>\n<\/div>\n\n\n\n<div style=\"height:20px\" aria-hidden=\"true\" class=\"wp-block-spacer\"><\/div>\n\n\n\n<div style=\"height:20px\" aria-hidden=\"true\" class=\"wp-block-spacer\"><\/div>\n","protected":false},"excerpt":{"rendered":"<p>Andy Restaurant Feine Kulinarik. Genuss trifft Lebensfreude. Gemeinsam essen und Zeit miteinander zu verbringen geh\u00f6rt im Urlaub im Andy einfach mit dazu. Genie\u00dfen Sie \u00e0 la carte feine regionale Kulinarik im Andy s&#8217;restaurant mit Wild aus eigener Jagd, gro\u00dfer Auswahl an erstklassigen Weinen, Kinderkarte, Vinothek mit kleiner Weinauswahl zum Mitnehmen im Shop. Andy s&#8217;restaurant befindet [&hellip;]<\/p>\n","protected":false},"author":1007,"featured_media":20117,"parent":264,"menu_order":76,"comment_status":"closed","ping_status":"closed","template":"","meta":{"footnotes":""},"position":[],"class_list":["post-270","page","type-page","status-publish","has-post-thumbnail","hentry"],"meta_box":{"attachment":[],"dreisechzig":""},"_links":{"self":[{"href":"https:\/\/www.hotelandy.com\/de\/wp-json\/wp\/v2\/pages\/270","targetHints":{"allow":["GET"]}}],"collection":[{"href":"https:\/\/www.hotelandy.com\/de\/wp-json\/wp\/v2\/pages"}],"about":[{"href":"https:\/\/www.hotelandy.com\/de\/wp-json\/wp\/v2\/types\/page"}],"author":[{"embeddable":true,"href":"https:\/\/www.hotelandy.com\/de\/wp-json\/wp\/v2\/users\/1007"}],"replies":[{"embeddable":true,"href":"https:\/\/www.hotelandy.com\/de\/wp-json\/wp\/v2\/comments?post=270"}],"version-history":[{"count":0,"href":"https:\/\/www.hotelandy.com\/de\/wp-json\/wp\/v2\/pages\/270\/revisions"}],"up":[{"embeddable":true,"href":"https:\/\/www.hotelandy.com\/de\/wp-json\/wp\/v2\/pages\/264"}],"wp:featuredmedia":[{"embeddable":true,"href":"https:\/\/www.hotelandy.com\/de\/wp-json\/wp\/v2\/media\/20117"}],"wp:attachment":[{"href":"https:\/\/www.hotelandy.com\/de\/wp-json\/wp\/v2\/media?parent=270"}],"wp:term":[{"taxonomy":"position","embeddable":true,"href":"https:\/\/www.hotelandy.com\/de\/wp-json\/wp\/v2\/position?post=270"}],"curies":[{"name":"wp","href":"https:\/\/api.w.org\/{rel}","templated":true}]}}