{"id":275,"date":"2012-06-01T13:30:37","date_gmt":"2012-06-01T12:30:37","guid":{"rendered":"\/\/www.hotelandy.com\/?page_id=275"},"modified":"2023-04-04T13:00:11","modified_gmt":"2023-04-04T11:00:11","slug":"wellness-spa-vital","status":"publish","type":"page","link":"https:\/\/www.hotelandy.com\/de\/wellness-spa-vital\/","title":{"rendered":"Spa &#038; Vital"},"content":{"rendered":"\n<div class=\"wp-block-group is-layout-constrained wp-block-group-is-layout-constrained\">\n<h1 class=\"wp-block-heading has-text-align-center\">Wellness Urlaub im Pitztal<\/h1>\n\n\n\n<div style=\"height:20px\" aria-hidden=\"true\" class=\"wp-block-spacer\"><\/div>\n\n\n\n<p class=\"has-text-align-left\">Mein Wohlbefinden.\u00a0Das ANDY SPA\u00a0auf \u00fcber 1.500 Quadratmetern ist der gr\u00f6\u00dfte Wellnessbereich seiner Art im Pitztal. Dadurch er\u00f6ffnet sich f\u00fcr alle ANDY G\u00e4ste eine \u00fcberaus wohltuende Dimension der Entspannung. In der Formensprache wurde eine eigenst\u00e4ndige \u00c4sthetik gefunden, in der sich Materialwahl und Raumaufteilung zum harmonischen Ganzen vereinigen. Unser SPA-Team verw\u00f6hnt Sie mit erfrischenden Beauty-Treatments, entspannenden Wellness-Massagen und feinen K\u00f6rperbehandlungen.<\/p>\n<\/div>\n\n\n\n<div style=\"height:40px\" aria-hidden=\"true\" class=\"wp-block-spacer\"><\/div>\n\n\n\n<div class=\"wp-block-group is-layout-constrained wp-block-group-is-layout-constrained\">\n<figure class=\"wp-block-image size-slide\"><img loading=\"lazy\" decoding=\"async\" width=\"1920\" height=\"540\" src=\"https:\/\/www.hotelandy.com\/wp-content\/uploads\/2019\/07\/wellness-hallenbad1-1920x540.jpg\" alt=\"\" class=\"wp-image-11394\" title=\"\"><\/figure>\n<\/div>\n\n\n\n<div style=\"height:20px\" aria-hidden=\"true\" class=\"wp-block-spacer\"><\/div>\n\n\n\n<div class=\"wp-block-group is-layout-constrained wp-block-group-is-layout-constrained\">\n<h3 class=\"wp-block-heading has-text-align-center\">Wohltuendes Wasser<\/h3>\n\n\n\n<p>Nat\u00fcrlich besteht unser SPA im Wesentlichen aus dem lebensspendenden Element Wasser. Das au\u00dfergew\u00f6hnliche Spiel von Licht und Wasser in unserem 90 Quadratmeter gro\u00dfen&nbsp;<strong>Hallenbad<\/strong>&nbsp;l\u00e4dt dazu ein, sich treiben zu lassen oder entspannte Bahnen zu ziehen. Alternativ zum Hallenbad lassen Sie sich Sommer wie Winter vom 39 Grad warmen Wasser im&nbsp;<strong>Au\u00dfen-Whirlpool<\/strong>&nbsp;umsprudeln. Mit der Teebar ist stets f\u00fcr Ihr leibliches Wohl gesorgt und Erholung nach dem Schwimmen oder Saunen finden Sie im gro\u00dfz\u00fcgigen, sonnendurchfluteten&nbsp;<strong>Ruhebereich<\/strong>.<\/p>\n<\/div>\n\n\n\n<div style=\"height:40px\" aria-hidden=\"true\" class=\"wp-block-spacer\"><\/div>\n\n\n\n<div class=\"wp-block-group is-layout-constrained wp-block-group-is-layout-constrained\">\n<figure class=\"wp-block-image size-slide\"><img loading=\"lazy\" decoding=\"async\" width=\"1920\" height=\"540\" src=\"https:\/\/www.hotelandy.com\/wp-content\/uploads\/2019\/07\/wellness-dampfbad-1920x540.jpg\" alt=\"\" class=\"wp-image-11481\" title=\"\"><\/figure>\n<\/div>\n\n\n\n<div style=\"height:20px\" aria-hidden=\"true\" class=\"wp-block-spacer\"><\/div>\n\n\n\n<div class=\"wp-block-group is-layout-constrained wp-block-group-is-layout-constrained\">\n<h3 class=\"wp-block-heading has-text-align-center\">Wohlige W\u00e4rme<\/h3>\n\n\n\n<p>Im 42-45 Grad Celsius&nbsp;<strong>Kristall-Dampfbad<\/strong>&nbsp;inhalieren Sie Sole-, Kr\u00e4uter- oder Bl\u00fctenaromen und steigern so Ihr Wohlbefinden. Die&nbsp;<strong>finnische Sauna<\/strong>&nbsp;im Jugendstil bringt Sie ordentlich ins Schwitzen, w\u00e4hrend die&nbsp;<strong>Biosauna<\/strong>&nbsp;eher moderate W\u00e4rme abgibt. Bei 50-65 Grad Celsius Strahlungsw\u00e4rme entspannen Sie sich, gleichzeitig wechselt das warme Licht stetig seine Farbe. Gesunde Tiefenw\u00e4rme erwartet Sie auf unseren neuen&nbsp;<strong>Infrarotsesseln<\/strong>, deren heilsames Licht positiv auf Haut, Gelenke und Knochen wirkt.<\/p>\n<\/div>\n\n\n\n<div style=\"height:40px\" aria-hidden=\"true\" class=\"wp-block-spacer\"><\/div>\n\n\n\n<div class=\"wp-block-group is-layout-constrained wp-block-group-is-layout-constrained\">\n<figure class=\"wp-block-image size-slide\"><img loading=\"lazy\" decoding=\"async\" width=\"1920\" height=\"540\" src=\"https:\/\/www.hotelandy.com\/wp-content\/uploads\/2017\/07\/wellness-eisgrotte-1920x540.jpg\" alt=\"\" class=\"wp-image-8952\" title=\"\"><\/figure>\n<\/div>\n\n\n\n<div style=\"height:20px\" aria-hidden=\"true\" class=\"wp-block-spacer\"><\/div>\n\n\n\n<div class=\"wp-block-group is-layout-constrained wp-block-group-is-layout-constrained\">\n<h3 class=\"wp-block-heading has-text-align-center\">Erfrischende Abk\u00fchlung<\/h3>\n\n\n\n<p>Zum Abk\u00fchlen finden Sie einen K\u00e4lteraum mit\u00a0<strong>Eisbrunnen<\/strong>,\u00a0<strong>K\u00fcbeldusche<\/strong>\u00a0und\u00a0<strong>Schwallbrause<\/strong>. \u00dcberhaupt machen abwechslungsreiche\u00a0<strong>Erlebnisduschen<\/strong>\u00a0das Abk\u00fchlen zum SPA-Highlight. Eine Anwendung mit Tradition und eine wahre Wohltat f\u00fcr Ihre F\u00fc\u00dfe: In unseren\u00a0<strong>Kneipp-B\u00e4dern<\/strong>\u00a0tauchen Sie abwechselnd kalt und warm ein und bringen Ihren Kreislauf in Schwung.<\/p>\n<\/div>\n\n\n\n<div style=\"height:40px\" aria-hidden=\"true\" class=\"wp-block-spacer\"><\/div>\n\n\n\n<div class=\"wp-block-group is-layout-constrained wp-block-group-is-layout-constrained\">\n<figure class=\"wp-block-image size-slide\"><img loading=\"lazy\" decoding=\"async\" width=\"1920\" height=\"540\" src=\"https:\/\/www.hotelandy.com\/wp-content\/uploads\/2019\/07\/andy-shop4-1920x540.jpg\" alt=\"\" class=\"wp-image-11007\" title=\"\"><\/figure>\n<\/div>\n\n\n\n<div style=\"height:20px\" aria-hidden=\"true\" class=\"wp-block-spacer\"><\/div>\n\n\n\n<div class=\"wp-block-group is-layout-constrained wp-block-group-is-layout-constrained\">\n<h3 class=\"wp-block-heading has-text-align-center\">Regionale Produkte f\u00fcr Ihre Sch\u00f6nheit<\/h3>\n\n\n\n<p>Auf Wunsch verw\u00f6hnen wir Sie mit Wellnessb\u00e4dern in der Schwebewanne und mit wohltuenden Beauty-Anwendungen. In unserem Beauty-Bereich verwenden wir Tiroler Stein\u00f6l\u00ae Produkte sowie \u201eGutes aus Tirol\u201c,&nbsp;Produkte mit Arnika, Propolis, Honig, Zirbe, Ringelblume und Johanniskraut direkt aus dem Pitztal.<\/p>\n<\/div>\n\n\n\n<div style=\"height:40px\" aria-hidden=\"true\" class=\"wp-block-spacer\"><\/div>\n\n\n\n<h2 class=\"wp-block-heading has-text-align-center\">Top Angebote<\/h2>\n\n\n\n<div style=\"height:20px\" aria-hidden=\"true\" class=\"wp-block-spacer\"><\/div>\n\n\n<div class=\"container p-0\"><div class=\"row\"><div class=\"col-sm-12 col-md-6 d-flex align-items-stretch mb-3\"><div class=\"card angebote mb-2 w-100 h-100\" itemprop=\"offers\" itemscope itemtype=\"http:\/\/schema.org\/Offer\">\n    <div class=\"card-image\">\n        <a href=\"https:\/\/www.hotelandy.com\/de\/angebote\/wanderurlaub-pitztal-tirol\/\">\n            <img loading=\"lazy\" decoding=\"async\" src=\"https:\/\/www.hotelandy.com\/wp-content\/uploads\/2025\/04\/Document-NameMG1302b-640x360.jpg\" alt=\"\" class=\"w-100 img-fluid\" width=\"640\" height=\"360\" title=\"\">\n                    <\/a>\n    <\/div>\n    <div class=\"card-body bg-transparent\">\n        <p class=\"card-text text-center text-muted small\">26.06.2026 - 17.10.2026<\/p>\n        <h2 class=\"card-title text-center\"><a itemprop=\"url\" href=\"https:\/\/www.hotelandy.com\/de\/angebote\/wanderurlaub-pitztal-tirol\/\"><span itemprop=\"name\">Der Berg ruft. &#8211; Wir gehen wandern im Pitztal.<\/span><\/a><\/h2>\n        <p class=\"card-text description text-center\"><a href=\"https:\/\/www.hotelandy.com\/de\/angebote\/wanderurlaub-pitztal-tirol\/\"><span itemprop=\"description\">3 N\u00e4chte inkl. Fr\u00fchst\u00fcck, Pitztal Sommercard, 1 gef\u00fchrte Wanderung, 1 Picknick-Rucksack<\/span><\/a>\n        <\/p>\n    <\/div>\n    <div class=\"card-footer bg-transparent border-0\">\n        <div class=\"preisart text-center\">Gesamtpreis ab<\/div>\n        <h3 class=\"preis text-center pt-2\"><strong>\n                                <a href=\"https:\/\/www.hotelandy.com\/de\/angebote\/wanderurlaub-pitztal-tirol\/\">\n                                        <span itemprop=\"priceCurrency\" content=\"EUR\" class=\"euro\"> \u20ac <\/span><span itemprop=\"price\"\n                        content=\"525\" class=\"preisab\">525<\/span>\n                                                        <\/a>\n                            <\/strong><\/h3>\n    <\/div>\n    <div class=\"card-footer bg-transparent border-0 p-0\">\n        <div class=\"btn-group w-100\">\n            \n            <a class=\"btn btn-secondary anfrage pfeil m-0\" href=\"https:\/\/www.hotelandy.com\/de\/angebote\/wanderurlaub-pitztal-tirol\/\">Details<\/a>\n        <\/div>\n    <\/div>\n<\/div><\/div><div class=\"col-sm-12 col-md-6 d-flex align-items-stretch mb-3\"><div class=\"card angebote mb-2 w-100 h-100\" itemprop=\"offers\" itemscope itemtype=\"http:\/\/schema.org\/Offer\">\n    <div class=\"card-image\">\n        <a href=\"https:\/\/www.hotelandy.com\/de\/angebote\/pitztal-sommerurlaub-wandervergnuegen-fuer-die-ganze-familie\/\">\n            <img loading=\"lazy\" decoding=\"async\" src=\"https:\/\/www.hotelandy.com\/wp-content\/uploads\/2025\/04\/TVBPitztal_758392-Kopie-640x360.jpg\" alt=\"\" class=\"w-100 img-fluid\" width=\"640\" height=\"360\" title=\"\">\n                    <\/a>\n    <\/div>\n    <div class=\"card-body bg-transparent\">\n        <p class=\"card-text text-center text-muted small\">26.06.2026 - 17.10.2026<\/p>\n        <h2 class=\"card-title text-center\"><a itemprop=\"url\" href=\"https:\/\/www.hotelandy.com\/de\/angebote\/pitztal-sommerurlaub-wandervergnuegen-fuer-die-ganze-familie\/\"><span itemprop=\"name\">Pitztal Sommerurlaub: Wandervergn\u00fcgen f\u00fcr die ganze Familie<\/span><\/a><\/h2>\n        <p class=\"card-text description text-center\"><a href=\"https:\/\/www.hotelandy.com\/de\/angebote\/pitztal-sommerurlaub-wandervergnuegen-fuer-die-ganze-familie\/\"><span itemprop=\"description\">4 N\u00e4chte inklusive Fr\u00fchst\u00fcck, bis zu 2 Kinder bis 14 Jahre kostenfrei <\/span><\/a>\n        <\/p>\n    <\/div>\n    <div class=\"card-footer bg-transparent border-0\">\n        <div class=\"preisart text-center\">Gesamtpreis ab<\/div>\n        <h3 class=\"preis text-center pt-2\"><strong>\n                                <a href=\"https:\/\/www.hotelandy.com\/de\/angebote\/pitztal-sommerurlaub-wandervergnuegen-fuer-die-ganze-familie\/\">\n                                        <span itemprop=\"priceCurrency\" content=\"EUR\" class=\"euro\"> \u20ac <\/span><span itemprop=\"price\"\n                        content=\"715\" class=\"preisab\">715<\/span>\n                                                        <\/a>\n                            <\/strong><\/h3>\n    <\/div>\n    <div class=\"card-footer bg-transparent border-0 p-0\">\n        <div class=\"btn-group w-100\">\n            \n            <a class=\"btn btn-secondary anfrage pfeil m-0\" href=\"https:\/\/www.hotelandy.com\/de\/angebote\/pitztal-sommerurlaub-wandervergnuegen-fuer-die-ganze-familie\/\">Details<\/a>\n        <\/div>\n    <\/div>\n<\/div><\/div><\/div><\/div>\n\n\n\n<div style=\"height:20px\" aria-hidden=\"true\" class=\"wp-block-spacer\"><\/div>\n","protected":false},"excerpt":{"rendered":"<p>Wellness Urlaub im Pitztal Mein Wohlbefinden.\u00a0Das ANDY SPA\u00a0auf \u00fcber 1.500 Quadratmetern ist der gr\u00f6\u00dfte Wellnessbereich seiner Art im Pitztal. Dadurch er\u00f6ffnet sich f\u00fcr alle ANDY G\u00e4ste eine \u00fcberaus wohltuende Dimension der Entspannung. In der Formensprache wurde eine eigenst\u00e4ndige \u00c4sthetik gefunden, in der sich Materialwahl und Raumaufteilung zum harmonischen Ganzen vereinigen. Unser SPA-Team verw\u00f6hnt Sie mit [&hellip;]<\/p>\n","protected":false},"author":1007,"featured_media":11412,"parent":0,"menu_order":43,"comment_status":"closed","ping_status":"closed","template":"","meta":{"footnotes":""},"position":[133],"class_list":["post-275","page","type-page","status-publish","has-post-thumbnail","hentry","position-spa-vital"],"meta_box":{"attachment":[],"dreisechzig":"https:\/\/www.hotelandy.com\/360\/360\/wellness.html"},"_links":{"self":[{"href":"https:\/\/www.hotelandy.com\/de\/wp-json\/wp\/v2\/pages\/275","targetHints":{"allow":["GET"]}}],"collection":[{"href":"https:\/\/www.hotelandy.com\/de\/wp-json\/wp\/v2\/pages"}],"about":[{"href":"https:\/\/www.hotelandy.com\/de\/wp-json\/wp\/v2\/types\/page"}],"author":[{"embeddable":true,"href":"https:\/\/www.hotelandy.com\/de\/wp-json\/wp\/v2\/users\/1007"}],"replies":[{"embeddable":true,"href":"https:\/\/www.hotelandy.com\/de\/wp-json\/wp\/v2\/comments?post=275"}],"version-history":[{"count":0,"href":"https:\/\/www.hotelandy.com\/de\/wp-json\/wp\/v2\/pages\/275\/revisions"}],"wp:featuredmedia":[{"embeddable":true,"href":"https:\/\/www.hotelandy.com\/de\/wp-json\/wp\/v2\/media\/11412"}],"wp:attachment":[{"href":"https:\/\/www.hotelandy.com\/de\/wp-json\/wp\/v2\/media?parent=275"}],"wp:term":[{"taxonomy":"position","embeddable":true,"href":"https:\/\/www.hotelandy.com\/de\/wp-json\/wp\/v2\/position?post=275"}],"curies":[{"name":"wp","href":"https:\/\/api.w.org\/{rel}","templated":true}]}}