{"id":276,"date":"2012-06-01T13:31:08","date_gmt":"2012-06-01T11:31:08","guid":{"rendered":"\/\/www.hotelandy.com\/?page_id=276"},"modified":"2023-08-15T10:29:18","modified_gmt":"2023-08-15T08:29:18","slug":"fitness-gesundheit","status":"publish","type":"page","link":"https:\/\/www.hotelandy.com\/de\/wellness-spa-vital\/fitness-gesundheit\/","title":{"rendered":"Fitness &#038; Gesundheit"},"content":{"rendered":"\n<div class=\"wp-block-group is-layout-constrained wp-block-group-is-layout-constrained\">\n<h1 class=\"wp-block-heading has-text-align-center\">Fit &amp; Gesund: Aktivurlaub im Pitztal<\/h1>\n\n\n\n<div style=\"height:20px\" aria-hidden=\"true\" class=\"wp-block-spacer\"><\/div>\n\n\n\n<p>Sie m\u00f6chten im Urlaub mehr Sport und Bewegung in Ihr Leben bringen? Bei Ihrem Aufenthalt im Hotel Apartment Andy k\u00f6nnen Sie sich direkt vor der T\u00fcre nach Lust und Laune in der <a href=\"https:\/\/www.hotelandy.com\/de\/jungbrunnen-tiroler-bergwelt\/\">herrlichen Natur<\/a> austoben. Unsere Berge und die gesunde Luft sind ideal, um Ihr Immunsystem zu st\u00e4rken und Ihr Herz-Kreislauf-System fit und gesund zu erhalten.<\/p>\n<\/div>\n\n\n\n<div style=\"height:40px\" aria-hidden=\"true\" class=\"wp-block-spacer\"><\/div>\n\n\n\n<div class=\"wp-block-group is-layout-constrained wp-block-group-is-layout-constrained\">\n<figure class=\"wp-block-image size-slide\"><img loading=\"lazy\" decoding=\"async\" width=\"1920\" height=\"540\" src=\"https:\/\/www.hotelandy.com\/wp-content\/uploads\/2019\/07\/fitnessraum1-1920x540.jpg\" alt=\"\" class=\"wp-image-11312\" title=\"\"><\/figure>\n<\/div>\n\n\n\n<div style=\"height:20px\" aria-hidden=\"true\" class=\"wp-block-spacer\"><\/div>\n\n\n\n<div class=\"wp-block-group is-layout-constrained wp-block-group-is-layout-constrained\">\n<h2 class=\"wp-block-heading has-text-align-center\">Indoor Fitness<\/h2>\n\n\n\n<p>Auf \u00fcber 60m\u00b2 stehen Ihnen&nbsp;<strong>modernste Fitnessger\u00e4te<\/strong>&nbsp;der Firma \u201cLife Fitness\u201d zur Verf\u00fcgung. Cardioger\u00e4te, ein Ruderger\u00e4t, ein Laufband und ein Kombitrainer mit Herzfrequenzmessung bringen Sie auf Touren.<\/p>\n\n\n\n<ul class=\"bullets wp-block-list\">\n<li>Cardio<\/li>\n\n\n\n<li>Ruderger\u00e4t<\/li>\n\n\n\n<li>Laufband<\/li>\n\n\n\n<li>Kombitrainer mit Herzfrequenzmessung<\/li>\n\n\n\n<li>gro\u00dfer Fernseher &amp; Musikanlage<\/li>\n\n\n\n<li>Obst- und Saftbar<\/li>\n\n\n\n<li>kostenloser Verleih von Pulsuhren und Polar Brustgurten<\/li>\n<\/ul>\n<\/div>\n\n\n\n<div style=\"height:40px\" aria-hidden=\"true\" class=\"wp-block-spacer\"><\/div>\n\n\n\n<div class=\"wp-block-group is-layout-constrained wp-block-group-is-layout-constrained\">\n<figure class=\"wp-block-image size-slide\"><img loading=\"lazy\" decoding=\"async\" width=\"1280\" height=\"540\" src=\"https:\/\/www.hotelandy.com\/wp-content\/uploads\/2012\/07\/gletscher1jpg-1280x540.jpeg\" alt=\"\" class=\"wp-image-7014\" title=\"\"><\/figure>\n<\/div>\n\n\n\n<div style=\"height:20px\" aria-hidden=\"true\" class=\"wp-block-spacer\"><\/div>\n\n\n\n<div class=\"wp-block-group is-layout-constrained wp-block-group-is-layout-constrained\">\n<h2 class=\"wp-block-heading has-text-align-center\">Outdoor Fitness im inneralpinen Reizklima<\/h2>\n\n\n\n<p>Bewegung ist gesund, das wissen wir alle. Und: <a href=\"https:\/\/www.hotelandy.com\/de\/jungbrunnen-tiroler-bergwelt\/\">Bewegung in einem Reizklima<\/a> wie in den Alpen besitzt noch mehr Vorteile f\u00fcr die Gesundheit. Durch die H\u00f6henluft, den Wind und die Sonne trainieren Sie Ihre Ausdauer viel effektiver. Der K\u00f6rper muss sich auf die Klimareize einstellen und wird gleichzeitig dazu angeregt, seine <strong>Abwehrkr\u00e4fte zu steigern<\/strong> und den Gesamtorganismus zu stabilisieren. Zum Beispiel hat sich das Heilklimawandern zur Pr\u00e4vention bestens bew\u00e4hrt. Erfahren Sie die Natur genussvoll und entspannt bei herrlichen <a href=\"https:\/\/www.hotelandy.com\/de\/wandern-hochzeiger-jerzens\/\">Wanderungen<\/a> durch das Pitztal. Naturerlebnisse machen Freude, sind nachhaltig und klingen weit \u00fcber die Urlaubsdauer hinaus nach.<\/p>\n<\/div>\n\n\n\n<div style=\"height:20px\" aria-hidden=\"true\" class=\"wp-block-spacer\"><\/div>\n\n\n\n<div class=\"wp-block-group is-layout-constrained wp-block-group-is-layout-constrained\">    <div id=\"collage-56469\" class=\"collage collage-grid\">\n                    <div class=\"col-lg-3 col-md-4 col-6 m-0 p-0\">\n                <a href=\"https:\/\/www.hotelandy.com\/wp-content\/uploads\/2020\/01\/pitztal-familie-wandern-sommer.jpg\" class=\"d-block m-1 h-100\" data-fslightbox=\"gallery\">\n                    <img decoding=\"async\" class=\"img-fluid\" src=\"https:\/\/www.hotelandy.com\/wp-content\/uploads\/2020\/01\/pitztal-familie-wandern-sommer-640x640.jpg\" alt=\"\" title=\"\">\n                <\/a>\n            <\/div>\n                    <div class=\"col-lg-3 col-md-4 col-6 m-0 p-0\">\n                <a href=\"https:\/\/www.hotelandy.com\/wp-content\/uploads\/2016\/11\/Sommer_2011_014.jpg\" class=\"d-block m-1 h-100\" data-fslightbox=\"gallery\">\n                    <img decoding=\"async\" class=\"img-fluid\" src=\"https:\/\/www.hotelandy.com\/wp-content\/uploads\/2016\/11\/Sommer_2011_014-640x640.jpg\" alt=\"\" title=\"\">\n                <\/a>\n            <\/div>\n                    <div class=\"col-lg-3 col-md-4 col-6 m-0 p-0\">\n                <a href=\"https:\/\/www.hotelandy.com\/wp-content\/uploads\/2020\/01\/pitztal-winter-ski-familie-hochzeiger.jpg\" class=\"d-block m-1 h-100\" data-fslightbox=\"gallery\">\n                    <img decoding=\"async\" class=\"img-fluid\" src=\"https:\/\/www.hotelandy.com\/wp-content\/uploads\/2020\/01\/pitztal-winter-ski-familie-hochzeiger-640x640.jpg\" alt=\"\" title=\"\">\n                <\/a>\n            <\/div>\n                    <div class=\"col-lg-3 col-md-4 col-6 m-0 p-0\">\n                <a href=\"https:\/\/www.hotelandy.com\/wp-content\/uploads\/2013\/01\/Rodeln_Hochzeiger_cTirol_Werbung_Pupeter.jpg\" class=\"d-block m-1 h-100\" data-fslightbox=\"gallery\">\n                    <img decoding=\"async\" class=\"img-fluid\" src=\"https:\/\/www.hotelandy.com\/wp-content\/uploads\/2013\/01\/Rodeln_Hochzeiger_cTirol_Werbung_Pupeter-640x640.jpg\" alt=\"\" title=\"\">\n                <\/a>\n            <\/div>\n            <\/div>\n\n\n<\/div>\n\n\n\n<div style=\"height:20px\" aria-hidden=\"true\" class=\"wp-block-spacer\"><\/div>\n\n\n\n<div class=\"wp-block-group is-layout-constrained wp-block-group-is-layout-constrained\">\n<p>Das Wandergebiet Hochzeiger vor der Haust\u00fcre umfasst <a href=\"https:\/\/www.hotelandy.com\/de\/wandern-hochzeiger-jerzens\/\"><strong>100 Kilometer Wanderrouten<\/strong><\/a> in allen Schwierigkeitsgraden. Zwei Liftanlagen bringen Sie bequem an den Ausgangspunkt f\u00fcr Ihre Wanderung. Unser Wanderf\u00fchrer Klaus f\u00fchrt Sie zu den sch\u00f6nsten Pl\u00e4tzen im Pitztal. Entdecken Sie die wildromantische und naturbelassene Landschaft und genie\u00dfen Sie die Ruhe und die klare Bergluft. Urige, gem\u00fctliche H\u00fctten laden zur k\u00f6stlichen Jause zwischendurch ein. Entschleunigung und Entspannung pur! Aber nat\u00fcrlich k\u00f6nnen Sie bei uns auch direkt vor der Haust\u00fcre <a href=\"https:\/\/www.hotelandy.com\/winterurlaub-pitztal-tirol\/\"><strong>Skifahren<\/strong><\/a>. Der Hochzeiger Skiberg bietet in gem\u00fctlichem und famili\u00e4rem Ambiente <a href=\"https:\/\/www.hotelandy.com\/de\/skigebiete-pitztal\/\">54 Kilometer bestens pr\u00e4parierte Pisten<\/a> und 6 Kilometer beleuchtete Rodelbahn.<\/p>\n<\/div>\n\n\n\n<div style=\"height:40px\" aria-hidden=\"true\" class=\"wp-block-spacer\"><\/div>\n\n\n\n<div class=\"wp-block-group is-layout-constrained wp-block-group-is-layout-constrained\">\n<figure class=\"wp-block-image size-slide\"><img loading=\"lazy\" decoding=\"async\" width=\"1920\" height=\"540\" src=\"https:\/\/www.hotelandy.com\/wp-content\/uploads\/2019\/07\/apartment-detail-kissen6-1920x540.jpg\" alt=\"\" class=\"wp-image-11459\" title=\"\"><\/figure>\n<\/div>\n\n\n\n<div class=\"wp-block-group is-layout-constrained wp-block-group-is-layout-constrained\">\n<h2 class=\"wp-block-heading has-text-align-center\">Erholsamer Schlaf<\/h2>\n\n\n\n<p>Viel Bewegung an der frischen Luft f\u00fchrt unweigerlich zu bester Nachtruhe. Dass Sie bei uns tief und fest schlafen, liegt nicht nur an der wunderbaren Stille, von etwas Vogelgezwitscher einmal abgesehen. Heimische H\u00f6lzer wie L\u00e4rche und Zirbe schaffen ein Ambiente, in dem Sie sich sofort wohlf\u00fchlen. Herrlich bequeme Betten sorgen daf\u00fcr, dass Sie sanft in einen tiefen, erholsamen Schlaf gleiten.<\/p>\n<\/div>\n\n\n\n<div style=\"height:20px\" aria-hidden=\"true\" class=\"wp-block-spacer\"><\/div>\n","protected":false},"excerpt":{"rendered":"<p>Fit &amp; Gesund: Aktivurlaub im Pitztal Sie m\u00f6chten im Urlaub mehr Sport und Bewegung in Ihr Leben bringen? Bei Ihrem Aufenthalt im Hotel Apartment Andy k\u00f6nnen Sie sich direkt vor der T\u00fcre nach Lust und Laune in der herrlichen Natur austoben. Unsere Berge und die gesunde Luft sind ideal, um Ihr Immunsystem zu st\u00e4rken und [&hellip;]<\/p>\n","protected":false},"author":1007,"featured_media":8856,"parent":275,"menu_order":54,"comment_status":"closed","ping_status":"closed","template":"","meta":{"footnotes":""},"position":[],"class_list":["post-276","page","type-page","status-publish","has-post-thumbnail","hentry"],"meta_box":{"attachment":[],"dreisechzig":""},"_links":{"self":[{"href":"https:\/\/www.hotelandy.com\/de\/wp-json\/wp\/v2\/pages\/276","targetHints":{"allow":["GET"]}}],"collection":[{"href":"https:\/\/www.hotelandy.com\/de\/wp-json\/wp\/v2\/pages"}],"about":[{"href":"https:\/\/www.hotelandy.com\/de\/wp-json\/wp\/v2\/types\/page"}],"author":[{"embeddable":true,"href":"https:\/\/www.hotelandy.com\/de\/wp-json\/wp\/v2\/users\/1007"}],"replies":[{"embeddable":true,"href":"https:\/\/www.hotelandy.com\/de\/wp-json\/wp\/v2\/comments?post=276"}],"version-history":[{"count":0,"href":"https:\/\/www.hotelandy.com\/de\/wp-json\/wp\/v2\/pages\/276\/revisions"}],"up":[{"embeddable":true,"href":"https:\/\/www.hotelandy.com\/de\/wp-json\/wp\/v2\/pages\/275"}],"wp:featuredmedia":[{"embeddable":true,"href":"https:\/\/www.hotelandy.com\/de\/wp-json\/wp\/v2\/media\/8856"}],"wp:attachment":[{"href":"https:\/\/www.hotelandy.com\/de\/wp-json\/wp\/v2\/media?parent=276"}],"wp:term":[{"taxonomy":"position","embeddable":true,"href":"https:\/\/www.hotelandy.com\/de\/wp-json\/wp\/v2\/position?post=276"}],"curies":[{"name":"wp","href":"https:\/\/api.w.org\/{rel}","templated":true}]}}