{"id":277,"date":"2012-06-01T13:33:20","date_gmt":"2012-06-01T11:33:20","guid":{"rendered":"\/\/www.hotelandy.com\/?page_id=277"},"modified":"2023-04-04T09:31:27","modified_gmt":"2023-04-04T07:31:27","slug":"nachhaltigkeit","status":"publish","type":"page","link":"https:\/\/www.hotelandy.com\/de\/hotel-pitztal\/nachhaltigkeit\/","title":{"rendered":"Nachhaltigkeit"},"content":{"rendered":"\n<div class=\"wp-block-group is-layout-constrained wp-block-group-is-layout-constrained\">\n<h1 class=\"wp-block-heading has-text-align-center\">Unsere gr\u00f6\u00dftes Gut? Die gesunde Natur des Pitztals<\/h1>\n\n\n\n<div style=\"height:20px\" aria-hidden=\"true\" class=\"wp-block-spacer\"><\/div>\n\n\n\n<p class=\"has-text-align-left\">Die Sch\u00f6nheit der Berge und Landschaften des Pitztals sind ein wahres Geschenk der Natur, mit dem wir sorgsam umgehen m\u00f6chten. Deshalb ist Nachhaltigkeit ein wichtiger Bestandteil unserer Philosophie. Bereits seit 20 Jahren nutzen wir Solarenergie und sind damit Vorreiter im schonenden Umgang mit den nat\u00fcrlichen Ressourcen. Aber wir tun noch viel mehr, damit wir unserer gro\u00dfen Verantwortung gegen\u00fcber der Umwelt gerecht werden.<\/p>\n<\/div>\n\n\n\n<div style=\"height:20px\" aria-hidden=\"true\" class=\"wp-block-spacer\"><\/div>\n\n\n\n<div style=\"height:20px\" aria-hidden=\"true\" class=\"wp-block-spacer\"><\/div>\n\n\n\n<div class=\"wp-block-group is-layout-constrained wp-block-group-is-layout-constrained\">\n<figure class=\"wp-block-image size-slide\"><img loading=\"lazy\" decoding=\"async\" width=\"1920\" height=\"540\" src=\"https:\/\/www.hotelandy.com\/wp-content\/uploads\/2015\/08\/HotelAndySommerAussenLandschaft91-1920x540.jpg\" alt=\"\" class=\"wp-image-3246\" title=\"\"><\/figure>\n<\/div>\n\n\n\n<div style=\"height:20px\" aria-hidden=\"true\" class=\"wp-block-spacer\"><\/div>\n\n\n\n<div class=\"wp-block-group is-layout-constrained wp-block-group-is-layout-constrained\">\n<p><strong>\u201cWir haben die Erde nicht von unseren Eltern geerbt, sondern von unseren Kindern geliehen.\u201d<\/strong> <em>\u2013 Indianische Weisheit \u2013<\/em><\/p>\n\n\n\n<p>Jede Facette des Andy Hotel Apartment ist von einem Grundgedanken durchdrungen: Wir m\u00f6chten alle unsere M\u00f6glichkeiten aussch\u00f6pfen, um unser Haus Ressourcen schonend und umweltbewusst zu betreiben. Unseren Energieverbrauch senken wir durch zeitgem\u00e4\u00dfe D\u00e4mmung und W\u00e4rmer\u00fcckgewinnung. Zudem beziehen wir einen Teil unseres Stroms aus Photovoltaik.<\/p>\n<\/div>\n\n\n\n<div style=\"height:20px\" aria-hidden=\"true\" class=\"wp-block-spacer\"><\/div>\n\n\n\n<div class=\"wp-block-group is-layout-constrained wp-block-group-is-layout-constrained\"><h3><\/h3>\n<p><\/p>\n<div class=\"accordion\" id=\"accordionParent\">\n        <div class=\"accordion-item\">\n        <div class=\"accordion-header border-bottom-0 bg-transparent\" id=\"heading13725\">\n            <button class=\"accordion-button bg-transparent border-0 collapsed\" data-bs-toggle=\"collapse\" data-bs-target=\"#collapse13725\">Wertvolle W\u00e4rme<\/button>\n        <\/div>\n        <div class=\"accordion-collapse collapse\" id=\"collapse13725\" data-bs-parent=\"#accordionParent\">\n            <div class=\"accordion-body\">\n<p>Um sinnvoll Energie zu sparen, nutzen wir jede W\u00e4rme, die bereits da ist, damit wir weniger Strom und fossile Brennstoffe verbrauchen. Wir setzen in vielen Bereichen auf die Technologie der W\u00e4rmer\u00fcckgewinnung. Diese kommt bei unserem L\u00fcftungssystem zum Einsatz sowie bei der K\u00fchlung und bei den W\u00e4schetrocknern. Die W\u00e4rmepumpen entziehen zum Beispiel dem Technikraum und den L\u00fcftungen die W\u00e4rme. Damit wird das Vierfache an Wasser erhitzt und gleichzeitig der Speisesaal gek\u00fchlt. Au\u00dferdem nutzen wir die Abw\u00e4rme des K\u00e4lteaggregats, um den W\u00e4rmespeicher zu laden. Die Solepumpe kann daraus das F\u00fcnffache an Warmwasser herstellen.<\/p>\n\n\n\n<p>Auch die Schwimmbadw\u00e4rme speisen wir mit Hilfe einer W\u00e4rmepumpe wieder in den Heizkreislauf ein. Das Wasser f\u00fcr den Whirlpool wird in einem Tank gesammelt, dort gereinigt und wieder verwendet. Das spart sehr viel Wasser, Energie und Chemie. Das Hotel Apartment Andy verf\u00fcgt au\u00dferdem \u00fcber ein eigenes Blockheizkraftwerk, dessen Abw\u00e4rme ebenso in die Heizung mit einflie\u00dft. Damit unser Geb\u00e4ude die W\u00e4rme nicht gleich wieder an die Umgebung abgibt, haben wir schon im Jahr 1988 unser Haus mit Naturd\u00e4mmstoff isoliert.<\/p>\n<\/div>\n        <\/div>\n    <\/div>\n        <div class=\"accordion-item\">\n        <div class=\"accordion-header border-bottom-0 bg-transparent\" id=\"heading13726\">\n            <button class=\"accordion-button bg-transparent border-0 collapsed\" data-bs-toggle=\"collapse\" data-bs-target=\"#collapse13726\">Kraft durch Sonne und Regen<\/button>\n        <\/div>\n        <div class=\"accordion-collapse collapse\" id=\"collapse13726\" data-bs-parent=\"#accordionParent\">\n            <div class=\"accordion-body\">\n<p>Nat\u00fcrlich verbraucht ein Geb\u00e4ude wie das Andy, das seinen G\u00e4sten jeden Komfort bietet, viel Energie in Form von Strom. Deshalb erzeugen wir einen Teil des ben\u00f6tigten Stroms selbst. Bereits vor 20 Jahren haben wir in die Nutzung von Solarenergie investiert. Die Photovoltaik-Anlage auf dem Dach liefert uns sauberen Strom, und den Rest beziehen wir von einem \u00d6ko-Strom-Anbieter. Unser Energiehaushalt wird komplett elektronisch gesteuert. Das hei\u00dft, das System erkennt, wo Energie entsteht (z.B. bei der Solaranlage und bei den W\u00e4rmepumpen) und setzt sie dort ein, wo sie gerade gebraucht wird. Zum Beispiel bei der Heizung oder der Hei\u00dfwasserspeicherung. Dadurch wird ca. 25-30% Energie eingespart.<\/p>\n\n\n\n<p>Wo Sonne ist, da ist auch Regen. Abgesehen davon, dass die Photovoltaik-Anlage auch bei Regenwetter funktioniert, nutzen wir jeden Regentag aus, um Ressourcen zu sparen. Auf der Garage des Hauses wird das Regenwasser gesammelt, damit wir es an hei\u00dfen, sonnigen Tagen zum Blumengie\u00dfen verwenden. Sie sehen, wie vielseitig Nachhaltigkeit im Hotel Apartment Andy ist, um an m\u00f6glichst vielen Ansatzpunkten Energie zu sparen und die nat\u00fcrlichen Ressourcen zu schonen.<\/p>\n<\/div>\n        <\/div>\n    <\/div>\n    <\/div>\n<\/div>\n\n\n\n<div style=\"height:20px\" aria-hidden=\"true\" class=\"wp-block-spacer\"><\/div>\n","protected":false},"excerpt":{"rendered":"<p>Unsere gr\u00f6\u00dftes Gut? Die gesunde Natur des Pitztals Die Sch\u00f6nheit der Berge und Landschaften des Pitztals sind ein wahres Geschenk der Natur, mit dem wir sorgsam umgehen m\u00f6chten. Deshalb ist Nachhaltigkeit ein wichtiger Bestandteil unserer Philosophie. Bereits seit 20 Jahren nutzen wir Solarenergie und sind damit Vorreiter im schonenden Umgang mit den nat\u00fcrlichen Ressourcen. Aber [&hellip;]<\/p>\n","protected":false},"author":1007,"featured_media":10308,"parent":264,"menu_order":73,"comment_status":"closed","ping_status":"closed","template":"","meta":{"footnotes":""},"position":[],"class_list":["post-277","page","type-page","status-publish","has-post-thumbnail","hentry"],"meta_box":{"attachment":[],"dreisechzig":""},"_links":{"self":[{"href":"https:\/\/www.hotelandy.com\/de\/wp-json\/wp\/v2\/pages\/277","targetHints":{"allow":["GET"]}}],"collection":[{"href":"https:\/\/www.hotelandy.com\/de\/wp-json\/wp\/v2\/pages"}],"about":[{"href":"https:\/\/www.hotelandy.com\/de\/wp-json\/wp\/v2\/types\/page"}],"author":[{"embeddable":true,"href":"https:\/\/www.hotelandy.com\/de\/wp-json\/wp\/v2\/users\/1007"}],"replies":[{"embeddable":true,"href":"https:\/\/www.hotelandy.com\/de\/wp-json\/wp\/v2\/comments?post=277"}],"version-history":[{"count":0,"href":"https:\/\/www.hotelandy.com\/de\/wp-json\/wp\/v2\/pages\/277\/revisions"}],"up":[{"embeddable":true,"href":"https:\/\/www.hotelandy.com\/de\/wp-json\/wp\/v2\/pages\/264"}],"wp:featuredmedia":[{"embeddable":true,"href":"https:\/\/www.hotelandy.com\/de\/wp-json\/wp\/v2\/media\/10308"}],"wp:attachment":[{"href":"https:\/\/www.hotelandy.com\/de\/wp-json\/wp\/v2\/media?parent=277"}],"wp:term":[{"taxonomy":"position","embeddable":true,"href":"https:\/\/www.hotelandy.com\/de\/wp-json\/wp\/v2\/position?post=277"}],"curies":[{"name":"wp","href":"https:\/\/api.w.org\/{rel}","templated":true}]}}