{"id":342,"date":"2012-06-11T16:12:23","date_gmt":"2012-06-11T15:12:23","guid":{"rendered":"\/\/www.hotelandy.com\/?page_id=342"},"modified":"2021-06-17T14:01:24","modified_gmt":"2021-06-17T12:01:24","slug":"faqs","status":"publish","type":"page","link":"https:\/\/www.hotelandy.com\/de\/faqs\/","title":{"rendered":"FAQs"},"content":{"rendered":"<h1 style=\"text-align: center;\">H\u00e4ufig gestellte Fragen<\/h1>\r\n<h3><\/h3>\n<p><\/p>\n<div class=\"accordion\" id=\"accordionParent\">\n        <div class=\"accordion-item\">\n        <div class=\"accordion-header border-bottom-0 bg-transparent\" id=\"heading10124\">\n            <button class=\"accordion-button bg-transparent border-0 collapsed\" data-bs-toggle=\"collapse\" data-bs-target=\"#collapse10124\">Anfrage, Buchung und Anzahlung<\/button>\n        <\/div>\n        <div class=\"accordion-collapse collapse\" id=\"collapse10124\" data-bs-parent=\"#accordionParent\">\n            <div class=\"accordion-body\">\n<ul class=\"wp-block-list\">\n<li>Unsere neuen Apartments und Zimmer k\u00f6nnen Sie zum Bestpreis <a href=\"https:\/\/www.hotelandy.com\/onlinebuchung\/\"><strong>online buchen.<\/strong><\/a><\/li>\n\n\n\n<li>Bei fixen Reservierungen bitten wir zur Sicherstellung pro Zimmer bzw. Apartment um eine Anzahlung von 30% des Gesamtpreises.<\/li>\n\n\n\n<li>Wenn Sie unverbindlich anfragen m\u00f6chten,\u00a0senden Sie Ihre Anfrage \u00fcber unser <strong><a href=\"https:\/\/www.hotelandy.com\/anfrage\/\">Anfrageformular<\/a><\/strong>\u00a0oder kontaktieren Sie uns unter Tel.\u00a0+43 (5414) 86100 oder per E-Mail unter\u00a0<a href=\"mailto:info@hotelandy.com\">info@hotelandy.com<\/a>.<\/li>\n<\/ul>\n<\/div>\n        <\/div>\n    <\/div>\n        <div class=\"accordion-item\">\n        <div class=\"accordion-header border-bottom-0 bg-transparent\" id=\"heading12922\">\n            <button class=\"accordion-button bg-transparent border-0 collapsed\" data-bs-toggle=\"collapse\" data-bs-target=\"#collapse12922\">Stornobedingungen<\/button>\n        <\/div>\n        <div class=\"accordion-collapse collapse\" id=\"collapse12922\" data-bs-parent=\"#accordionParent\">\n            <div class=\"accordion-body\">\n<p><\/p>\n\n\n\n<ul class=\"wp-block-list\">\n<li>Bei Stornierungen am Anreisetag verrechnen wir 100% vom Gesamtpreis.<\/li>\n\n\n\n<li>Bei Stornierungen unter 7 Tagen vor Anreise verrechnen wir 80% vom Gesamtpreis.<\/li>\n\n\n\n<li>Bei Stornierungen von 13 bis 7 Tage vor Anreise verrechnen wir 50% vom Gesamtpreis.<\/li>\n\n\n\n<li>Bei Stornierungen bis 14 Tage vor Anreise verrechnen wir keine Stornogeb\u00fchr.<\/li>\n<\/ul>\n\n\n\n<p><\/p>\n<\/div>\n        <\/div>\n    <\/div>\n        <div class=\"accordion-item\">\n        <div class=\"accordion-header border-bottom-0 bg-transparent\" id=\"heading12918\">\n            <button class=\"accordion-button bg-transparent border-0 collapsed\" data-bs-toggle=\"collapse\" data-bs-target=\"#collapse12918\">Storno-Versicherung<\/button>\n        <\/div>\n        <div class=\"accordion-collapse collapse\" id=\"collapse12918\" data-bs-parent=\"#accordionParent\">\n            <div class=\"accordion-body\">\n<p><strong>Unsere Empfehlung:<\/strong> Seien Sie auf der sicheren Seite und <strong><a href=\"http:\/\/hotel.europaeische.at\/plus?AGN=05000904\" target=\"_blank\" rel=\"noopener noreferrer nofollow\">buchen Sie direkt hier Ihre Reisestornoversicherung.<\/a><\/strong><\/p>\n\n\n\n<p>Es besteht Deckung f\u00fcr den Fall, dass Sie als versicherter Kunde die Reise nicht antreten k\u00f6nnen oder abbrechen m\u00fcssen,<\/p>\n\n\n\n<ul class=\"wp-block-list\"><li>weil bei Ihnen erh\u00f6hte Temperatur gemessen wird, auch wenn ein sp\u00e4teres Testergebnis negativ ist, oder Sie auf COVID-19 positiv getestet wurden, ohne Symptome zu zeigen.<\/li><li>weil Sie an COVID-19 Symptomen erkranken.<\/li><li>weil ein naher Angeh\u00f6riger oder eine im gemeinsamen Haushalt lebende Person an COVID-19 erkrankt und Ihre dringende Anwesenheit erforderlich ist.<\/li><li>weil ein naher Angeh\u00f6riger im gemeinsamen Haushalt an COVID-19 erkrankt und Sie sich deshalb in Quarant\u00e4ne begeben m\u00fcssen.<\/li><\/ul>\n\n\n\n<p>Mehr Informationen zum Versicherungsschutz finden Sie <a href=\"https:\/\/www.europaeische.at\/service\/reisemagazin\/artikel\/information-zum-neuartigen-coronavirus-covid-19-und-zur-stornoversicherung\/\" target=\"_blank\" rel=\"noopener noreferrer nofollow\">hier<\/a>.<\/p>\n<\/div>\n        <\/div>\n    <\/div>\n        <div class=\"accordion-item\">\n        <div class=\"accordion-header border-bottom-0 bg-transparent\" id=\"heading10556\">\n            <button class=\"accordion-button bg-transparent border-0 collapsed\" data-bs-toggle=\"collapse\" data-bs-target=\"#collapse10556\">Anreise und Abreise<\/button>\n        <\/div>\n        <div class=\"accordion-collapse collapse\" id=\"collapse10556\" data-bs-parent=\"#accordionParent\">\n            <div class=\"accordion-body\">\n<p>Die Zimmer und Apartments sind am Anreisetag ab 14:30 Uhr beziehbar und am Abreisetag bitte bis 10:30 Uhr frei zu machen.<\/p>\n<\/div>\n        <\/div>\n    <\/div>\n        <div class=\"accordion-item\">\n        <div class=\"accordion-header border-bottom-0 bg-transparent\" id=\"heading10295\">\n            <button class=\"accordion-button bg-transparent border-0 collapsed\" data-bs-toggle=\"collapse\" data-bs-target=\"#collapse10295\">Ist Fr\u00fchst\u00fcck inklusive?<\/button>\n        <\/div>\n        <div class=\"accordion-collapse collapse\" id=\"collapse10295\" data-bs-parent=\"#accordionParent\">\n            <div class=\"accordion-body\">\n<p>Fr\u00fchst\u00fcck vom Buffet ist im Apartment-\/Zimmerpreis inkludiert.&nbsp;Fr\u00fchst\u00fcck am Zimmer bzw. im Apartment bieten wir nach Vorbestellung und gegen Aufpreis an.<\/p>\n<\/div>\n        <\/div>\n    <\/div>\n        <div class=\"accordion-item\">\n        <div class=\"accordion-header border-bottom-0 bg-transparent\" id=\"heading11163\">\n            <button class=\"accordion-button bg-transparent border-0 collapsed\" data-bs-toggle=\"collapse\" data-bs-target=\"#collapse11163\">Was ist alles im Apartment vorhanden?<\/button>\n        <\/div>\n        <div class=\"accordion-collapse collapse\" id=\"collapse11163\" data-bs-parent=\"#accordionParent\">\n            <div class=\"accordion-body\">\n<p>In allen Apartments befindet sich eine komplette Kochausstattung und Geschirr, ein Wasserkocher, eine Kapsel-Kaffeemaschine mit 4 kostenlosen Tabs (Nespresso-tauglich), Geschirrsp\u00fcler, Induktionsherdplatte, Mikrowellen-Backofenkombi, K\u00fchlschrank mit Gefrierfach, L\u00f6schdecke, Besen, Stielb\u00fcrste, Kehrschaufel mit Besen, Putzeimer, eine T\u00fcte mit Reinigungsutensilien (Schwamm, B\u00fcrste, Putzmittel, Geschirrsp\u00fcl-Tabs, Geschirrt\u00fccher, N\u00e4hset, Putzt\u00fccher), Handt\u00fccher, Badetasche mit Badet\u00fcchern, Badem\u00e4ntel, Bettw\u00e4sche und Toilettenpapier. Ihrem Urlaub steht nichts mehr im Weg.<\/p>\n<\/div>\n        <\/div>\n    <\/div>\n        <div class=\"accordion-item\">\n        <div class=\"accordion-header border-bottom-0 bg-transparent\" id=\"heading10122\">\n            <button class=\"accordion-button bg-transparent border-0 collapsed\" data-bs-toggle=\"collapse\" data-bs-target=\"#collapse10122\">Ist die Nutzung des Wellnessbereichs inklusive?<\/button>\n        <\/div>\n        <div class=\"accordion-collapse collapse\" id=\"collapse10122\" data-bs-parent=\"#accordionParent\">\n            <div class=\"accordion-body\">\n<p>JA. Die Nutzung der Andy Saunawelt, des Schwimmbads und der Fitness-Einrichtungen ist im Zimmerpreis inkludiert &#8211; auch am Anreisetag.<\/p>\n<\/div>\n        <\/div>\n    <\/div>\n        <div class=\"accordion-item\">\n        <div class=\"accordion-header border-bottom-0 bg-transparent\" id=\"heading10557\">\n            <button class=\"accordion-button bg-transparent border-0 collapsed\" data-bs-toggle=\"collapse\" data-bs-target=\"#collapse10557\">Taxi-Transfer \/ Shuttle<\/button>\n        <\/div>\n        <div class=\"accordion-collapse collapse\" id=\"collapse10557\" data-bs-parent=\"#accordionParent\">\n            <div class=\"accordion-body\">\n<p>Lassen Sie Ihr Auto zuhause und reisen Sie bequem mit \u00f6ffentlichen Verkehrsmittel zum Hotel Apartment Andy.<\/p>\n\n\n\n<p>Gerne organisieren wir f\u00fcr Sie einen Shuttle vom\/zum Bahnhof oder Flughafen, gegen Geb\u00fchr.<\/p>\n<\/div>\n        <\/div>\n    <\/div>\n        <div class=\"accordion-item\">\n        <div class=\"accordion-header border-bottom-0 bg-transparent\" id=\"heading10562\">\n            <button class=\"accordion-button bg-transparent border-0 collapsed\" data-bs-toggle=\"collapse\" data-bs-target=\"#collapse10562\">Zahlungsmittel<\/button>\n        <\/div>\n        <div class=\"accordion-collapse collapse\" id=\"collapse10562\" data-bs-parent=\"#accordionParent\">\n            <div class=\"accordion-body\">\n<p>Wir akzeptieren<\/p>\n\n\n\n<ul class=\"wp-block-list\">\n<li>Maestro<\/li>\n\n\n\n<li>Visa<\/li>\n\n\n\n<li>Mastercard<\/li>\n\n\n\n<li>AMEX<\/li>\n\n\n\n<li>V-Pay<\/li>\n\n\n\n<li>Bar (\u20ac)<\/li>\n<\/ul>\n<\/div>\n        <\/div>\n    <\/div>\n    <\/div>","protected":false},"excerpt":{"rendered":"<p>H\u00e4ufig gestellte Fragen<\/p>\n","protected":false},"author":1007,"featured_media":11460,"parent":0,"menu_order":37,"comment_status":"closed","ping_status":"closed","template":"","meta":{"footnotes":""},"position":[],"class_list":["post-342","page","type-page","status-publish","has-post-thumbnail","hentry"],"meta_box":{"attachment":[],"dreisechzig":""},"_links":{"self":[{"href":"https:\/\/www.hotelandy.com\/de\/wp-json\/wp\/v2\/pages\/342","targetHints":{"allow":["GET"]}}],"collection":[{"href":"https:\/\/www.hotelandy.com\/de\/wp-json\/wp\/v2\/pages"}],"about":[{"href":"https:\/\/www.hotelandy.com\/de\/wp-json\/wp\/v2\/types\/page"}],"author":[{"embeddable":true,"href":"https:\/\/www.hotelandy.com\/de\/wp-json\/wp\/v2\/users\/1007"}],"replies":[{"embeddable":true,"href":"https:\/\/www.hotelandy.com\/de\/wp-json\/wp\/v2\/comments?post=342"}],"version-history":[{"count":0,"href":"https:\/\/www.hotelandy.com\/de\/wp-json\/wp\/v2\/pages\/342\/revisions"}],"wp:featuredmedia":[{"embeddable":true,"href":"https:\/\/www.hotelandy.com\/de\/wp-json\/"}],"wp:attachment":[{"href":"https:\/\/www.hotelandy.com\/de\/wp-json\/wp\/v2\/media?parent=342"}],"wp:term":[{"taxonomy":"position","embeddable":true,"href":"https:\/\/www.hotelandy.com\/de\/wp-json\/wp\/v2\/position?post=342"}],"curies":[{"name":"wp","href":"https:\/\/api.w.org\/{rel}","templated":true}]}}