{"id":367,"date":"2012-06-12T10:52:37","date_gmt":"2012-06-12T09:52:37","guid":{"rendered":"\/\/www.hotelandy.com\/?page_id=367"},"modified":"2023-02-16T12:43:45","modified_gmt":"2023-02-16T11:43:45","slug":"impressum","status":"publish","type":"page","link":"https:\/\/www.hotelandy.com\/de\/impressum\/","title":{"rendered":"Impressum"},"content":{"rendered":"\n<h1 class=\"has-text-align-center wp-block-heading\">Impressum<\/h1>\n\n\n<h3><\/h3>\n<p><\/p>\n<div class=\"accordion\" id=\"accordionParent\">\n        <div class=\"accordion-item\">\n        <div class=\"accordion-header border-bottom-0 bg-transparent\" id=\"heading14247\">\n            <button class=\"accordion-button bg-transparent border-0 collapsed\" data-bs-toggle=\"collapse\" data-bs-target=\"#collapse14247\">Website-Betreiber<\/button>\n        <\/div>\n        <div class=\"accordion-collapse collapse\" id=\"collapse14247\" data-bs-parent=\"#accordionParent\">\n            <div class=\"accordion-body\">\n<p>ABZ Projektentwicklung GmbH<br>Milserstra\u00dfe 299<br>6100 Seefeld in Tirol<br>\u00d6sterreich<\/p>\n\n\n\n<p>T. +43(5414)86100<br>F. +43(5414)86108<br>E-Mail: info@hotelandy.com<br>Internet: www.hotelandy.com<\/p>\n\n\n\n<p>ATU76418547<\/p>\n\n\n\n<p>Plattform zur Online-Streitbeilegung der Europ\u00e4ischen Kommission<br><a href=\"http:\/\/ec.europa.eu\/consumers\/odr\/\" target=\"_blank\" rel=\"noreferrer noopener nofollow\">http:\/\/ec.europa.eu\/consumers\/odr\/<\/a><\/p>\n<\/div>\n        <\/div>\n    <\/div>\n        <div class=\"accordion-item\">\n        <div class=\"accordion-header border-bottom-0 bg-transparent\" id=\"heading14248\">\n            <button class=\"accordion-button bg-transparent border-0 collapsed\" data-bs-toggle=\"collapse\" data-bs-target=\"#collapse14248\">Informationspflicht nach \u00a7 5 Abs. 1 E-Commerce-Gesetz<\/button>\n        <\/div>\n        <div class=\"accordion-collapse collapse\" id=\"collapse14248\" data-bs-parent=\"#accordionParent\">\n            <div class=\"accordion-body\">\n<p>Die Inhalte dieser Website werden mit gr\u00f6\u00dftm\u00f6glicher Sorgfalt erstellt. Der Anbieter\/Betreiber \u00fcbernimmt jedoch keine Gew\u00e4hr f\u00fcr die Richtigkeit, Vollst\u00e4ndigkeit und Aktualit\u00e4t der bereitgestellten Inhalte. Die Nutzung der abrufbaren Inhalte erfolgt auf eigene Gefahr des Nutzers.<\/p>\n\n\n\n<p>Die in dieser Website und in allen anderen Bereichen wiedergegebenen Gebrauchsnamen, Handelsnamen, Warenbezeichnungen usw. k\u00f6nnen auch ohne besondere Kennzeichnungen Marken sein und als solche den gesetzlichen Bestimmungen unterliegen.<\/p>\n\n\n\n<p>F\u00fcr externe Links wird jede Haftung ausgeschlossen. Der Autor besitzt keinen Einfluss auf deren Inhalt und kann somit auch keine Gew\u00e4hr f\u00fcr diese \u00fcbernehmen. Das Setzen von externen Links bedeutet nicht, dass sich der Anbieter, die hinter dem Verweis oder Link liegenden Inhalte zu Eigen macht. Eine st\u00e4ndige Kontrolle dieser externen Links ist f\u00fcr den Anbieter ohne konkrete Hinweise auf Rechtsverst\u00f6\u00dfe nicht zumutbar. Bei Kenntnis von Rechtsverst\u00f6\u00dfen werden jedoch derartige externe Links unverz\u00fcglich gel\u00f6scht.<\/p>\n<\/div>\n        <\/div>\n    <\/div>\n        <div class=\"accordion-item\">\n        <div class=\"accordion-header border-bottom-0 bg-transparent\" id=\"heading14249\">\n            <button class=\"accordion-button bg-transparent border-0 collapsed\" data-bs-toggle=\"collapse\" data-bs-target=\"#collapse14249\">Bildnachweis<\/button>\n        <\/div>\n        <div class=\"accordion-collapse collapse\" id=\"collapse14249\" data-bs-parent=\"#accordionParent\">\n            <div class=\"accordion-body\">\n<p>S\u00e4mtliche Bilder und Texte auf dieser Seite unterliegen dem Urheberrecht und d\u00fcrfen ohne Zustimmung nicht weiterverwendet werden.<\/p>\n\n\n\n<p>Bilder von:\u00a0<a href=\"https:\/\/www.hotelandy.com\/\" target=\"_blank\" rel=\"noreferrer noopener\">Hotel Andy<\/a>,\u00a0<a href=\"http:\/\/www.fotolia.de\/\" target=\"_blank\" rel=\"noreferrer noopener nofollow\">Fotolia<\/a>,\u00a0<a href=\"http:\/\/pitztal.com\/\" target=\"_blank\" rel=\"noreferrer noopener nofollow\">TVB Pitztal<\/a>,<a href=\"http:\/\/www.hochzeiger.com\/\" target=\"_blank\" rel=\"noreferrer noopener nofollow\">\u00a0Hochzeiger Bergbahnen<\/a>, <a href=\"https:\/\/www.tirolwerbung.at\/\" target=\"_blank\" rel=\"noreferrer noopener nofollow\">Tirol Werbung<\/a><\/p>\n<\/div>\n        <\/div>\n    <\/div>\n        <div class=\"accordion-item\">\n        <div class=\"accordion-header border-bottom-0 bg-transparent\" id=\"heading14252\">\n            <button class=\"accordion-button bg-transparent border-0 collapsed\" data-bs-toggle=\"collapse\" data-bs-target=\"#collapse14252\">Datenschutzerkl\u00e4rung<\/button>\n        <\/div>\n        <div class=\"accordion-collapse collapse\" id=\"collapse14252\" data-bs-parent=\"#accordionParent\">\n            <div class=\"accordion-body\">\n<p>Wir legen gr\u00f6\u00dften Wert auf den Schutz der Privatsph\u00e4re unserer Nutzer. Die Preisgabe der innerhalb des Internetangebotes bestehenden M\u00f6glichkeit zur Eingabe pers\u00f6nlicher oder Daten (Email-Adresse, Namen, Anschriften) seitens der Nutzers erfolgt ausdr\u00fccklich auf freiwilliger Basis. Die von Ihnen zur Verf\u00fcgung gestellten personenbezogenen Daten verwenden wir ausschlie\u00dflich zum Zweck der technischen Administration der Webseiten und zur Erf\u00fcllung Ihrer W\u00fcnsche und Anforderungen, also in der Regel zur Beantwortung Ihrer Anfrage und Zusendung von Urlaubs-Angeboten via E-Mail.<\/p>\n\n\n\n<p>Vollst\u00e4ndige&nbsp;<a href=\"https:\/\/www.hotelandy.com\/datenschutz\/\">Datenschutzerkl\u00e4rung<\/a><\/p>\n<\/div>\n        <\/div>\n    <\/div>\n    <\/div>\n\n\n\n<p><\/p>\n","protected":false},"excerpt":{"rendered":"<p>Impressum<\/p>\n","protected":false},"author":1007,"featured_media":11190,"parent":0,"menu_order":34,"comment_status":"closed","ping_status":"closed","template":"","meta":{"footnotes":""},"position":[],"class_list":["post-367","page","type-page","status-publish","has-post-thumbnail","hentry"],"meta_box":{"attachment":[],"dreisechzig":""},"_links":{"self":[{"href":"https:\/\/www.hotelandy.com\/de\/wp-json\/wp\/v2\/pages\/367","targetHints":{"allow":["GET"]}}],"collection":[{"href":"https:\/\/www.hotelandy.com\/de\/wp-json\/wp\/v2\/pages"}],"about":[{"href":"https:\/\/www.hotelandy.com\/de\/wp-json\/wp\/v2\/types\/page"}],"author":[{"embeddable":true,"href":"https:\/\/www.hotelandy.com\/de\/wp-json\/wp\/v2\/users\/1007"}],"replies":[{"embeddable":true,"href":"https:\/\/www.hotelandy.com\/de\/wp-json\/wp\/v2\/comments?post=367"}],"version-history":[{"count":0,"href":"https:\/\/www.hotelandy.com\/de\/wp-json\/wp\/v2\/pages\/367\/revisions"}],"wp:featuredmedia":[{"embeddable":true,"href":"https:\/\/www.hotelandy.com\/de\/wp-json\/wp\/v2\/media\/11190"}],"wp:attachment":[{"href":"https:\/\/www.hotelandy.com\/de\/wp-json\/wp\/v2\/media?parent=367"}],"wp:term":[{"taxonomy":"position","embeddable":true,"href":"https:\/\/www.hotelandy.com\/de\/wp-json\/wp\/v2\/position?post=367"}],"curies":[{"name":"wp","href":"https:\/\/api.w.org\/{rel}","templated":true}]}}