{"id":370,"date":"2012-06-12T12:13:49","date_gmt":"2012-06-12T11:13:49","guid":{"rendered":"\/\/www.hotelandy.com\/?page_id=370"},"modified":"2023-08-15T10:27:58","modified_gmt":"2023-08-15T08:27:58","slug":"familienurlaub-kinder","status":"publish","type":"page","link":"https:\/\/www.hotelandy.com\/de\/sommerurlaub-pitztal-tirol\/familienurlaub-kinder\/","title":{"rendered":"Familien &#038; Kinder"},"content":{"rendered":"\n<div class=\"wp-block-group is-layout-constrained wp-block-group-is-layout-constrained\">\n<h1 class=\"wp-block-heading has-text-align-center\">Familienurlaub f\u00fcr alle Generationen im Pitztal<\/h1>\n\n\n\n<p class=\"has-text-align-left\"><strong>Hereinspaziert: Kleine Kinder, gro\u00dfes Gl\u00fcck. Kinderbetreuung im Sommer inklusive.\u00a0<\/strong>Bei uns geht es den kleinen G\u00e4sten besonders gut. Unsere <a href=\"https:\/\/www.hotelandy.com\/de\/apartments-hochzeiger-jerzens\/\">gro\u00dfz\u00fcgigen Apartments<\/a> \u00fcber mehrere Etagen bieten viel Platz f\u00fcr Familien und eignen sich hervorragend f\u00fcr einen Mehrgenerationen-Urlaub. Im Hotel erwartet die Kleinen ein gro\u00dfer\u00a0<strong>Kinderspielraum<\/strong>\u00a0und im Wellnessbereich eine eigene\u00a0<strong>Kindersauna<\/strong>\u00a0und ein\u00a0<strong>Dampfbad<\/strong>.\u00a0Und drau\u00dfen unterwegs ist das Pitztal ein wahrer\u00a0<strong>Abenteuerspielplatz<\/strong>\u00a0f\u00fcr Gro\u00df und Klein.<\/p>\n<\/div>\n\n\n\n<div style=\"height:40px\" aria-hidden=\"true\" class=\"wp-block-spacer\"><\/div>\n\n\n\n<div class=\"wp-block-group is-layout-constrained wp-block-group-is-layout-constrained\">\n<figure class=\"wp-block-image size-slide\"><img loading=\"lazy\" decoding=\"async\" width=\"1920\" height=\"640\" src=\"https:\/\/www.hotelandy.com\/wp-content\/uploads\/2021\/01\/sommer-familie-zirbenpark-hochzeiger-3-1920x640.jpg\" alt=\"\" class=\"wp-image-12752\" title=\"\"><\/figure>\n<\/div>\n\n\n\n<div style=\"height:20px\" aria-hidden=\"true\" class=\"wp-block-spacer\"><\/div>\n\n\n\n<div class=\"wp-block-group is-layout-constrained wp-block-group-is-layout-constrained\">\n<h3 class=\"wp-block-heading has-text-align-center\">Aktivit\u00e4ten Highlights im Pitztal f\u00fcr Kinder<\/h3>\n\n\n\n<p><strong>Geocaching &#8211; die GPS-Schnitzeljagd f\u00fcr Gro\u00df und Klein. <\/strong>Mit Hilfe von GPS-Ger\u00e4ten, Smartphones oder von genauen Landkarten werden kleine, wasserdichte Beh\u00e4lter, in dem sich ein Logbuch zum Eintragen befindet, gesucht.&nbsp;Entdecken Sie das Pitztal in Tirol auf einer spannenden Schatzsuche mit Freunden und der Familie. Lassen Sie sich zu den sch\u00f6nsten Pl\u00e4tzen der Region f\u00fchren und entdecken Sie die atemberaubende Vielfalt dieses Tales.<\/p>\n\n\n\n<p><strong>Pitz Park in Wenns, Pitztal &#8211; Freizeitanlage mit Naturbadeteich und Kinderspielplatz<\/strong>: Ein Naturbadeteich mit einer Wasseroberfl\u00e4che von 1.050m\u00b2, ein gro\u00dfer Kinderspielplatz, ein Beachvolleyball- und Soccerplatz lassen Kinderaugen gr\u00f6\u00dfer werden!<\/p>\n<\/div>\n\n\n\n<div style=\"height:40px\" aria-hidden=\"true\" class=\"wp-block-spacer\"><\/div>\n\n\n\n<div class=\"wp-block-group is-layout-constrained wp-block-group-is-layout-constrained\">    <div id=\"collage-12450\" class=\"collage collage-grid\">\n                    <div class=\"col-lg-3 col-md-4 col-6 m-0 p-0\">\n                <a href=\"https:\/\/www.hotelandy.com\/wp-content\/uploads\/2019\/01\/sommer-zirbenpark-zirbenturm.jpg\" class=\"d-block m-1 h-100\" data-fslightbox=\"gallery\">\n                    <img decoding=\"async\" class=\"img-fluid\" src=\"https:\/\/www.hotelandy.com\/wp-content\/uploads\/2019\/01\/sommer-zirbenpark-zirbenturm-640x640.jpg\" alt=\"\" title=\"\">\n                <\/a>\n            <\/div>\n                    <div class=\"col-lg-3 col-md-4 col-6 m-0 p-0\">\n                <a href=\"https:\/\/www.hotelandy.com\/wp-content\/uploads\/2021\/01\/familie-sommer-zirbenpark_hochzeiger.jpg\" class=\"d-block m-1 h-100\" data-fslightbox=\"gallery\">\n                    <img decoding=\"async\" class=\"img-fluid\" src=\"https:\/\/www.hotelandy.com\/wp-content\/uploads\/2021\/01\/familie-sommer-zirbenpark_hochzeiger-640x640.jpg\" alt=\"\" title=\"\">\n                <\/a>\n            <\/div>\n                    <div class=\"col-lg-3 col-md-4 col-6 m-0 p-0\">\n                <a href=\"https:\/\/www.hotelandy.com\/wp-content\/uploads\/2017\/09\/ZirbenPark_zirbencart-sommer-hochzeiger-scaled.jpg\" class=\"d-block m-1 h-100\" data-fslightbox=\"gallery\">\n                    <img decoding=\"async\" class=\"img-fluid\" src=\"https:\/\/www.hotelandy.com\/wp-content\/uploads\/2017\/09\/ZirbenPark_zirbencart-sommer-hochzeiger-640x640.jpg\" alt=\"\" title=\"\">\n                <\/a>\n            <\/div>\n                    <div class=\"col-lg-3 col-md-4 col-6 m-0 p-0\">\n                <a href=\"https:\/\/www.hotelandy.com\/wp-content\/uploads\/2017\/02\/zirbenpark_skizze.jpg\" class=\"d-block m-1 h-100\" data-fslightbox=\"gallery\">\n                    <img decoding=\"async\" class=\"img-fluid\" src=\"https:\/\/www.hotelandy.com\/wp-content\/uploads\/2017\/02\/zirbenpark_skizze-640x640.jpg\" alt=\"\" title=\"\">\n                <\/a>\n            <\/div>\n            <\/div>\n\n\n<\/div>\n\n\n\n<div style=\"height:20px\" aria-hidden=\"true\" class=\"wp-block-spacer\"><\/div>\n\n\n\n<div class=\"wp-block-group is-layout-constrained wp-block-group-is-layout-constrained\">\n<h3 class=\"wp-block-heading has-text-align-center\">Der ZirbenPark am Hochzeiger<\/h3>\n\n\n\n<p>Direkt neben dem Andy Hotel Apartment beginnt die Zirbenwald-Entdeckungstour mit dem Aufstieg mit der Gondel bis zur Mittelstation der Hochzeiger-Bahnen. Im ZirbenPark bei der Hochzeiger Mittelstation k\u00f6nnen Sie diese edle Holzart mit der ganzen Familie in all ihren Facetten kennenlernen.<\/p>\n\n\n\n<p><strong>Begeben Sie sich im ZirbenPark auf eine ganz besondere Rundwanderung:<\/strong><\/p>\n\n\n\n<ul class=\"bullets wp-block-list\">\n<li>Der ca. 1 km lange<strong> ZirbenPark-Erlebnisweg<\/strong> startet bei der Hochzeiger Mittelstation, verl\u00e4uft in Richtung Zollberg und f\u00fchrt durch den <strong>Zirbenwald<\/strong> \u00fcber die Tanzalm wieder retour zur Hochzeiger Mittelstation &#8211; Zeigerrestaurant. Im ZirbenPark lernen Sie in den unterschiedlichen Stationen die Zirbe kennen und das ZirbenErlebnis ist mit allen Sinnen sp\u00fcrbar.<\/li>\n\n\n\n<li>Das Highlight des ZirbenParks ist der <strong>ZirbenZapfen-Erlebnisturm<\/strong>: Der 12 Meter hohe Erlebnisturm ist mit einer Aussichtsplattform und einer 16 Meter langen <strong>R\u00f6hrenrutsche<\/strong> ausgestattet. Zudem gibt es einen weiteren kleinen Zapfenturm zum Klettern und einen Netztunnel.<\/li>\n\n\n\n<li>Spa\u00dffaktor im ZirbenPark:&nbsp;Zirbeln\u00fcsse pflanzen, balancieren, klettern, ins Heu h\u00fcpfen, die Tiere im <strong>Kleintier-Streichelzoo<\/strong> besuchen, Sp\u00e4ne f\u00fcr das eigene <strong>Zirbenkissen<\/strong> hobeln oder an einem <strong>Quiz<\/strong> teilnehmen &#8211; die M\u00f6glichkeiten im ZirbenPark sind vielf\u00e4ltig.<\/li>\n<\/ul>\n<\/div>\n\n\n\n<div style=\"height:40px\" aria-hidden=\"true\" class=\"wp-block-spacer\"><\/div>\n\n\n\n<div class=\"wp-block-group is-layout-constrained wp-block-group-is-layout-constrained\">\n<figure class=\"wp-block-image size-slide\"><img loading=\"lazy\" decoding=\"async\" width=\"1280\" height=\"540\" src=\"https:\/\/www.hotelandy.com\/wp-content\/uploads\/2012\/07\/gapp1jpg1-1280x540.jpeg\" alt=\"pitztal-hochseilgarten &copy; @tvbpitztal\" class=\"wp-image-646\" title=\"\"><\/figure>\n<\/div>\n\n\n\n<div style=\"height:20px\" aria-hidden=\"true\" class=\"wp-block-spacer\"><\/div>\n\n\n\n<div class=\"wp-block-group is-layout-constrained wp-block-group-is-layout-constrained\">\n<h3 class=\"wp-block-heading has-text-align-center\">Weitere tolle Familien-Aktivit\u00e4ten im Pitztal<\/h3>\n\n\n\n<div class=\"wp-block-columns is-layout-flex wp-container-core-columns-is-layout-9d6595d7 wp-block-columns-is-layout-flex\">\n<div class=\"wp-block-column is-layout-flow wp-block-column-is-layout-flow\">\n<ul class=\"bullets wp-block-list\">\n<li>Hochseilgarten XP Abenteuerpark<\/li>\n\n\n\n<li>Flying-Fox<\/li>\n\n\n\n<li>Fischen<\/li>\n\n\n\n<li>Erholungsgebiet Klausboden<\/li>\n\n\n\n<li>Wildtier-Erlebnisweg<\/li>\n\n\n\n<li>(Indoor) Kinderspielpl\u00e4tze<\/li>\n\n\n\n<li>Reiten &amp; Pferdekutschenfahrten<\/li>\n\n\n\n<li>Naturparkhaus mit Moorlehrpfad<\/li>\n\n\n\n<li>Benni Raich Br\u00fccke<\/li>\n<\/ul>\n<\/div>\n\n\n\n<div class=\"wp-block-column is-layout-flow wp-block-column-is-layout-flow\">\n<ul class=\"bullets wp-block-list\">\n<li>Pitzi Schatzsuche am Rifflsee, Hochzeiger und Naturparkhaus<\/li>\n\n\n\n<li>Kinder auf Forschertour<\/li>\n\n\n\n<li>R\u00e4tselpfad Tiefental Alm<\/li>\n\n\n\n<li>Alpen-Achterbahn Alpine Coaster<\/li>\n\n\n\n<li>Besichtigung der Erdpyramiden<\/li>\n\n\n\n<li>Besichtigung der Wasserf\u00e4lle Klockele (nachts beleuchtet)<\/li>\n\n\n\n<li>Stuibenwasserfall<\/li>\n\n\n\n<li>Besichtigung der Sennereien<\/li>\n\n\n\n<li>Wanderstempel sammeln (Wandernadel)<\/li>\n<\/ul>\n<\/div>\n<\/div>\n<\/div>\n\n\n\n<div style=\"height:20px\" aria-hidden=\"true\" class=\"wp-block-spacer\"><\/div>\n\n\n    <section id=\"s7646\" class=\"section  container-fluid no-gutters static\" style=\"background-image:url(https:\/\/www.hotelandy.com\/wp-content\/uploads\/2017\/06\/einzelfahrten-hochzeiger-sommer-sechszeiger-see-1920x650.jpg); background-color:rgba(0,0,0,0.5); color:#ffffff; background-size:cover; background-position: center center; background-repeat:no-repeat; background-blend-mode: multiply; margin:20px auto; padding-top:0px; padding-bottom:0px;\">\n    <div class=\"container\" style=\"padding-top: 100px; padding-bottom: 100px;\">\n        \n<div class=\"wp-block-group is-layout-constrained wp-block-group-is-layout-constrained\">\n<div class=\"wp-block-columns is-layout-flex wp-container-core-columns-is-layout-9d6595d7 wp-block-columns-is-layout-flex\">\n<div class=\"wp-block-column is-layout-flow wp-block-column-is-layout-flow\"><\/div>\n\n\n\n<div class=\"wp-block-column is-layout-flow wp-block-column-is-layout-flow\">\n<h2 class=\"wp-block-heading has-text-align-center\">Pitztal Sommer Card<\/h2>\n\n\n\n<p>Erleben Sie vom <strong>04.06.2026 bis 18.10.2026<\/strong> jeden Tag\u00a0<strong>freien Zutritt<\/strong>\u00a0zu den Attraktionen des Pitztals und seiner Umgebung. Bei Anreise erhalten Sie Ihre Pitztal Sommer Card von uns und k\u00f6nnen t\u00e4glich (inklusive Anreisetag\u00a0<em>oder<\/em>\u00a0Abreisetag) entweder eine\u00a0<strong>Bergbahn oder den XP Abenteuerpark kostenlos<\/strong>\u00a0in Anspruch nehmen. Zus\u00e4tzlich erhalten Sie t\u00e4glich Zutritt zu den anderen Leistungspartnern wie Museen, Badesee, Kletterhalle, Boulderstadl und Steinbockzentrum und fahren t\u00e4glich kostenlos mit dem\u00a0<strong>\u00f6ffentlichen Bus<\/strong>\u00a0im Pitztal.<\/p>\n\n\n\n<div class=\"wp-block-group text-center is-layout-flow wp-block-group-is-layout-flow\">\n<a class=\"btn btn-primary\" href=\"https:\/\/www.pitztal.com\/de\/sommer\/preise\/pitztal-sommer-card\" target=\"_blank\" role=\"button\" rel=\"noopener noreferrer\">Mehr erfahren<\/a>\n<\/div>\n<\/div>\n<\/div>\n<\/div>\n\n\n\n<p><\/p>\n\n    <\/div>\n    <\/section>\n\n","protected":false},"excerpt":{"rendered":"<p>Familienurlaub f\u00fcr alle Generationen im Pitztal Hereinspaziert: Kleine Kinder, gro\u00dfes Gl\u00fcck. Kinderbetreuung im Sommer inklusive.\u00a0Bei uns geht es den kleinen G\u00e4sten besonders gut. Unsere gro\u00dfz\u00fcgigen Apartments \u00fcber mehrere Etagen bieten viel Platz f\u00fcr Familien und eignen sich hervorragend f\u00fcr einen Mehrgenerationen-Urlaub. Im Hotel erwartet die Kleinen ein gro\u00dfer\u00a0Kinderspielraum\u00a0und im Wellnessbereich eine eigene\u00a0Kindersauna\u00a0und ein\u00a0Dampfbad.\u00a0Und drau\u00dfen unterwegs [&hellip;]<\/p>\n","protected":false},"author":1007,"featured_media":12755,"parent":120,"menu_order":86,"comment_status":"closed","ping_status":"closed","template":"","meta":{"footnotes":""},"position":[],"class_list":["post-370","page","type-page","status-publish","has-post-thumbnail","hentry"],"meta_box":{"attachment":[],"dreisechzig":""},"_links":{"self":[{"href":"https:\/\/www.hotelandy.com\/de\/wp-json\/wp\/v2\/pages\/370","targetHints":{"allow":["GET"]}}],"collection":[{"href":"https:\/\/www.hotelandy.com\/de\/wp-json\/wp\/v2\/pages"}],"about":[{"href":"https:\/\/www.hotelandy.com\/de\/wp-json\/wp\/v2\/types\/page"}],"author":[{"embeddable":true,"href":"https:\/\/www.hotelandy.com\/de\/wp-json\/wp\/v2\/users\/1007"}],"replies":[{"embeddable":true,"href":"https:\/\/www.hotelandy.com\/de\/wp-json\/wp\/v2\/comments?post=370"}],"version-history":[{"count":0,"href":"https:\/\/www.hotelandy.com\/de\/wp-json\/wp\/v2\/pages\/370\/revisions"}],"up":[{"embeddable":true,"href":"https:\/\/www.hotelandy.com\/de\/wp-json\/wp\/v2\/pages\/120"}],"wp:featuredmedia":[{"embeddable":true,"href":"https:\/\/www.hotelandy.com\/de\/wp-json\/wp\/v2\/media\/12755"}],"wp:attachment":[{"href":"https:\/\/www.hotelandy.com\/de\/wp-json\/wp\/v2\/media?parent=370"}],"wp:term":[{"taxonomy":"position","embeddable":true,"href":"https:\/\/www.hotelandy.com\/de\/wp-json\/wp\/v2\/position?post=370"}],"curies":[{"name":"wp","href":"https:\/\/api.w.org\/{rel}","templated":true}]}}