{"id":56,"date":"2012-04-30T13:49:39","date_gmt":"2012-04-30T12:49:39","guid":{"rendered":"\/\/www.hotelandy.com\/?page_id=56"},"modified":"2023-05-23T16:37:34","modified_gmt":"2023-05-23T14:37:34","slug":"buchungsinfos","status":"publish","type":"page","link":"https:\/\/www.hotelandy.com\/de\/buchungsinfos\/","title":{"rendered":"Buchungsinfos"},"content":{"rendered":"\n<div class=\"wp-block-group is-layout-constrained wp-block-group-is-layout-constrained\">\n<h1 class=\"wp-block-heading has-text-align-center\">Noch Fragen? Wir informieren Sie gerne!<\/h1>\n\n\n\n<div style=\"height:20px\" aria-hidden=\"true\" class=\"wp-block-spacer\"><\/div>\n\n\n\n<p>Hier haben wir alle wichtigen Informationen rund um Ihren Urlaub im Hotel Apartment Wellness Andy zusammengestellt. Wenn Sie noch Fragen haben, bitte kontaktieren Sie uns &#8211; wir k\u00fcmmern uns gerne um Ihre W\u00fcnsche und Anliegen.<\/p>\n<\/div>\n\n\n\n<div style=\"height:20px\" aria-hidden=\"true\" class=\"wp-block-spacer\"><\/div>\n\n\n\n<h2 class=\"wp-block-heading has-text-align-center\">Buchung und Reservierung<\/h2>\n\n\n\n<div class=\"wp-block-group is-layout-constrained wp-block-group-is-layout-constrained\"><h3><\/h3>\n<p><\/p>\n<div class=\"accordion\" id=\"accordionParent\">\n        <div class=\"accordion-item\">\n        <div class=\"accordion-header border-bottom-0 bg-transparent\" id=\"heading10124\">\n            <button class=\"accordion-button bg-transparent border-0 collapsed\" data-bs-toggle=\"collapse\" data-bs-target=\"#collapse10124\">Anfrage, Buchung und Anzahlung<\/button>\n        <\/div>\n        <div class=\"accordion-collapse collapse\" id=\"collapse10124\" data-bs-parent=\"#accordionParent\">\n            <div class=\"accordion-body\">\n<ul class=\"wp-block-list\">\n<li>Unsere neuen Apartments und Zimmer k\u00f6nnen Sie zum Bestpreis <a href=\"https:\/\/www.hotelandy.com\/onlinebuchung\/\"><strong>online buchen.<\/strong><\/a><\/li>\n\n\n\n<li>Bei fixen Reservierungen bitten wir zur Sicherstellung pro Zimmer bzw. Apartment um eine Anzahlung von 30% des Gesamtpreises.<\/li>\n\n\n\n<li>Wenn Sie unverbindlich anfragen m\u00f6chten,\u00a0senden Sie Ihre Anfrage \u00fcber unser <strong><a href=\"https:\/\/www.hotelandy.com\/anfrage\/\">Anfrageformular<\/a><\/strong>\u00a0oder kontaktieren Sie uns unter Tel.\u00a0+43 (5414) 86100 oder per E-Mail unter\u00a0<a href=\"mailto:info@hotelandy.com\">info@hotelandy.com<\/a>.<\/li>\n<\/ul>\n<\/div>\n        <\/div>\n    <\/div>\n        <div class=\"accordion-item\">\n        <div class=\"accordion-header border-bottom-0 bg-transparent\" id=\"heading12922\">\n            <button class=\"accordion-button bg-transparent border-0 collapsed\" data-bs-toggle=\"collapse\" data-bs-target=\"#collapse12922\">Stornobedingungen<\/button>\n        <\/div>\n        <div class=\"accordion-collapse collapse\" id=\"collapse12922\" data-bs-parent=\"#accordionParent\">\n            <div class=\"accordion-body\">\n<p><\/p>\n\n\n\n<ul class=\"wp-block-list\">\n<li>Bei Stornierungen am Anreisetag verrechnen wir 100% vom Gesamtpreis.<\/li>\n\n\n\n<li>Bei Stornierungen unter 7 Tagen vor Anreise verrechnen wir 80% vom Gesamtpreis.<\/li>\n\n\n\n<li>Bei Stornierungen von 13 bis 7 Tage vor Anreise verrechnen wir 50% vom Gesamtpreis.<\/li>\n\n\n\n<li>Bei Stornierungen bis 14 Tage vor Anreise verrechnen wir keine Stornogeb\u00fchr.<\/li>\n<\/ul>\n\n\n\n<p><\/p>\n<\/div>\n        <\/div>\n    <\/div>\n        <div class=\"accordion-item\">\n        <div class=\"accordion-header border-bottom-0 bg-transparent\" id=\"heading12918\">\n            <button class=\"accordion-button bg-transparent border-0 collapsed\" data-bs-toggle=\"collapse\" data-bs-target=\"#collapse12918\">Storno-Versicherung<\/button>\n        <\/div>\n        <div class=\"accordion-collapse collapse\" id=\"collapse12918\" data-bs-parent=\"#accordionParent\">\n            <div class=\"accordion-body\">\n<p><strong>Unsere Empfehlung:<\/strong> Seien Sie auf der sicheren Seite und <strong><a href=\"http:\/\/hotel.europaeische.at\/plus?AGN=05000904\" target=\"_blank\" rel=\"noopener noreferrer nofollow\">buchen Sie direkt hier Ihre Reisestornoversicherung.<\/a><\/strong><\/p>\n\n\n\n<p>Es besteht Deckung f\u00fcr den Fall, dass Sie als versicherter Kunde die Reise nicht antreten k\u00f6nnen oder abbrechen m\u00fcssen,<\/p>\n\n\n\n<ul class=\"wp-block-list\"><li>weil bei Ihnen erh\u00f6hte Temperatur gemessen wird, auch wenn ein sp\u00e4teres Testergebnis negativ ist, oder Sie auf COVID-19 positiv getestet wurden, ohne Symptome zu zeigen.<\/li><li>weil Sie an COVID-19 Symptomen erkranken.<\/li><li>weil ein naher Angeh\u00f6riger oder eine im gemeinsamen Haushalt lebende Person an COVID-19 erkrankt und Ihre dringende Anwesenheit erforderlich ist.<\/li><li>weil ein naher Angeh\u00f6riger im gemeinsamen Haushalt an COVID-19 erkrankt und Sie sich deshalb in Quarant\u00e4ne begeben m\u00fcssen.<\/li><\/ul>\n\n\n\n<p>Mehr Informationen zum Versicherungsschutz finden Sie <a href=\"https:\/\/www.europaeische.at\/service\/reisemagazin\/artikel\/information-zum-neuartigen-coronavirus-covid-19-und-zur-stornoversicherung\/\" target=\"_blank\" rel=\"noopener noreferrer nofollow\">hier<\/a>.<\/p>\n<\/div>\n        <\/div>\n    <\/div>\n        <div class=\"accordion-item\">\n        <div class=\"accordion-header border-bottom-0 bg-transparent\" id=\"heading10556\">\n            <button class=\"accordion-button bg-transparent border-0 collapsed\" data-bs-toggle=\"collapse\" data-bs-target=\"#collapse10556\">Anreise und Abreise<\/button>\n        <\/div>\n        <div class=\"accordion-collapse collapse\" id=\"collapse10556\" data-bs-parent=\"#accordionParent\">\n            <div class=\"accordion-body\">\n<p>Die Zimmer und Apartments sind am Anreisetag ab 14:30 Uhr beziehbar und am Abreisetag bitte bis 10:30 Uhr frei zu machen.<\/p>\n<\/div>\n        <\/div>\n    <\/div>\n        <div class=\"accordion-item\">\n        <div class=\"accordion-header border-bottom-0 bg-transparent\" id=\"heading10295\">\n            <button class=\"accordion-button bg-transparent border-0 collapsed\" data-bs-toggle=\"collapse\" data-bs-target=\"#collapse10295\">Ist Fr\u00fchst\u00fcck inklusive?<\/button>\n        <\/div>\n        <div class=\"accordion-collapse collapse\" id=\"collapse10295\" data-bs-parent=\"#accordionParent\">\n            <div class=\"accordion-body\">\n<p>Fr\u00fchst\u00fcck vom Buffet ist im Apartment-\/Zimmerpreis inkludiert.&nbsp;Fr\u00fchst\u00fcck am Zimmer bzw. im Apartment bieten wir nach Vorbestellung und gegen Aufpreis an.<\/p>\n<\/div>\n        <\/div>\n    <\/div>\n        <div class=\"accordion-item\">\n        <div class=\"accordion-header border-bottom-0 bg-transparent\" id=\"heading11163\">\n            <button class=\"accordion-button bg-transparent border-0 collapsed\" data-bs-toggle=\"collapse\" data-bs-target=\"#collapse11163\">Was ist alles im Apartment vorhanden?<\/button>\n        <\/div>\n        <div class=\"accordion-collapse collapse\" id=\"collapse11163\" data-bs-parent=\"#accordionParent\">\n            <div class=\"accordion-body\">\n<p>In allen Apartments befindet sich eine komplette Kochausstattung und Geschirr, ein Wasserkocher, eine Kapsel-Kaffeemaschine mit 4 kostenlosen Tabs (Nespresso-tauglich), Geschirrsp\u00fcler, Induktionsherdplatte, Mikrowellen-Backofenkombi, K\u00fchlschrank mit Gefrierfach, L\u00f6schdecke, Besen, Stielb\u00fcrste, Kehrschaufel mit Besen, Putzeimer, eine T\u00fcte mit Reinigungsutensilien (Schwamm, B\u00fcrste, Putzmittel, Geschirrsp\u00fcl-Tabs, Geschirrt\u00fccher, N\u00e4hset, Putzt\u00fccher), Handt\u00fccher, Badetasche mit Badet\u00fcchern, Badem\u00e4ntel, Bettw\u00e4sche und Toilettenpapier. Ihrem Urlaub steht nichts mehr im Weg.<\/p>\n<\/div>\n        <\/div>\n    <\/div>\n        <div class=\"accordion-item\">\n        <div class=\"accordion-header border-bottom-0 bg-transparent\" id=\"heading10122\">\n            <button class=\"accordion-button bg-transparent border-0 collapsed\" data-bs-toggle=\"collapse\" data-bs-target=\"#collapse10122\">Ist die Nutzung des Wellnessbereichs inklusive?<\/button>\n        <\/div>\n        <div class=\"accordion-collapse collapse\" id=\"collapse10122\" data-bs-parent=\"#accordionParent\">\n            <div class=\"accordion-body\">\n<p>JA. Die Nutzung der Andy Saunawelt, des Schwimmbads und der Fitness-Einrichtungen ist im Zimmerpreis inkludiert &#8211; auch am Anreisetag.<\/p>\n<\/div>\n        <\/div>\n    <\/div>\n        <div class=\"accordion-item\">\n        <div class=\"accordion-header border-bottom-0 bg-transparent\" id=\"heading10557\">\n            <button class=\"accordion-button bg-transparent border-0 collapsed\" data-bs-toggle=\"collapse\" data-bs-target=\"#collapse10557\">Taxi-Transfer \/ Shuttle<\/button>\n        <\/div>\n        <div class=\"accordion-collapse collapse\" id=\"collapse10557\" data-bs-parent=\"#accordionParent\">\n            <div class=\"accordion-body\">\n<p>Lassen Sie Ihr Auto zuhause und reisen Sie bequem mit \u00f6ffentlichen Verkehrsmittel zum Hotel Apartment Andy.<\/p>\n\n\n\n<p>Gerne organisieren wir f\u00fcr Sie einen Shuttle vom\/zum Bahnhof oder Flughafen, gegen Geb\u00fchr.<\/p>\n<\/div>\n        <\/div>\n    <\/div>\n        <div class=\"accordion-item\">\n        <div class=\"accordion-header border-bottom-0 bg-transparent\" id=\"heading10562\">\n            <button class=\"accordion-button bg-transparent border-0 collapsed\" data-bs-toggle=\"collapse\" data-bs-target=\"#collapse10562\">Zahlungsmittel<\/button>\n        <\/div>\n        <div class=\"accordion-collapse collapse\" id=\"collapse10562\" data-bs-parent=\"#accordionParent\">\n            <div class=\"accordion-body\">\n<p>Wir akzeptieren<\/p>\n\n\n\n<ul class=\"wp-block-list\">\n<li>Maestro<\/li>\n\n\n\n<li>Visa<\/li>\n\n\n\n<li>Mastercard<\/li>\n\n\n\n<li>AMEX<\/li>\n\n\n\n<li>V-Pay<\/li>\n\n\n\n<li>Bar (\u20ac)<\/li>\n<\/ul>\n<\/div>\n        <\/div>\n    <\/div>\n    <\/div>\n<\/div>\n\n\n\n<div style=\"height:40px\" aria-hidden=\"true\" class=\"wp-block-spacer\"><\/div>\n\n\n\n<h2 class=\"wp-block-heading has-text-align-center\">H\u00e4ufig gestellte Fragen<\/h2>\n\n\n\n<div class=\"wp-block-group is-layout-constrained wp-block-group-is-layout-constrained\"><h3><\/h3>\n<p><\/p>\n<div class=\"accordion\" id=\"accordionParent\">\n        <div class=\"accordion-item\">\n        <div class=\"accordion-header border-bottom-0 bg-transparent\" id=\"heading667\">\n            <button class=\"accordion-button bg-transparent border-0 collapsed\" data-bs-toggle=\"collapse\" data-bs-target=\"#collapse667\">Wo liegt das Andy?<\/button>\n        <\/div>\n        <div class=\"accordion-collapse collapse\" id=\"collapse667\" data-bs-parent=\"#accordionParent\">\n            <div class=\"accordion-body\">\n<p>Das Andy Hotel Apartment Wellness liegt in Tirol, \u00d6sterreich, im vorderen Teil des sch\u00f6nen Pitztals auf einem Sonnenplateau oberhalb der Ortschaft Jerzens auf 1.500 m Seeh\u00f6he direkt an den Bergbahnen Hochzeiger.<\/p>\n\n\n\n<p>Infos zur Anreise finden Sie <a title=\"Anreise\" href=\"\/\/www.hotelandy.com\/service\/anreise\">hier!<\/a><\/p>\n<\/div>\n        <\/div>\n    <\/div>\n        <div class=\"accordion-item\">\n        <div class=\"accordion-header border-bottom-0 bg-transparent\" id=\"heading10125\">\n            <button class=\"accordion-button bg-transparent border-0 collapsed\" data-bs-toggle=\"collapse\" data-bs-target=\"#collapse10125\">Was ist im Andy inklusive?<\/button>\n        <\/div>\n        <div class=\"accordion-collapse collapse\" id=\"collapse10125\" data-bs-parent=\"#accordionParent\">\n            <div class=\"accordion-body\">\n<p>Das Andy ist ein <strong>4-Sterne Superior Hotel Apartment <\/strong>mit&nbsp;<strong>24 exklusiven Wohlf\u00fchl Apartments<\/strong> mit einer Gr\u00f6\u00dfe von 40 bis 85m\u00b2 sowie<strong> 14 Komfort Doppelzimmer in Zirbe<\/strong>. Bei allen Zimmern &amp; Apartments ist unser <strong>Fr\u00fchst\u00fcck inklusive.<\/strong> Im Haus befindet sich unser <strong>hoteleigener Shop<\/strong> mit regionalen Produkten und ein <strong>\u00e0 la carte Restaurant mit Bar.<\/strong><\/p>\n\n\n\n<p>F\u00fcr Sie hei\u00dft das: viel Raum f\u00fcr die Familie, Sie entscheiden, ob Sie die Vorz\u00fcge eines Apartments n\u00fctzen m\u00f6chten oder feine Kulinarik im \u00e0 la carte Restaurant genie\u00dfen. Es stehen Ihnen alle <strong>Annehmlichkeiten eines 4****s Hotels<\/strong> zur Verf\u00fcgung wie <strong>Wellness<\/strong>, Beauty, Body Treatments, <strong>gef\u00fchrte Wanderungen<\/strong> mit unserem Wanderf\u00fchrer sowie die <a href=\"https:\/\/www.hotelandy.com\/de\/sommerurlaub-pitztal-tirol\/#s7646\"><strong>Pitztal Sommercard<\/strong><\/a>.<\/p>\n\n\n\n<div class=\"wp-block-group text-center is-layout-flow wp-block-group-is-layout-flow\">\n<a class=\"btn btn-secondary\" href=\"https:\/\/www.hotelandy.com\/de\/apartment-services\/\" role=\"button\">Leistungen &amp; Services<\/a>\n<\/div>\n<\/div>\n        <\/div>\n    <\/div>\n        <div class=\"accordion-item\">\n        <div class=\"accordion-header border-bottom-0 bg-transparent\" id=\"heading7952\">\n            <button class=\"accordion-button bg-transparent border-0 collapsed\" data-bs-toggle=\"collapse\" data-bs-target=\"#collapse7952\">Gibt es WLAN?<\/button>\n        <\/div>\n        <div class=\"accordion-collapse collapse\" id=\"collapse7952\" data-bs-parent=\"#accordionParent\">\n            <div class=\"accordion-body\">\n<p>WLAN steht unseren G\u00e4sten gratis zur Verf\u00fcgung.<\/p>\n<\/div>\n        <\/div>\n    <\/div>\n        <div class=\"accordion-item\">\n        <div class=\"accordion-header border-bottom-0 bg-transparent\" id=\"heading7951\">\n            <button class=\"accordion-button bg-transparent border-0 collapsed\" data-bs-toggle=\"collapse\" data-bs-target=\"#collapse7951\">Wo lade ich mein Elektroauto \/ Tesla?<\/button>\n        <\/div>\n        <div class=\"accordion-collapse collapse\" id=\"collapse7951\" data-bs-parent=\"#accordionParent\">\n            <div class=\"accordion-body\">\n<p>Das Andy Hotel Apartment verf\u00fcgt \u00fcber drei Ladestationen f\u00fcr Elektroautos. Zwei Ladestationen sind eigens f\u00fcr Tesla Fahrzeuge und eine ist kompatibel mit allen anderen Elektroautos. Die Ladestationen sind in der Parkgarage montiert und stehen unseren G\u00e4sten gegen Geb\u00fchr zur Verf\u00fcgung.<\/p>\n<\/div>\n        <\/div>\n    <\/div>\n        <div class=\"accordion-item\">\n        <div class=\"accordion-header border-bottom-0 bg-transparent\" id=\"heading339\">\n            <button class=\"accordion-button bg-transparent border-0 collapsed\" data-bs-toggle=\"collapse\" data-bs-target=\"#collapse339\">Wo parke ich mein Auto?<\/button>\n        <\/div>\n        <div class=\"accordion-collapse collapse\" id=\"collapse339\" data-bs-parent=\"#accordionParent\">\n            <div class=\"accordion-body\">\n<p>Andy Hotel Apartment verf\u00fcgt \u00fcber eine eigene Parkgarage mit ausreichend Stellpl\u00e4tzen. Die Nutzung der Parkgarage ist f\u00fcr G\u00e4ste kostenlos.<\/p>\n<\/div>\n        <\/div>\n    <\/div>\n        <div class=\"accordion-item\">\n        <div class=\"accordion-header border-bottom-0 bg-transparent\" id=\"heading341\">\n            <button class=\"accordion-button bg-transparent border-0 collapsed\" data-bs-toggle=\"collapse\" data-bs-target=\"#collapse341\">Wie weit ist die Bergbahn entfernt?<\/button>\n        <\/div>\n        <div class=\"accordion-collapse collapse\" id=\"collapse341\" data-bs-parent=\"#accordionParent\">\n            <div class=\"accordion-body\">\n<p>Die Talstation der Hochzeiger Bergbahnen ist zu Fu\u00df in zwei Minuten erreichbar. Aktuelle Preise f\u00fcr Liftkarten finden Sie <a href=\"http:\/\/www.hochzeiger.com\/\" target=\"_blank\" rel=\"noopener noreferrer nofollow\">hier<\/a>.<\/p>\n<\/div>\n        <\/div>\n    <\/div>\n        <div class=\"accordion-item\">\n        <div class=\"accordion-header border-bottom-0 bg-transparent\" id=\"heading10132\">\n            <button class=\"accordion-button bg-transparent border-0 collapsed\" data-bs-toggle=\"collapse\" data-bs-target=\"#collapse10132\">Was ist die Pitztal Sommer Card?<\/button>\n        <\/div>\n        <div class=\"accordion-collapse collapse\" id=\"collapse10132\" data-bs-parent=\"#accordionParent\">\n            <div class=\"accordion-body\">\n<p>Die\u00a0<strong><a href=\"https:\/\/www.hotelandy.com\/de\/sommerurlaub-pitztal-tirol\/#s7646\">Pitztal Sommer Card<\/a>\u00a0ist im Zimmer- und Apartment-Preis inklusive<\/strong> und erm\u00f6glicht Ihnen\u00a0jeden Tag <strong>freien Zutritt zu den Attraktionen des Pitztals<\/strong> und seiner Umgebung.<\/p>\n\n\n\n<p>Am ersten Tag nach Anreise erhalten Sie Ihre Pitztal Sommer Card von uns und k\u00f6nnen jeden Tag eine Bergbahn oder den XP Abenteuerpark kostenlos in Anspruch nehmen \u2013 einschlie\u00dflich Abreisetag. Zus\u00e4tzlich erhalten Sie t\u00e4glich Zutritt zu den anderen Leistungspartnern, wie Museen, Badesee, Kletterhalle, Boulderstadl, Steinbockzentrum, und fahren mit dem \u00f6ffentlichen Bus im Pitztal, bis nach Imst Bahnhof oder Imst Postplatz frei \u2013 t\u00e4glich!<\/p>\n\n\n\n<div class=\"wp-block-group text-center is-layout-flow wp-block-group-is-layout-flow\">\n<a class=\"btn btn-secondary\" href=\"https:\/\/www.pitztal.com\/de\/sommer\/preise\/pitztal-sommer-card\" target=\"_blank\" role=\"button\" rel=\"noopener noreferrer\">Infos zur Pitztal Sommer Card<\/a>\n<\/div>\n<\/div>\n        <\/div>\n    <\/div>\n        <div class=\"accordion-item\">\n        <div class=\"accordion-header border-bottom-0 bg-transparent\" id=\"heading664\">\n            <button class=\"accordion-button bg-transparent border-0 collapsed\" data-bs-toggle=\"collapse\" data-bs-target=\"#collapse664\">Gibt es im Hotel Kinderbetreuung?<\/button>\n        <\/div>\n        <div class=\"accordion-collapse collapse\" id=\"collapse664\" data-bs-parent=\"#accordionParent\">\n            <div class=\"accordion-body\">\n<p>Es gibt keine Kinderbetreuung im Andy. Unseren G\u00e4stekindern steht ein unbeaufsichtigter Spielraum uneingeschr\u00e4nkt zur Verf\u00fcgung. <\/p>\n<\/div>\n        <\/div>\n    <\/div>\n        <div class=\"accordion-item\">\n        <div class=\"accordion-header border-bottom-0 bg-transparent\" id=\"heading10120\">\n            <button class=\"accordion-button bg-transparent border-0 collapsed\" data-bs-toggle=\"collapse\" data-bs-target=\"#collapse10120\">Sind Hunde erlaubt?<\/button>\n        <\/div>\n        <div class=\"accordion-collapse collapse\" id=\"collapse10120\" data-bs-parent=\"#accordionParent\">\n            <div class=\"accordion-body\">\n<p>Ja, gerne k\u00f6nnen Sie Ihren Hund mitbringen, wir verrechnen \u20ac 20 pro Tier und Nacht ohne Futter.<\/p>\n<\/div>\n        <\/div>\n    <\/div>\n    <\/div>\n<\/div>\n\n\n\n<div style=\"height:30px\" aria-hidden=\"true\" class=\"wp-block-spacer\"><\/div>\n","protected":false},"excerpt":{"rendered":"<p>Noch Fragen? Wir informieren Sie gerne! Hier haben wir alle wichtigen Informationen rund um Ihren Urlaub im Hotel Apartment Wellness Andy zusammengestellt. Wenn Sie noch Fragen haben, bitte kontaktieren Sie uns &#8211; wir k\u00fcmmern uns gerne um Ihre W\u00fcnsche und Anliegen. Buchung und Reservierung H\u00e4ufig gestellte Fragen<\/p>\n","protected":false},"author":1007,"featured_media":11292,"parent":0,"menu_order":88,"comment_status":"closed","ping_status":"closed","template":"","meta":{"footnotes":""},"position":[],"class_list":["post-56","page","type-page","status-publish","has-post-thumbnail","hentry"],"meta_box":{"attachment":[],"dreisechzig":""},"_links":{"self":[{"href":"https:\/\/www.hotelandy.com\/de\/wp-json\/wp\/v2\/pages\/56","targetHints":{"allow":["GET"]}}],"collection":[{"href":"https:\/\/www.hotelandy.com\/de\/wp-json\/wp\/v2\/pages"}],"about":[{"href":"https:\/\/www.hotelandy.com\/de\/wp-json\/wp\/v2\/types\/page"}],"author":[{"embeddable":true,"href":"https:\/\/www.hotelandy.com\/de\/wp-json\/wp\/v2\/users\/1007"}],"replies":[{"embeddable":true,"href":"https:\/\/www.hotelandy.com\/de\/wp-json\/wp\/v2\/comments?post=56"}],"version-history":[{"count":0,"href":"https:\/\/www.hotelandy.com\/de\/wp-json\/wp\/v2\/pages\/56\/revisions"}],"wp:featuredmedia":[{"embeddable":true,"href":"https:\/\/www.hotelandy.com\/de\/wp-json\/wp\/v2\/media\/11292"}],"wp:attachment":[{"href":"https:\/\/www.hotelandy.com\/de\/wp-json\/wp\/v2\/media?parent=56"}],"wp:term":[{"taxonomy":"position","embeddable":true,"href":"https:\/\/www.hotelandy.com\/de\/wp-json\/wp\/v2\/position?post=56"}],"curies":[{"name":"wp","href":"https:\/\/api.w.org\/{rel}","templated":true}]}}