{"id":5908,"date":"2016-09-14T12:31:32","date_gmt":"2016-09-14T10:31:32","guid":{"rendered":"https:\/\/www.hotelandy.com\/?page_id=5908"},"modified":"2024-03-06T10:52:15","modified_gmt":"2024-03-06T09:52:15","slug":"dayspa-tirol-wellnesstag","status":"publish","type":"page","link":"https:\/\/www.hotelandy.com\/de\/wellness-spa-vital\/dayspa-tirol-wellnesstag\/","title":{"rendered":"Day Spa"},"content":{"rendered":"\n<div class=\"wp-block-group is-layout-constrained wp-block-group-is-layout-constrained\">\n<h1 class=\"wp-block-heading has-text-align-center\">Wohlige Entspannung im Andy Day Spa<\/h1>\n\n\n\n<div style=\"height:20px\" aria-hidden=\"true\" class=\"wp-block-spacer\"><\/div>\n\n\n\n<p class=\"has-text-align-left\">Es gibt Tage, an denen gibt es nichts Sch\u00f6neres als sich in einen kuscheligen Bademantel zu h\u00fcllen und in wohliger W\u00e4rme zu entspannen. Tauchen Sie ein in eine Welt der Ruhe und Erholung und genie\u00dfen Sie das <strong>Andy SPA auf 1.500 m\u00b2<\/strong> als Tagesgast. Auch in Kombination mit Kosmetik- und Massage-Behandlungen m\u00f6glich.<\/p>\n<\/div>\n\n\n\n<div style=\"height:40px\" aria-hidden=\"true\" class=\"wp-block-spacer\"><\/div>\n\n\n\n<div class=\"wp-block-group is-layout-constrained wp-block-group-is-layout-constrained\">\n<figure class=\"wp-block-image size-slide\"><img loading=\"lazy\" decoding=\"async\" width=\"1920\" height=\"540\" src=\"https:\/\/www.hotelandy.com\/wp-content\/uploads\/2019\/07\/wellness-ruheraum-liegen2-1920x540.jpg\" alt=\"\" class=\"wp-image-11414\" title=\"\"><\/figure>\n<\/div>\n\n\n\n<div style=\"height:20px\" aria-hidden=\"true\" class=\"wp-block-spacer\"><\/div>\n\n\n\n<div class=\"wp-block-group is-layout-constrained wp-block-group-is-layout-constrained\">\n<h3 class=\"wp-block-heading has-text-align-center\">Day Spa Inklusivleistungen<\/h3>\n\n\n\n<ul class=\"bullets wp-block-list\">\n<li>Ben\u00fctzung&nbsp;Saunen, Dampfb\u00e4der, Schwimmbad und&nbsp;Ruher\u00e4ume<\/li>\n\n\n\n<li>umfangreiche Teebar<\/li>\n\n\n\n<li>Verleih einer Badetasche mit Bademantel &amp; Saunat\u00fcchern<\/li>\n\n\n\n<li>Gratis WLAN im gesamten Hotel<\/li>\n\n\n\n<li>Parkplatz in unserer Parkgarage<\/li>\n\n\n\n<li><strong>Preis pro Person: ab \u20ac 35 bzw. \u20ac 50 inkl. Fr\u00fchst\u00fcck<\/strong><\/li>\n<\/ul>\n<\/div>\n\n\n\n<div style=\"height:40px\" aria-hidden=\"true\" class=\"wp-block-spacer\"><\/div>\n\n\n\n<div class=\"wp-block-group is-layout-constrained wp-block-group-is-layout-constrained\">\n<div class=\"wp-block-jetpack-layout-grid bg-light column1-desktop-grid__span-8 column1-desktop-grid__row-1 column2-desktop-grid__span-4 column2-desktop-grid__start-9 column2-desktop-grid__row-1 column1-tablet-grid__span-4 column1-tablet-grid__row-1 column2-tablet-grid__span-4 column2-tablet-grid__start-5 column2-tablet-grid__row-1 column1-mobile-grid__span-4 column1-mobile-grid__row-1 column2-mobile-grid__span-4 column2-mobile-grid__row-2 wp-block-jetpack-layout-gutter__nowrap are-vertically-aligned-center wp-block-jetpack-layout-gutter__none\">\n<div class=\"wp-block-jetpack-layout-grid-column wp-block-jetpack-layout-grid__padding-none is-vertically-aligned-center\">\n<div class=\"wp-block-cover is-light\"><span aria-hidden=\"true\" class=\"wp-block-cover__background has-background-dim-0 has-background-dim\"><\/span><img loading=\"lazy\" decoding=\"async\" width=\"2700\" height=\"1797\" class=\"wp-block-cover__image-background wp-image-11483\" alt=\"\" src=\"https:\/\/www.hotelandy.com\/wp-content\/uploads\/2019\/07\/wellness-detail-kissen-obst.jpg\" data-object-fit=\"cover\" title=\"\"><div class=\"wp-block-cover__inner-container is-layout-flow wp-block-cover-is-layout-flow\">\n<p class=\"has-text-align-center has-large-font-size\"><\/p>\n<\/div><\/div>\n<\/div>\n\n\n\n<div class=\"wp-block-jetpack-layout-grid-column wp-block-jetpack-layout-grid__padding-none is-vertically-aligned-center\">\n<div class=\"wp-block-group is-content-justification-left is-layout-constrained wp-container-core-group-is-layout-17bf16b5 wp-block-group-is-layout-constrained\" style=\"padding-top:2rem;padding-right:2rem;padding-bottom:2rem;padding-left:2rem\">\n<h3 class=\"wp-block-heading has-text-align-center\">\u00d6ffnungszeiten Spa &amp; Hallenbad<\/h3>\n\n\n\n<div class=\"wp-block-group is-content-justification-left is-layout-constrained wp-container-core-group-is-layout-8c890d92 wp-block-group-is-layout-constrained\">\n<ul class=\"wp-block-list\">\n<li><strong>Hallenbad:<\/strong> 08:00 &#8211; 20:00 Uhr<\/li>\n\n\n\n<li><strong>Saunabereich:<\/strong> 13:00 &#8211; 20:00 Uhr<\/li>\n\n\n\n<li><strong>Familiensauna im Schwimmbadbereich:<\/strong> ab 12:00 Uhr<\/li>\n\n\n\n<li><strong>Au\u00dfenwhirlpool: <\/strong>13:00 &#8211; 19:00 Uhr<\/li>\n<\/ul>\n<\/div>\n<\/div>\n<\/div>\n<\/div>\n<\/div>\n\n\n\n<div style=\"height:40px\" aria-hidden=\"true\" class=\"wp-block-spacer\"><\/div>\n\n\n\n<div class=\"wp-block-group is-layout-constrained wp-block-group-is-layout-constrained\">\n<div class=\"wp-block-jetpack-layout-grid bg-light column1-desktop-grid__span-8 column1-desktop-grid__row-1 column2-desktop-grid__span-4 column2-desktop-grid__start-9 column2-desktop-grid__row-1 column1-tablet-grid__span-4 column1-tablet-grid__row-1 column2-tablet-grid__span-4 column2-tablet-grid__start-5 column2-tablet-grid__row-1 column1-mobile-grid__span-4 column1-mobile-grid__row-1 column2-mobile-grid__span-4 column2-mobile-grid__row-2 wp-block-jetpack-layout-gutter__nowrap are-vertically-aligned-center wp-block-jetpack-layout-gutter__none\">\n<div class=\"wp-block-jetpack-layout-grid-column wp-block-jetpack-layout-grid__padding-none is-vertically-aligned-center\">\n<div class=\"wp-block-cover is-light\"><span aria-hidden=\"true\" class=\"wp-block-cover__background has-background-dim-0 has-background-dim\"><\/span><img loading=\"lazy\" decoding=\"async\" width=\"2700\" height=\"1809\" class=\"wp-block-cover__image-background wp-image-11481\" alt=\"\" src=\"https:\/\/www.hotelandy.com\/wp-content\/uploads\/2019\/07\/wellness-dampfbad.jpg\" data-object-fit=\"cover\" title=\"\"><div class=\"wp-block-cover__inner-container is-layout-flow wp-block-cover-is-layout-flow\">\n<p class=\"has-text-align-center has-large-font-size\"><\/p>\n<\/div><\/div>\n<\/div>\n\n\n\n<div class=\"wp-block-jetpack-layout-grid-column wp-block-jetpack-layout-grid__padding-none is-vertically-aligned-center\">\n<div class=\"wp-block-group is-content-justification-left is-layout-constrained wp-container-core-group-is-layout-17bf16b5 wp-block-group-is-layout-constrained\" style=\"padding-top:2rem;padding-right:2rem;padding-bottom:2rem;padding-left:2rem\">\n<h3 class=\"wp-block-heading has-text-align-center\">Saunawelt<\/h3>\n\n\n\n<div class=\"wp-block-group is-content-justification-left is-layout-constrained wp-container-core-group-is-layout-8c890d92 wp-block-group-is-layout-constrained\">\n<ul class=\"wp-block-list\">\n<li>Kristall-Dampfbad<\/li>\n\n\n\n<li>Finnische Sauna &amp;&nbsp;Biosauna<\/li>\n\n\n\n<li>Infrarot-St\u00fchle<\/li>\n\n\n\n<li>Eisbrunnen,&nbsp;Erlebnisduschen &amp;&nbsp;Kneipp-Becken<\/li>\n<\/ul>\n<\/div>\n<\/div>\n<\/div>\n<\/div>\n<\/div>\n\n\n\n<div style=\"height:20px\" aria-hidden=\"true\" class=\"wp-block-spacer\"><\/div>\n\n\n\n<div class=\"wp-block-group is-layout-constrained wp-block-group-is-layout-constrained\">\n<div class=\"wp-block-jetpack-layout-grid bg-light column1-desktop-grid__span-4 column1-desktop-grid__row-1 column2-desktop-grid__span-8 column2-desktop-grid__start-5 column2-desktop-grid__row-1 column1-tablet-grid__span-4 column1-tablet-grid__row-1 column2-tablet-grid__span-4 column2-tablet-grid__start-5 column2-tablet-grid__row-1 column1-mobile-grid__span-4 column1-mobile-grid__row-1 column2-mobile-grid__span-4 column2-mobile-grid__row-2 wp-block-jetpack-layout-gutter__nowrap are-vertically-aligned-center wp-block-jetpack-layout-gutter__none\">\n<div class=\"wp-block-jetpack-layout-grid-column wp-block-jetpack-layout-grid__padding-none is-vertically-aligned-center\">\n<div class=\"wp-block-group is-content-justification-left is-layout-constrained wp-container-core-group-is-layout-17bf16b5 wp-block-group-is-layout-constrained\" style=\"padding-top:2rem;padding-right:2rem;padding-bottom:2rem;padding-left:2rem\">\n<h3 class=\"wp-block-heading has-text-align-center\">Wasserwelt<\/h3>\n\n\n\n<div class=\"wp-block-group is-content-justification-left is-layout-constrained wp-container-core-group-is-layout-8c890d92 wp-block-group-is-layout-constrained\">\n<ul class=\"wp-block-list\">\n<li>Hallenbad &amp; Whirlpool<\/li>\n\n\n\n<li>Au\u00dfenwhirlpool mit 35 Grad Celsius<\/li>\n\n\n\n<li>Liegewiese im Freien<\/li>\n\n\n\n<li>Hallenbad mit Wassersprudel<\/li>\n\n\n\n<li>Vitalgrotte<\/li>\n<\/ul>\n<\/div>\n<\/div>\n<\/div>\n\n\n\n<div class=\"wp-block-jetpack-layout-grid-column wp-block-jetpack-layout-grid__padding-none is-vertically-aligned-center\">\n<div class=\"wp-block-cover is-light\"><span aria-hidden=\"true\" class=\"wp-block-cover__background has-background-dim-0 has-background-dim\"><\/span><img loading=\"lazy\" decoding=\"async\" width=\"2700\" height=\"1799\" class=\"wp-block-cover__image-background wp-image-11394\" alt=\"\" src=\"https:\/\/www.hotelandy.com\/wp-content\/uploads\/2019\/07\/wellness-hallenbad1.jpg\" data-object-fit=\"cover\" title=\"\"><div class=\"wp-block-cover__inner-container is-layout-flow wp-block-cover-is-layout-flow\">\n<p class=\"has-text-align-center has-large-font-size\"><\/p>\n<\/div><\/div>\n<\/div>\n<\/div>\n<\/div>\n\n\n\n<div style=\"height:20px\" aria-hidden=\"true\" class=\"wp-block-spacer\"><\/div>\n\n\n\n<div class=\"wp-block-group is-layout-constrained wp-block-group-is-layout-constrained\">\n<div class=\"wp-block-jetpack-layout-grid bg-light column1-desktop-grid__span-8 column1-desktop-grid__row-1 column2-desktop-grid__span-4 column2-desktop-grid__start-9 column2-desktop-grid__row-1 column1-tablet-grid__span-4 column1-tablet-grid__row-1 column2-tablet-grid__span-4 column2-tablet-grid__start-5 column2-tablet-grid__row-1 column1-mobile-grid__span-4 column1-mobile-grid__row-1 column2-mobile-grid__span-4 column2-mobile-grid__row-2 wp-block-jetpack-layout-gutter__nowrap are-vertically-aligned-center wp-block-jetpack-layout-gutter__none\">\n<div class=\"wp-block-jetpack-layout-grid-column wp-block-jetpack-layout-grid__padding-none is-vertically-aligned-center\">\n<div class=\"wp-block-cover is-light\"><span aria-hidden=\"true\" class=\"wp-block-cover__background has-background-dim-0 has-background-dim\"><\/span><img loading=\"lazy\" decoding=\"async\" width=\"2700\" height=\"1797\" class=\"wp-block-cover__image-background wp-image-11422\" alt=\"\" src=\"https:\/\/www.hotelandy.com\/wp-content\/uploads\/2019\/07\/wellness-ruheraum-wasserbetten2-1.jpg\" data-object-fit=\"cover\" title=\"\"><div class=\"wp-block-cover__inner-container is-layout-flow wp-block-cover-is-layout-flow\">\n<p class=\"has-text-align-center has-large-font-size\"><\/p>\n<\/div><\/div>\n<\/div>\n\n\n\n<div class=\"wp-block-jetpack-layout-grid-column wp-block-jetpack-layout-grid__padding-none is-vertically-aligned-center\">\n<div class=\"wp-block-group is-content-justification-left is-layout-constrained wp-container-core-group-is-layout-17bf16b5 wp-block-group-is-layout-constrained\" style=\"padding-top:2rem;padding-right:2rem;padding-bottom:2rem;padding-left:2rem\">\n<h3 class=\"wp-block-heading has-text-align-center\">Relaxen &amp; Erholen<\/h3>\n\n\n\n<div class=\"wp-block-group is-content-justification-left is-layout-constrained wp-container-core-group-is-layout-8c890d92 wp-block-group-is-layout-constrained\">\n<ul class=\"wp-block-list\">\n<li>Ruhe- &amp; Entspannungsraum mit\u00a0Teebar<\/li>\n\n\n\n<li>Meditations- und Entspannungsraum<\/li>\n\n\n\n<li>Ruheraum mit Wasserbetten<\/li>\n<\/ul>\n<\/div>\n<\/div>\n<\/div>\n<\/div>\n<\/div>\n\n\n\n<div style=\"height:20px\" aria-hidden=\"true\" class=\"wp-block-spacer\"><\/div>\n","protected":false},"excerpt":{"rendered":"<p>Wohlige Entspannung im Andy Day Spa Es gibt Tage, an denen gibt es nichts Sch\u00f6neres als sich in einen kuscheligen Bademantel zu h\u00fcllen und in wohliger W\u00e4rme zu entspannen. Tauchen Sie ein in eine Welt der Ruhe und Erholung und genie\u00dfen Sie das Andy SPA auf 1.500 m\u00b2 als Tagesgast. Auch in Kombination mit Kosmetik- [&hellip;]<\/p>\n","protected":false},"author":1007,"featured_media":11394,"parent":275,"menu_order":52,"comment_status":"closed","ping_status":"closed","template":"","meta":{"footnotes":""},"position":[],"class_list":["post-5908","page","type-page","status-publish","has-post-thumbnail","hentry"],"meta_box":{"attachment":[],"dreisechzig":""},"_links":{"self":[{"href":"https:\/\/www.hotelandy.com\/de\/wp-json\/wp\/v2\/pages\/5908","targetHints":{"allow":["GET"]}}],"collection":[{"href":"https:\/\/www.hotelandy.com\/de\/wp-json\/wp\/v2\/pages"}],"about":[{"href":"https:\/\/www.hotelandy.com\/de\/wp-json\/wp\/v2\/types\/page"}],"author":[{"embeddable":true,"href":"https:\/\/www.hotelandy.com\/de\/wp-json\/wp\/v2\/users\/1007"}],"replies":[{"embeddable":true,"href":"https:\/\/www.hotelandy.com\/de\/wp-json\/wp\/v2\/comments?post=5908"}],"version-history":[{"count":0,"href":"https:\/\/www.hotelandy.com\/de\/wp-json\/wp\/v2\/pages\/5908\/revisions"}],"up":[{"embeddable":true,"href":"https:\/\/www.hotelandy.com\/de\/wp-json\/wp\/v2\/pages\/275"}],"wp:featuredmedia":[{"embeddable":true,"href":"https:\/\/www.hotelandy.com\/de\/wp-json\/wp\/v2\/media\/11394"}],"wp:attachment":[{"href":"https:\/\/www.hotelandy.com\/de\/wp-json\/wp\/v2\/media?parent=5908"}],"wp:term":[{"taxonomy":"position","embeddable":true,"href":"https:\/\/www.hotelandy.com\/de\/wp-json\/wp\/v2\/position?post=5908"}],"curies":[{"name":"wp","href":"https:\/\/api.w.org\/{rel}","templated":true}]}}