{"id":95,"date":"2012-05-04T13:20:11","date_gmt":"2012-05-04T12:20:11","guid":{"rendered":"\/\/www.hotelandy.com\/?page_id=95"},"modified":"2024-08-03T13:59:18","modified_gmt":"2024-08-03T11:59:18","slug":"sauna-und-relax","status":"publish","type":"page","link":"https:\/\/www.hotelandy.com\/de\/wellness-spa-vital\/sauna-und-relax\/","title":{"rendered":"Sauna &#038; Relax"},"content":{"rendered":"\n<div class=\"wp-block-group is-layout-constrained wp-block-group-is-layout-constrained\">\n<h1 class=\"wp-block-heading has-text-align-center\">Mein Wohlbefinden. Wellness im Andy.<\/h1>\n\n\n\n<div style=\"height:20px\" aria-hidden=\"true\" class=\"wp-block-spacer\"><\/div>\n\n\n\n<p class=\"has-text-align-left\">Tauchen Sie ein in eine Welt der Ruhe und Entspannung. Auf 1.500 m\u00b2 findet hier jeder zu neuer Kraft, Vitalit\u00e4t und Wohlbefinden. Belebendes Wasser, wohlige warme Saunen, kuschelige Ruher\u00e4ume und traumhaft sch\u00f6ne Liegewiesen. Alles, damit K\u00f6rper, Geist und Seele wieder in Balance kommen.<\/p>\n<\/div>\n\n\n\n<div style=\"height:20px\" aria-hidden=\"true\" class=\"wp-block-spacer\"><\/div>\n\n\n\n<div style=\"height:20px\" aria-hidden=\"true\" class=\"wp-block-spacer\"><\/div>\n\n\n\n<div class=\"wp-block-group is-layout-constrained wp-block-group-is-layout-constrained\">\n<figure class=\"wp-block-image size-slide\"><img loading=\"lazy\" decoding=\"async\" width=\"1920\" height=\"540\" src=\"https:\/\/www.hotelandy.com\/wp-content\/uploads\/2019\/07\/wellness-hallenbad2-1920x540.jpg\" alt=\"\" class=\"wp-image-11396\" title=\"\"><\/figure>\n<\/div>\n\n\n\n<div style=\"height:20px\" aria-hidden=\"true\" class=\"wp-block-spacer\"><\/div>\n\n\n\n<div class=\"wp-block-group is-layout-constrained wp-block-group-is-layout-constrained\">\n<h3 class=\"wp-block-heading has-text-align-center\">Hallenbad &amp; Vitalgrotte<\/h3>\n\n\n\n<p>Badegenuss auf 90m\u00b2. Ein gro\u00dfz\u00fcgiger, heller Ruhebereich mit beleuchteten Edelsteinen bietet ein wohliges Gef\u00fchl von Harmonie und W\u00e4rme. Im Hallenbad befindet sich eine&nbsp;<strong>Kindersauna<\/strong>&nbsp;und ein&nbsp;<strong>Kinderdampfbad<\/strong>. Verschiedene&nbsp;<strong>Wassersprudel im Hallenbad<\/strong>&nbsp;bieten Badespa\u00df pur.<\/p>\n<\/div>\n\n\n\n<div style=\"height:38px\" aria-hidden=\"true\" class=\"wp-block-spacer\"><\/div>\n\n\n\n<div class=\"wp-block-group is-layout-constrained wp-block-group-is-layout-constrained\">\n<figure class=\"wp-block-image size-slide\"><img loading=\"lazy\" decoding=\"async\" width=\"1920\" height=\"540\" src=\"https:\/\/www.hotelandy.com\/wp-content\/uploads\/2019\/07\/wellness-aussenpool2-1920x540.jpg\" alt=\"\" class=\"wp-image-11360\" title=\"\"><\/figure>\n<\/div>\n\n\n\n<div style=\"height:20px\" aria-hidden=\"true\" class=\"wp-block-spacer\"><\/div>\n\n\n\n<div class=\"wp-block-group is-layout-constrained wp-block-group-is-layout-constrained\">\n<h3 class=\"wp-block-heading has-text-align-center\">Au\u00dfen-Whirlpool<\/h3>\n\n\n\n<p>Bei einer Wassertemperatur von ca. 31 Grad Celsius im Sommer und ca. 35 Grad Celsius im Winter bieten wir Ihnen Wasserspa\u00df im Freien mit Liegem\u00f6glichkeit.<\/p>\n<\/div>\n\n\n\n<div style=\"height:20px\" aria-hidden=\"true\" class=\"wp-block-spacer\"><\/div>\n\n\n\n<div style=\"height:20px\" aria-hidden=\"true\" class=\"wp-block-spacer\"><\/div>\n\n\n\n<div class=\"wp-block-group is-layout-constrained wp-block-group-is-layout-constrained\">    <div id=\"collage-76611\" class=\"collage collage-grid\">\n                    <div class=\"col-lg-3 col-md-4 col-6 m-0 p-0\">\n                <a href=\"https:\/\/www.hotelandy.com\/wp-content\/uploads\/2019\/07\/wellness-finnische-sauna.jpg\" class=\"d-block m-1 h-100\" data-fslightbox=\"gallery\">\n                    <img decoding=\"async\" class=\"img-fluid\" src=\"https:\/\/www.hotelandy.com\/wp-content\/uploads\/2019\/07\/wellness-finnische-sauna-640x640.jpg\" alt=\"\" title=\"\">\n                <\/a>\n            <\/div>\n                    <div class=\"col-lg-3 col-md-4 col-6 m-0 p-0\">\n                <a href=\"https:\/\/www.hotelandy.com\/wp-content\/uploads\/2019\/07\/wellness-kristall-dampfbad1.jpg\" class=\"d-block m-1 h-100\" data-fslightbox=\"gallery\">\n                    <img decoding=\"async\" class=\"img-fluid\" src=\"https:\/\/www.hotelandy.com\/wp-content\/uploads\/2019\/07\/wellness-kristall-dampfbad1-640x640.jpg\" alt=\"\" title=\"\">\n                <\/a>\n            <\/div>\n                    <div class=\"col-lg-3 col-md-4 col-6 m-0 p-0\">\n                <a href=\"https:\/\/www.hotelandy.com\/wp-content\/uploads\/2017\/07\/wellness-dusche.jpg\" class=\"d-block m-1 h-100\" data-fslightbox=\"gallery\">\n                    <img decoding=\"async\" class=\"img-fluid\" src=\"https:\/\/www.hotelandy.com\/wp-content\/uploads\/2017\/07\/wellness-dusche-640x640.jpg\" alt=\"\" title=\"\">\n                <\/a>\n            <\/div>\n                    <div class=\"col-lg-3 col-md-4 col-6 m-0 p-0\">\n                <a href=\"https:\/\/www.hotelandy.com\/wp-content\/uploads\/2017\/07\/wellness-dampfbad.jpg\" class=\"d-block m-1 h-100\" data-fslightbox=\"gallery\">\n                    <img decoding=\"async\" class=\"img-fluid\" src=\"https:\/\/www.hotelandy.com\/wp-content\/uploads\/2017\/07\/wellness-dampfbad-640x640.jpg\" alt=\"\" title=\"\">\n                <\/a>\n            <\/div>\n            <\/div>\n\n\n<\/div>\n\n\n\n<div style=\"height:20px\" aria-hidden=\"true\" class=\"wp-block-spacer\"><\/div>\n\n\n\n<h3 class=\"wp-block-heading has-text-align-center\">Wohlige W\u00e4rme<\/h3>\n\n\n\n<div class=\"wp-block-group is-layout-constrained wp-block-group-is-layout-constrained\">\n<div class=\"wp-block-columns is-layout-flex wp-container-core-columns-is-layout-9d6595d7 wp-block-columns-is-layout-flex\">\n<div class=\"wp-block-column is-layout-flow wp-block-column-is-layout-flow\">\n<ul class=\"wp-block-list bullets\">\n<li><strong>Kristall-Dampfbad:<\/strong> bei 42-45\u00b0C genie\u00dfen Sie ein angenehmes Inhalationsbad mit Sole, Kr\u00e4uter- oder Bl\u00fctenaromen.<\/li>\n\n\n\n<li><strong>Finnische Sauna: <\/strong>Gro\u00dfz\u00fcgige im Jugendstil eingerichtete Kabine.<\/li>\n\n\n\n<li><strong>Biosauna:<\/strong> Langsames Aufheizen bei 50-65\u00b0C. Genie\u00dfen Sie dazu das Wechselspiel des Farblichtes.<\/li>\n\n\n\n<li><strong>Familien-Dampfbad &amp; Sauna:<\/strong> F\u00fcr Familien und Kinder unter 15 Jahren bieten wir ab Mittag im Schwimmbadbereich ein Dampfbad und eine Sauna.<\/li>\n<\/ul>\n<\/div>\n\n\n\n<div class=\"wp-block-column is-layout-flow wp-block-column-is-layout-flow\">\n<ul class=\"wp-block-list bullets\">\n<li><strong>Infrarotsessel: <\/strong>Heilsames, sanftes Schwitzen durch Tiefenw\u00e4rme. Eine Wohltat f\u00fcr K\u00f6rper, Geist und Seele.<\/li>\n\n\n\n<li><strong>Tepidarium: <\/strong>Warme B\u00e4nke, ein Sternenhimmel und sanfte Musik schaffen Entspannung und Wohlgef\u00fchl.<\/li>\n\n\n\n<li><strong>K\u00e4lteraum <\/strong>mit Eisbrunnen, K\u00fcbeldusche, Schwallbrause.<\/li>\n\n\n\n<li><strong>Gro\u00dfz\u00fcgiger Duschgenuss<\/strong> in unseren Erlebnisduschen.<\/li>\n\n\n\n<li><strong>Kneippen:&nbsp;<\/strong>Eine Wohltat f\u00fcr Ihre F\u00fc\u00dfe, abwechselnd kalt und warm eintauchen und Sie sind wieder fit.<\/li>\n<\/ul>\n<\/div>\n<\/div>\n<\/div>\n\n\n\n<div style=\"height:20px\" aria-hidden=\"true\" class=\"wp-block-spacer\"><\/div>\n\n\n\n<div class=\"wp-block-group is-layout-constrained wp-block-group-is-layout-constrained\">\n<figure class=\"wp-block-image size-slide\"><img loading=\"lazy\" decoding=\"async\" width=\"1920\" height=\"540\" src=\"https:\/\/www.hotelandy.com\/wp-content\/uploads\/2019\/07\/wellness-ruheraum-wasserbetten-detail-1920x540.jpg\" alt=\"\" class=\"wp-image-11418\" title=\"\"><\/figure>\n<\/div>\n\n\n\n<div style=\"height:20px\" aria-hidden=\"true\" class=\"wp-block-spacer\"><\/div>\n\n\n\n<div class=\"wp-block-group is-layout-constrained wp-block-group-is-layout-constrained\">\n<h3 class=\"wp-block-heading has-text-align-center\">Ruhe &amp; Entspannung<\/h3>\n\n\n\n<ul class=\"wp-block-list bullets\">\n<li><strong>Ruhe- &amp; Entspannungsraum: <\/strong>Gro\u00dfz\u00fcgiger und heller Bereich im Hallenbad mit komfortablen Liegen, Lesenischen, Teebar.<\/li>\n\n\n\n<li><strong>Feng Shui-Entspannungsraum\/Yogaraum: <\/strong>Ein Ruhebereich f\u00fcr die Sinne mit Bananenbl\u00e4tterst\u00fchlen zum Kuscheln und Ruhen.<\/li>\n\n\n\n<li><strong>Teebar: <\/strong>Tee k\u00f6nnen Sie w\u00e4hrend Ihres Aufenthaltes im Wellnessbereich genie\u00dfen.<\/li>\n\n\n\n<li><strong>Ruheraum mit Wasserbetten<\/strong> zum Nachruhen \u2013 ein Ort der Entspannung und Erholung.<\/li>\n<\/ul>\n<\/div>\n\n\n\n<div style=\"height:20px\" aria-hidden=\"true\" class=\"wp-block-spacer\"><\/div>\n\n\n\n<div style=\"height:20px\" aria-hidden=\"true\" class=\"wp-block-spacer\"><\/div>\n\n\n\n<div style=\"height:20px\" aria-hidden=\"true\" class=\"wp-block-spacer\"><\/div>\n\n\n\n<div class=\"wp-block-group is-layout-constrained wp-block-group-is-layout-constrained\">    <div id=\"collage-58565\" class=\"collage collage-grid\">\n                    <div class=\"col-lg-3 col-md-4 col-6 m-0 p-0\">\n                <a href=\"https:\/\/www.hotelandy.com\/wp-content\/uploads\/2019\/07\/wellness-ruheraum-liegen1.jpg\" class=\"d-block m-1 h-100\" data-fslightbox=\"gallery\">\n                    <img decoding=\"async\" class=\"img-fluid\" src=\"https:\/\/www.hotelandy.com\/wp-content\/uploads\/2019\/07\/wellness-ruheraum-liegen1-640x640.jpg\" alt=\"\" title=\"\">\n                <\/a>\n            <\/div>\n                    <div class=\"col-lg-3 col-md-4 col-6 m-0 p-0\">\n                <a href=\"https:\/\/www.hotelandy.com\/wp-content\/uploads\/2019\/07\/wellness-ruheraum2.jpg\" class=\"d-block m-1 h-100\" data-fslightbox=\"gallery\">\n                    <img decoding=\"async\" class=\"img-fluid\" src=\"https:\/\/www.hotelandy.com\/wp-content\/uploads\/2019\/07\/wellness-ruheraum2-640x640.jpg\" alt=\"\" title=\"\">\n                <\/a>\n            <\/div>\n                    <div class=\"col-lg-3 col-md-4 col-6 m-0 p-0\">\n                <a href=\"https:\/\/www.hotelandy.com\/wp-content\/uploads\/2019\/07\/wellness-ruheraum5-1.jpg\" class=\"d-block m-1 h-100\" data-fslightbox=\"gallery\">\n                    <img decoding=\"async\" class=\"img-fluid\" src=\"https:\/\/www.hotelandy.com\/wp-content\/uploads\/2019\/07\/wellness-ruheraum5-1-640x640.jpg\" alt=\"\" title=\"\">\n                <\/a>\n            <\/div>\n                    <div class=\"col-lg-3 col-md-4 col-6 m-0 p-0\">\n                <a href=\"https:\/\/www.hotelandy.com\/wp-content\/uploads\/2019\/07\/wellness-ruheraum-wasserbetten-detail.jpg\" class=\"d-block m-1 h-100\" data-fslightbox=\"gallery\">\n                    <img decoding=\"async\" class=\"img-fluid\" src=\"https:\/\/www.hotelandy.com\/wp-content\/uploads\/2019\/07\/wellness-ruheraum-wasserbetten-detail-640x640.jpg\" alt=\"\" title=\"\">\n                <\/a>\n            <\/div>\n                    <div class=\"col-lg-3 col-md-4 col-6 m-0 p-0\">\n                <a href=\"https:\/\/www.hotelandy.com\/wp-content\/uploads\/2019\/07\/wellness-ruheraum-wasserbetten.jpg\" class=\"d-block m-1 h-100\" data-fslightbox=\"gallery\">\n                    <img decoding=\"async\" class=\"img-fluid\" src=\"https:\/\/www.hotelandy.com\/wp-content\/uploads\/2019\/07\/wellness-ruheraum-wasserbetten-640x640.jpg\" alt=\"\" title=\"\">\n                <\/a>\n            <\/div>\n                    <div class=\"col-lg-3 col-md-4 col-6 m-0 p-0\">\n                <a href=\"https:\/\/www.hotelandy.com\/wp-content\/uploads\/2019\/07\/wellness-ruheraum9.jpg\" class=\"d-block m-1 h-100\" data-fslightbox=\"gallery\">\n                    <img decoding=\"async\" class=\"img-fluid\" src=\"https:\/\/www.hotelandy.com\/wp-content\/uploads\/2019\/07\/wellness-ruheraum9-640x640.jpg\" alt=\"\" title=\"\">\n                <\/a>\n            <\/div>\n                    <div class=\"col-lg-3 col-md-4 col-6 m-0 p-0\">\n                <a href=\"https:\/\/www.hotelandy.com\/wp-content\/uploads\/2019\/07\/wellness-teebar1.jpg\" class=\"d-block m-1 h-100\" data-fslightbox=\"gallery\">\n                    <img decoding=\"async\" class=\"img-fluid\" src=\"https:\/\/www.hotelandy.com\/wp-content\/uploads\/2019\/07\/wellness-teebar1-640x640.jpg\" alt=\"\" title=\"\">\n                <\/a>\n            <\/div>\n                    <div class=\"col-lg-3 col-md-4 col-6 m-0 p-0\">\n                <a href=\"https:\/\/www.hotelandy.com\/wp-content\/uploads\/2017\/07\/wellness-ruhebereich2.jpg\" class=\"d-block m-1 h-100\" data-fslightbox=\"gallery\">\n                    <img decoding=\"async\" class=\"img-fluid\" src=\"https:\/\/www.hotelandy.com\/wp-content\/uploads\/2017\/07\/wellness-ruhebereich2-640x640.jpg\" alt=\"\" title=\"\">\n                <\/a>\n            <\/div>\n            <\/div>\n\n\n<\/div>\n\n\n\n<div style=\"height:20px\" aria-hidden=\"true\" class=\"wp-block-spacer\"><\/div>\n\n\n\n<div style=\"height:40px\" aria-hidden=\"true\" class=\"wp-block-spacer\"><\/div>\n\n\n\n<div class=\"wp-block-group is-layout-constrained wp-block-group-is-layout-constrained\">\n<div class=\"wp-block-jetpack-layout-grid bg-light column1-desktop-grid__span-8 column1-desktop-grid__row-1 column2-desktop-grid__span-4 column2-desktop-grid__start-9 column2-desktop-grid__row-1 column1-tablet-grid__span-4 column1-tablet-grid__row-1 column2-tablet-grid__span-4 column2-tablet-grid__start-5 column2-tablet-grid__row-1 column1-mobile-grid__span-4 column1-mobile-grid__row-1 column2-mobile-grid__span-4 column2-mobile-grid__row-2 wp-block-jetpack-layout-gutter__nowrap are-vertically-aligned-center wp-block-jetpack-layout-gutter__none\">\n<div class=\"wp-block-jetpack-layout-grid-column wp-block-jetpack-layout-grid__padding-none is-vertically-aligned-center\">\n<div class=\"wp-block-cover is-light\"><span aria-hidden=\"true\" class=\"wp-block-cover__background has-background-dim-0 has-background-dim\"><\/span><img loading=\"lazy\" decoding=\"async\" width=\"2700\" height=\"1797\" class=\"wp-block-cover__image-background wp-image-11483\" alt=\"\" src=\"https:\/\/www.hotelandy.com\/wp-content\/uploads\/2019\/07\/wellness-detail-kissen-obst.jpg\" data-object-fit=\"cover\" title=\"\"><div class=\"wp-block-cover__inner-container is-layout-flow wp-block-cover-is-layout-flow\">\n<p class=\"has-text-align-center has-large-font-size\"><\/p>\n<\/div><\/div>\n<\/div>\n\n\n\n<div class=\"wp-block-jetpack-layout-grid-column wp-block-jetpack-layout-grid__padding-none is-vertically-aligned-center\">\n<div class=\"wp-block-group is-content-justification-left is-layout-constrained wp-container-core-group-is-layout-17bf16b5 wp-block-group-is-layout-constrained\" style=\"padding-top:2rem;padding-right:2rem;padding-bottom:2rem;padding-left:2rem\">\n<div class=\"wp-block-buttons is-content-justification-center is-layout-flex wp-container-core-buttons-is-layout-16018d1d wp-block-buttons-is-layout-flex\">\n<div class=\"wp-block-button is-style-outline is-style-outline--1\"><a class=\"wp-block-button__link wp-element-button\" href=\"https:\/\/www.hotelandy.com\/de\/wellness-spa-vital\/spa-etikette-oeffnungszeiten\/\" style=\"border-radius:0px\">\u00d6ffnungszeiten &amp; SPA-Etikette<\/a><\/div>\n<\/div>\n<\/div>\n<\/div>\n<\/div>\n<\/div>\n\n\n\n<div style=\"height:20px\" aria-hidden=\"true\" class=\"wp-block-spacer\"><\/div>\n","protected":false},"excerpt":{"rendered":"<p>Mein Wohlbefinden. Wellness im Andy. Tauchen Sie ein in eine Welt der Ruhe und Entspannung. Auf 1.500 m\u00b2 findet hier jeder zu neuer Kraft, Vitalit\u00e4t und Wohlbefinden. Belebendes Wasser, wohlige warme Saunen, kuschelige Ruher\u00e4ume und traumhaft sch\u00f6ne Liegewiesen. Alles, damit K\u00f6rper, Geist und Seele wieder in Balance kommen. Hallenbad &amp; Vitalgrotte Badegenuss auf 90m\u00b2. Ein [&hellip;]<\/p>\n","protected":false},"author":1007,"featured_media":11426,"parent":275,"menu_order":61,"comment_status":"closed","ping_status":"closed","template":"","meta":{"footnotes":""},"position":[],"class_list":["post-95","page","type-page","status-publish","has-post-thumbnail","hentry"],"meta_box":{"attachment":[],"dreisechzig":""},"_links":{"self":[{"href":"https:\/\/www.hotelandy.com\/de\/wp-json\/wp\/v2\/pages\/95","targetHints":{"allow":["GET"]}}],"collection":[{"href":"https:\/\/www.hotelandy.com\/de\/wp-json\/wp\/v2\/pages"}],"about":[{"href":"https:\/\/www.hotelandy.com\/de\/wp-json\/wp\/v2\/types\/page"}],"author":[{"embeddable":true,"href":"https:\/\/www.hotelandy.com\/de\/wp-json\/wp\/v2\/users\/1007"}],"replies":[{"embeddable":true,"href":"https:\/\/www.hotelandy.com\/de\/wp-json\/wp\/v2\/comments?post=95"}],"version-history":[{"count":0,"href":"https:\/\/www.hotelandy.com\/de\/wp-json\/wp\/v2\/pages\/95\/revisions"}],"up":[{"embeddable":true,"href":"https:\/\/www.hotelandy.com\/de\/wp-json\/wp\/v2\/pages\/275"}],"wp:featuredmedia":[{"embeddable":true,"href":"https:\/\/www.hotelandy.com\/de\/wp-json\/wp\/v2\/media\/11426"}],"wp:attachment":[{"href":"https:\/\/www.hotelandy.com\/de\/wp-json\/wp\/v2\/media?parent=95"}],"wp:term":[{"taxonomy":"position","embeddable":true,"href":"https:\/\/www.hotelandy.com\/de\/wp-json\/wp\/v2\/position?post=95"}],"curies":[{"name":"wp","href":"https:\/\/api.w.org\/{rel}","templated":true}]}}