{"id":9624,"date":"2018-02-12T14:55:49","date_gmt":"2018-02-12T13:55:49","guid":{"rendered":"https:\/\/www.hotelandy.com\/?page_id=9624"},"modified":"2023-08-15T10:29:50","modified_gmt":"2023-08-15T08:29:50","slug":"aktivurlaub-tirol","status":"publish","type":"page","link":"https:\/\/www.hotelandy.com\/de\/sommerurlaub-pitztal-tirol\/aktivurlaub-tirol\/","title":{"rendered":"Sport &#038; Aktivurlaub"},"content":{"rendered":"\n<div class=\"wp-block-group is-layout-constrained wp-block-group-is-layout-constrained\">\n<h1 class=\"wp-block-heading has-text-align-center\">Sport und Aktivurlaub in Tirol<\/h1>\n\n\n\n<h2 class=\"wp-block-heading has-text-align-center\">Natur &amp; Bewegung im inneralpinen Reizklima<\/h2>\n\n\n\n<div style=\"height:20px\" aria-hidden=\"true\" class=\"wp-block-spacer\"><\/div>\n\n\n\n<p>Bewegung ist gesund, das wissen wir alle. Und: <a href=\"https:\/\/www.hotelandy.com\/de\/jungbrunnen-tiroler-bergwelt\/\"><strong>Bewegung in einem Reizklima<\/strong><\/a> wie in den Alpen besitzt noch mehr Vorteile f\u00fcr die Gesundheit. Durch die H\u00f6henluft, den Wind und die Sonne trainieren Sie Ihre Ausdauer viel effektiver. Der K\u00f6rper muss sich auf die Klimareize einstellen und wird gleichzeitig dazu angeregt, seine <strong>Abwehrkr\u00e4fte zu steigern<\/strong> und den Gesamtorganismus zu stabilisieren. Das Andy Hotel Apartment Wellness bietet die idealen Voraussetzungen f\u00fcr einen sportlich aktiven Urlaub &#8211; ob Genusswandern, Freizeitsport oder alpines H\u00f6hentraining.<\/p>\n<\/div>\n\n\n\n<div style=\"height:40px\" aria-hidden=\"true\" class=\"wp-block-spacer\"><\/div>\n\n\n\n<div class=\"wp-block-group is-layout-constrained wp-block-group-is-layout-constrained\">\n<figure class=\"wp-block-image size-slide\"><img loading=\"lazy\" decoding=\"async\" width=\"1920\" height=\"640\" src=\"https:\/\/www.hotelandy.com\/wp-content\/uploads\/2023\/04\/Gemeindekopf-Pitztal-sommer-wandern1-1920x640.jpg\" alt=\"\" class=\"wp-image-14649\" title=\"\"><\/figure>\n<\/div>\n\n\n\n<div style=\"height:20px\" aria-hidden=\"true\" class=\"wp-block-spacer\"><\/div>\n\n\n\n<div class=\"wp-block-group is-layout-constrained wp-block-group-is-layout-constrained\">\n<h3 class=\"wp-block-heading has-text-align-center\">Wandern im Pitztal<\/h3>\n\n\n\n<ul class=\"wp-block-list\">\n<li>Wandergebiet Hochzeiger mit&nbsp;100 Kilometer Wanderrouten<\/li>\n\n\n\n<li>Gef\u00fchrte Wanderungen mit unserem Wanderf\u00fchrer<\/li>\n\n\n\n<li><a href=\"https:\/\/www.pitztal.com\/de\/sommer\/preise\/pitztal-sommer-card\" rel=\"noreferrer noopener nofollow\" target=\"_blank\"><strong>Pitztal Sommer Card<\/strong><\/a>: T\u00e4glich eine Bergbahn oder XP Abenteuerpark in Anspruch nehmen und viele weitere Verg\u00fcnstigungen<\/li>\n\n\n\n<li>Verleih von Rucks\u00e4cken, Wanderst\u00f6cken und Trinkflaschen<\/li>\n\n\n\n<li>Depot f\u00fcr Wanderschuhe und Zubeh\u00f6r mit Schuhtrockner<\/li>\n<\/ul>\n\n\n\n<div class=\"wp-block-group text-center is-layout-constrained wp-block-group-is-layout-constrained\">\n<a class=\"btn btn-primary\" href=\"https:\/\/www.hotelandy.com\/de\/wandern-hochzeiger-jerzens\/\" role=\"button\">Wandern &amp; Bergsteigen<\/a>\n<\/div>\n<\/div>\n\n\n\n<div style=\"height:40px\" aria-hidden=\"true\" class=\"wp-block-spacer\"><\/div>\n\n\n\n<div class=\"wp-block-group is-layout-constrained wp-block-group-is-layout-constrained\">\n<figure class=\"wp-block-image size-slide\"><img loading=\"lazy\" decoding=\"async\" width=\"1920\" height=\"540\" src=\"https:\/\/www.hotelandy.com\/wp-content\/uploads\/2016\/11\/Sommer_2011_014-1920x540.jpg\" alt=\"\" class=\"wp-image-7985\" title=\"\"><\/figure>\n<\/div>\n\n\n\n<div style=\"height:20px\" aria-hidden=\"true\" class=\"wp-block-spacer\"><\/div>\n\n\n\n<div class=\"wp-block-group is-layout-constrained wp-block-group-is-layout-constrained\">\n<h3 class=\"wp-block-heading has-text-align-center\">Mountainbiken<\/h3>\n\n\n\n<ul class=\"wp-block-list\">\n<li>Gef\u00fchrte MTB-Touren<\/li>\n\n\n\n<li>Verleih von Fahrr\u00e4dern, Rucks\u00e4cken und Trinkflaschen<\/li>\n\n\n\n<li>Trockenraum und W\u00e4scheservice<\/li>\n\n\n\n<li>Abwechslungsreiches Terrain<\/li>\n\n\n\n<li>Ideale Ausdauersportart<\/li>\n<\/ul>\n\n\n\n<div class=\"wp-block-group text-center is-layout-constrained wp-block-group-is-layout-constrained\">\n<a class=\"btn btn-primary\" href=\"https:\/\/www.hotelandy.com\/de\/mountainbiken-hochzeiger-jerzens\/\" role=\"button\">Mountainbiken<\/a>\n<\/div>\n<\/div>\n\n\n\n<div style=\"height:40px\" aria-hidden=\"true\" class=\"wp-block-spacer\"><\/div>\n\n\n\n<div class=\"wp-block-group is-layout-constrained wp-block-group-is-layout-constrained\">\n<figure class=\"wp-block-image size-slide\"><img loading=\"lazy\" decoding=\"async\" width=\"1920\" height=\"640\" src=\"https:\/\/www.hotelandy.com\/wp-content\/uploads\/2023\/04\/Pitztal_RunAndClimb_trailrunning-1920x640.jpg\" alt=\"\" class=\"wp-image-14654\" title=\"\"><\/figure>\n<\/div>\n\n\n\n<div style=\"height:20px\" aria-hidden=\"true\" class=\"wp-block-spacer\"><\/div>\n\n\n\n<div class=\"wp-block-group is-layout-constrained wp-block-group-is-layout-constrained\">\n<h3 class=\"wp-block-heading has-text-align-center\">Trail Running<\/h3>\n\n\n\n<ul class=\"wp-block-list\">\n<li>Hotel Andy ist Trail Running Partner-Unterkunft<\/li>\n\n\n\n<li>264 km Trail Running Strecken<\/li>\n\n\n\n<li>96 km markierte Laufstrecken<\/li>\n\n\n\n<li>Optimales H\u00f6hentraining bis auf 3.000 Meter H\u00f6he<\/li>\n\n\n\n<li>Gep\u00e4cktransport beim Pitztal Etappen Trail<\/li>\n<\/ul>\n\n\n\n<div class=\"wp-block-group text-center is-layout-constrained wp-block-group-is-layout-constrained\">\n<a class=\"btn btn-primary\" href=\"https:\/\/www.hotelandy.com\/de\/trail-running-pitztal\/\" role=\"button\">Trail Running<\/a>\n<\/div>\n<\/div>\n\n\n\n<div style=\"height:40px\" aria-hidden=\"true\" class=\"wp-block-spacer\"><\/div>\n\n\n\n<div style=\"height:20px\" aria-hidden=\"true\" class=\"wp-block-spacer\"><\/div>\n\n\n    <section id=\"s7646\" class=\"section  container-fluid no-gutters static\" style=\"background-image:url(https:\/\/www.hotelandy.com\/wp-content\/uploads\/2017\/06\/einzelfahrten-hochzeiger-sommer-sechszeiger-see-1920x650.jpg); background-color:rgba(0,0,0,0.5); color:#ffffff; background-size:cover; background-position: center center; background-repeat:no-repeat; background-blend-mode: multiply; margin:20px auto; padding-top:0px; padding-bottom:0px;\">\n    <div class=\"container\" style=\"padding-top: 100px; padding-bottom: 100px;\">\n        \n<div class=\"wp-block-group is-layout-constrained wp-block-group-is-layout-constrained\">\n<div class=\"wp-block-columns is-layout-flex wp-container-core-columns-is-layout-9d6595d7 wp-block-columns-is-layout-flex\">\n<div class=\"wp-block-column is-layout-flow wp-block-column-is-layout-flow\"><\/div>\n\n\n\n<div class=\"wp-block-column is-layout-flow wp-block-column-is-layout-flow\">\n<h2 class=\"wp-block-heading has-text-align-center\">Pitztal Sommer Card<\/h2>\n\n\n\n<p>Erleben Sie vom <strong>04.06.2026 bis 18.10.2026<\/strong> jeden Tag\u00a0<strong>freien Zutritt<\/strong>\u00a0zu den Attraktionen des Pitztals und seiner Umgebung. Bei Anreise erhalten Sie Ihre Pitztal Sommer Card von uns und k\u00f6nnen t\u00e4glich (inklusive Anreisetag\u00a0<em>oder<\/em>\u00a0Abreisetag) entweder eine\u00a0<strong>Bergbahn oder den XP Abenteuerpark kostenlos<\/strong>\u00a0in Anspruch nehmen. Zus\u00e4tzlich erhalten Sie t\u00e4glich Zutritt zu den anderen Leistungspartnern wie Museen, Badesee, Kletterhalle, Boulderstadl und Steinbockzentrum und fahren t\u00e4glich kostenlos mit dem\u00a0<strong>\u00f6ffentlichen Bus<\/strong>\u00a0im Pitztal.<\/p>\n\n\n\n<div class=\"wp-block-group text-center is-layout-flow wp-block-group-is-layout-flow\">\n<a class=\"btn btn-primary\" href=\"https:\/\/www.pitztal.com\/de\/sommer\/preise\/pitztal-sommer-card\" target=\"_blank\" role=\"button\" rel=\"noopener noreferrer\">Mehr erfahren<\/a>\n<\/div>\n<\/div>\n<\/div>\n<\/div>\n\n\n\n<p><\/p>\n\n    <\/div>\n    <\/section>\n\n\n\n\n<div style=\"height:50px\" aria-hidden=\"true\" class=\"wp-block-spacer\"><\/div>\n\n\n\n<h2 class=\"wp-block-heading has-text-align-center\">Top Sommer-Angebote<\/h2>\n\n\n\n<div style=\"height:30px\" aria-hidden=\"true\" class=\"wp-block-spacer\"><\/div>\n\n\n\n<div class=\"wp-block-group overflow-hidden is-layout-constrained wp-block-group-is-layout-constrained\"><div class=\"tile-swiper\">\n\t<div class=\"swiper-container swiper tileSwiper tile77182 tile\" data-slider=\"77182\" data-slides-display-desktop=\"2\">\n\t\t<div class=\"swiper-wrapper\">\n\t\t\t\t\t\t\t<div class=\"swiper-slide h-auto align-items-stretch slide-wrapper\">\n\t\t\t\t\t<div class=\"card angebote mb-2 w-100 h-100\" itemprop=\"offers\" itemscope itemtype=\"http:\/\/schema.org\/Offer\">\n    <div class=\"card-image\">\n        <a href=\"https:\/\/www.hotelandy.com\/de\/angebote\/rundum-versorgt-berge-wellness-abendessen\/\">\n            <img loading=\"lazy\" decoding=\"async\" src=\"https:\/\/www.hotelandy.com\/wp-content\/uploads\/2024\/06\/DSC1828-scaled-e1718652783227-640x360.jpg\" alt=\"\" class=\"w-100 img-fluid\" width=\"640\" height=\"360\" title=\"\">\n                    <\/a>\n    <\/div>\n    <div class=\"card-body bg-transparent\">\n        <p class=\"card-text text-center text-muted small\">26.06.2026 - 17.10.2026<\/p>\n        <h2 class=\"card-title text-center\"><a itemprop=\"url\" href=\"https:\/\/www.hotelandy.com\/de\/angebote\/rundum-versorgt-berge-wellness-abendessen\/\"><span itemprop=\"name\">Rundum versorgt. &#8211; Berge. Wellness. Abendessen.<\/span><\/a><\/h2>\n        <p class=\"card-text description text-center\"><a href=\"https:\/\/www.hotelandy.com\/de\/angebote\/rundum-versorgt-berge-wellness-abendessen\/\"><span itemprop=\"description\">3 N\u00e4chte inklusive Fr\u00fchst\u00fcck, 1500m\u00b2 SPA, 2x 3-Gang Men\u00fc Abendessen zu zweit<\/span><\/a>\n        <\/p>\n    <\/div>\n    <div class=\"card-footer bg-transparent border-0\">\n        <div class=\"preisart text-center\">Gesamtpreis ab<\/div>\n        <h3 class=\"preis text-center pt-2\"><strong>\n                                <a href=\"https:\/\/www.hotelandy.com\/de\/angebote\/rundum-versorgt-berge-wellness-abendessen\/\">\n                                        <span itemprop=\"priceCurrency\" content=\"EUR\" class=\"euro\"> \u20ac <\/span><span itemprop=\"price\"\n                        content=\"585\" class=\"preisab\">585<\/span>\n                                                        <\/a>\n                            <\/strong><\/h3>\n    <\/div>\n    <div class=\"card-footer bg-transparent border-0 p-0\">\n        <div class=\"btn-group w-100\">\n            \n            <a class=\"btn btn-secondary anfrage pfeil m-0\" href=\"https:\/\/www.hotelandy.com\/de\/angebote\/rundum-versorgt-berge-wellness-abendessen\/\">Details<\/a>\n        <\/div>\n    <\/div>\n<\/div>\t\t\t\t<\/div>\n\t\t\t\t\t\t\t<div class=\"swiper-slide h-auto align-items-stretch slide-wrapper\">\n\t\t\t\t\t<div class=\"card angebote mb-2 w-100 h-100\" itemprop=\"offers\" itemscope itemtype=\"http:\/\/schema.org\/Offer\">\n    <div class=\"card-image\">\n        <a href=\"https:\/\/www.hotelandy.com\/de\/angebote\/wandern-wellness-auszeit-im-pitztal-31-gratis\/\">\n            <img loading=\"lazy\" decoding=\"async\" src=\"https:\/\/www.hotelandy.com\/wp-content\/uploads\/2025\/04\/16-640x360.jpg\" alt=\"\" class=\"w-100 img-fluid\" width=\"640\" height=\"360\" title=\"\">\n                        <div class=\"promotionlabel\">3+1 Nacht gratis<\/div>\n                    <\/a>\n    <\/div>\n    <div class=\"card-body bg-transparent\">\n        <p class=\"card-text text-center text-muted small\">26.06.2026 - 17.10.2026<\/p>\n        <h2 class=\"card-title text-center\"><a itemprop=\"url\" href=\"https:\/\/www.hotelandy.com\/de\/angebote\/wandern-wellness-auszeit-im-pitztal-31-gratis\/\"><span itemprop=\"name\">Wandern und Wellness. Auszeit im Pitztal. \u2013 3+1 gratis.<\/span><\/a><\/h2>\n        <p class=\"card-text description text-center\"><a href=\"https:\/\/www.hotelandy.com\/de\/angebote\/wandern-wellness-auszeit-im-pitztal-31-gratis\/\"><span itemprop=\"description\">4 N\u00e4chte (3+1 gratis) inkl. Fr\u00fchst\u00fccksbuffet, Wellnessnutzung bis 19:00 Uhr am Abreisetag<\/span><\/a>\n        <\/p>\n    <\/div>\n    <div class=\"card-footer bg-transparent border-0\">\n        <div class=\"preisart text-center\">Gesamtpreis ab<\/div>\n        <h3 class=\"preis text-center pt-2\"><strong>\n                                <a href=\"https:\/\/www.hotelandy.com\/de\/angebote\/wandern-wellness-auszeit-im-pitztal-31-gratis\/\">\n                                        <span itemprop=\"priceCurrency\" content=\"EUR\" class=\"euro\"> \u20ac <\/span><span itemprop=\"price\"\n                        content=\"525\" class=\"preisab\">525<\/span>\n                                                        <\/a>\n                            <\/strong><\/h3>\n    <\/div>\n    <div class=\"card-footer bg-transparent border-0 p-0\">\n        <div class=\"btn-group w-100\">\n            \n            <a class=\"btn btn-secondary anfrage pfeil m-0\" href=\"https:\/\/www.hotelandy.com\/de\/angebote\/wandern-wellness-auszeit-im-pitztal-31-gratis\/\">Details<\/a>\n        <\/div>\n    <\/div>\n<\/div>\t\t\t\t<\/div>\n\t\t\t\t\t\t\t<div class=\"swiper-slide h-auto align-items-stretch slide-wrapper\">\n\t\t\t\t\t<div class=\"card angebote mb-2 w-100 h-100\" itemprop=\"offers\" itemscope itemtype=\"http:\/\/schema.org\/Offer\">\n    <div class=\"card-image\">\n        <a href=\"https:\/\/www.hotelandy.com\/de\/angebote\/wanderurlaub-pitztal-tirol\/\">\n            <img loading=\"lazy\" decoding=\"async\" src=\"https:\/\/www.hotelandy.com\/wp-content\/uploads\/2025\/04\/Document-NameMG1302b-640x360.jpg\" alt=\"\" class=\"w-100 img-fluid\" width=\"640\" height=\"360\" title=\"\">\n                    <\/a>\n    <\/div>\n    <div class=\"card-body bg-transparent\">\n        <p class=\"card-text text-center text-muted small\">26.06.2026 - 17.10.2026<\/p>\n        <h2 class=\"card-title text-center\"><a itemprop=\"url\" href=\"https:\/\/www.hotelandy.com\/de\/angebote\/wanderurlaub-pitztal-tirol\/\"><span itemprop=\"name\">Der Berg ruft. &#8211; Wir gehen wandern im Pitztal.<\/span><\/a><\/h2>\n        <p class=\"card-text description text-center\"><a href=\"https:\/\/www.hotelandy.com\/de\/angebote\/wanderurlaub-pitztal-tirol\/\"><span itemprop=\"description\">3 N\u00e4chte inkl. Fr\u00fchst\u00fcck, Pitztal Sommercard, 1 gef\u00fchrte Wanderung, 1 Picknick-Rucksack<\/span><\/a>\n        <\/p>\n    <\/div>\n    <div class=\"card-footer bg-transparent border-0\">\n        <div class=\"preisart text-center\">Gesamtpreis ab<\/div>\n        <h3 class=\"preis text-center pt-2\"><strong>\n                                <a href=\"https:\/\/www.hotelandy.com\/de\/angebote\/wanderurlaub-pitztal-tirol\/\">\n                                        <span itemprop=\"priceCurrency\" content=\"EUR\" class=\"euro\"> \u20ac <\/span><span itemprop=\"price\"\n                        content=\"525\" class=\"preisab\">525<\/span>\n                                                        <\/a>\n                            <\/strong><\/h3>\n    <\/div>\n    <div class=\"card-footer bg-transparent border-0 p-0\">\n        <div class=\"btn-group w-100\">\n            \n            <a class=\"btn btn-secondary anfrage pfeil m-0\" href=\"https:\/\/www.hotelandy.com\/de\/angebote\/wanderurlaub-pitztal-tirol\/\">Details<\/a>\n        <\/div>\n    <\/div>\n<\/div>\t\t\t\t<\/div>\n\t\t\t\t\t\t\t<div class=\"swiper-slide h-auto align-items-stretch slide-wrapper\">\n\t\t\t\t\t<div class=\"card angebote mb-2 w-100 h-100\" itemprop=\"offers\" itemscope itemtype=\"http:\/\/schema.org\/Offer\">\n    <div class=\"card-image\">\n        <a href=\"https:\/\/www.hotelandy.com\/de\/angebote\/pitztal-sommerurlaub-wandervergnuegen-fuer-die-ganze-familie\/\">\n            <img loading=\"lazy\" decoding=\"async\" src=\"https:\/\/www.hotelandy.com\/wp-content\/uploads\/2025\/04\/TVBPitztal_758392-Kopie-640x360.jpg\" alt=\"\" class=\"w-100 img-fluid\" width=\"640\" height=\"360\" title=\"\">\n                    <\/a>\n    <\/div>\n    <div class=\"card-body bg-transparent\">\n        <p class=\"card-text text-center text-muted small\">26.06.2026 - 17.10.2026<\/p>\n        <h2 class=\"card-title text-center\"><a itemprop=\"url\" href=\"https:\/\/www.hotelandy.com\/de\/angebote\/pitztal-sommerurlaub-wandervergnuegen-fuer-die-ganze-familie\/\"><span itemprop=\"name\">Pitztal Sommerurlaub: Wandervergn\u00fcgen f\u00fcr die ganze Familie<\/span><\/a><\/h2>\n        <p class=\"card-text description text-center\"><a href=\"https:\/\/www.hotelandy.com\/de\/angebote\/pitztal-sommerurlaub-wandervergnuegen-fuer-die-ganze-familie\/\"><span itemprop=\"description\">4 N\u00e4chte inklusive Fr\u00fchst\u00fcck, bis zu 2 Kinder bis 14 Jahre kostenfrei <\/span><\/a>\n        <\/p>\n    <\/div>\n    <div class=\"card-footer bg-transparent border-0\">\n        <div class=\"preisart text-center\">Gesamtpreis ab<\/div>\n        <h3 class=\"preis text-center pt-2\"><strong>\n                                <a href=\"https:\/\/www.hotelandy.com\/de\/angebote\/pitztal-sommerurlaub-wandervergnuegen-fuer-die-ganze-familie\/\">\n                                        <span itemprop=\"priceCurrency\" content=\"EUR\" class=\"euro\"> \u20ac <\/span><span itemprop=\"price\"\n                        content=\"715\" class=\"preisab\">715<\/span>\n                                                        <\/a>\n                            <\/strong><\/h3>\n    <\/div>\n    <div class=\"card-footer bg-transparent border-0 p-0\">\n        <div class=\"btn-group w-100\">\n            \n            <a class=\"btn btn-secondary anfrage pfeil m-0\" href=\"https:\/\/www.hotelandy.com\/de\/angebote\/pitztal-sommerurlaub-wandervergnuegen-fuer-die-ganze-familie\/\">Details<\/a>\n        <\/div>\n    <\/div>\n<\/div>\t\t\t\t<\/div>\n\t\t\t\t\t<\/div>\n\t\t<div class=\"swiper-button-prev tile-arrow-prev-77182\"><\/div>\n\t\t<div class=\"swiper-button-next tile-arrow-next-77182\"><\/div>\n        <div class=\"swiper-pagination-77182 text-center\"><\/div>\n\t<\/div>\n<\/div>\n\n<\/div>\n\n\n\n<div style=\"height:30px\" aria-hidden=\"true\" class=\"wp-block-spacer\"><\/div>\n","protected":false},"excerpt":{"rendered":"<p>Sport und Aktivurlaub in Tirol Natur &amp; Bewegung im inneralpinen Reizklima Bewegung ist gesund, das wissen wir alle. Und: Bewegung in einem Reizklima wie in den Alpen besitzt noch mehr Vorteile f\u00fcr die Gesundheit. Durch die H\u00f6henluft, den Wind und die Sonne trainieren Sie Ihre Ausdauer viel effektiver. Der K\u00f6rper muss sich auf die Klimareize [&hellip;]<\/p>\n","protected":false},"author":1007,"featured_media":14642,"parent":120,"menu_order":19,"comment_status":"closed","ping_status":"closed","template":"","meta":{"footnotes":""},"position":[],"class_list":["post-9624","page","type-page","status-publish","has-post-thumbnail","hentry"],"meta_box":{"attachment":[],"dreisechzig":""},"_links":{"self":[{"href":"https:\/\/www.hotelandy.com\/de\/wp-json\/wp\/v2\/pages\/9624","targetHints":{"allow":["GET"]}}],"collection":[{"href":"https:\/\/www.hotelandy.com\/de\/wp-json\/wp\/v2\/pages"}],"about":[{"href":"https:\/\/www.hotelandy.com\/de\/wp-json\/wp\/v2\/types\/page"}],"author":[{"embeddable":true,"href":"https:\/\/www.hotelandy.com\/de\/wp-json\/wp\/v2\/users\/1007"}],"replies":[{"embeddable":true,"href":"https:\/\/www.hotelandy.com\/de\/wp-json\/wp\/v2\/comments?post=9624"}],"version-history":[{"count":0,"href":"https:\/\/www.hotelandy.com\/de\/wp-json\/wp\/v2\/pages\/9624\/revisions"}],"up":[{"embeddable":true,"href":"https:\/\/www.hotelandy.com\/de\/wp-json\/wp\/v2\/pages\/120"}],"wp:featuredmedia":[{"embeddable":true,"href":"https:\/\/www.hotelandy.com\/de\/wp-json\/wp\/v2\/media\/14642"}],"wp:attachment":[{"href":"https:\/\/www.hotelandy.com\/de\/wp-json\/wp\/v2\/media?parent=9624"}],"wp:term":[{"taxonomy":"position","embeddable":true,"href":"https:\/\/www.hotelandy.com\/de\/wp-json\/wp\/v2\/position?post=9624"}],"curies":[{"name":"wp","href":"https:\/\/api.w.org\/{rel}","templated":true}]}}