{"id":10212,"date":"2018-11-12T18:00:23","date_gmt":"2018-11-12T17:00:23","guid":{"rendered":"https:\/\/www.hotelandy.com\/?page_id=10212"},"modified":"2023-12-27T10:35:23","modified_gmt":"2023-12-27T09:35:23","slug":"apartment-services","status":"publish","type":"page","link":"https:\/\/www.hotelandy.com\/en\/apartment-services\/","title":{"rendered":"Inclusive Services"},"content":{"rendered":"\n<div class=\"wp-block-group is-layout-constrained wp-block-group-is-layout-constrained\">\n<h1 class=\"wp-block-heading has-text-align-center\">Andy Inklusivleistungen &amp; Services<\/h1>\n\n\n\n<div style=\"height:20px\" aria-hidden=\"true\" class=\"wp-block-spacer\"><\/div>\n\n\n\n<p class=\"has-text-align-left\">Hier finden Sie alle Annehmlichkeiten und Services f\u00fcr Ihren Urlaub im Andy Hotel Apartment Wellness im \u00dcberblick. Meine Ferien. Mein Wohlbefinden.<\/p>\n<\/div>\n\n\n\n<div style=\"height:30px\" aria-hidden=\"true\" class=\"wp-block-spacer\"><\/div>\n\n\n\n<div class=\"wp-block-group is-layout-constrained wp-block-group-is-layout-constrained\">\n<figure class=\"wp-block-image size-slide\"><img loading=\"lazy\" decoding=\"async\" width=\"1920\" height=\"540\" src=\"https:\/\/www.hotelandy.com\/wp-content\/uploads\/2019\/08\/190812_151129-2-137-1920x540.jpg\" alt=\"\" class=\"wp-image-11826\" title=\"\"><\/figure>\n<\/div>\n\n\n\n<div style=\"height:20px\" aria-hidden=\"true\" class=\"wp-block-spacer\"><\/div>\n\n\n\n<div class=\"wp-block-group is-layout-constrained wp-block-group-is-layout-constrained\">\n<h2 class=\"wp-block-heading has-text-align-center\">Wohnen<\/h2>\n\n\n\n<ul class=\"wp-block-list\">\n<li>24 exklusive <a href=\"https:\/\/www.hotelandy.com\/de\/apartments-hochzeiger-jerzens\/\" data-type=\"page\" data-id=\"10109\">Apartments<\/a> mit voll ausgestatteter K\u00fcche, davon 1 rollstuhlgerechtes Apartment<\/li>\n\n\n\n<li>14 moderne <a href=\"https:\/\/www.hotelandy.com\/de\/apartments-hochzeiger-jerzens\/\" data-type=\"page\" data-id=\"10109\">Komfort-Doppelzimmer<\/a>, davon 2 Rollstuhlzimmer<\/li>\n\n\n\n<li>Wellnesstasche mit Bademantel und\u00a0Handt\u00fcchern<\/li>\n\n\n\n<li>Flat TV, Safe, kostenloser WLAN Zugang<\/li>\n<\/ul>\n\n\n\n<div style=\"height:20px\" aria-hidden=\"true\" class=\"wp-block-spacer\"><\/div>\n<\/div>\n\n\n\n<div class=\"wp-block-group is-layout-constrained wp-block-group-is-layout-constrained\">\n<figure class=\"wp-block-image size-slide\"><img loading=\"lazy\" decoding=\"async\" width=\"1920\" height=\"540\" src=\"https:\/\/www.hotelandy.com\/wp-content\/uploads\/2019\/07\/wellness-ruheraum-wasserbetten3-1920x540.jpg\" alt=\"\" class=\"wp-image-11424\" title=\"\"><\/figure>\n<\/div>\n\n\n\n<div style=\"height:20px\" aria-hidden=\"true\" class=\"wp-block-spacer\"><\/div>\n\n\n\n<div class=\"wp-block-group is-layout-constrained wp-block-group-is-layout-constrained\">\n<h2 class=\"wp-block-heading has-text-align-center\">Wellness &amp; Spa<\/h2>\n\n\n\n<ul class=\"wp-block-list\">\n<li>Wohltuendes Wasser &amp; wohlige W\u00e4rme auf 1.500m\u00b2<\/li>\n\n\n\n<li>Indoor-Pool&nbsp;und beheizter&nbsp;Au\u00dfen-Whirlpool<\/li>\n\n\n\n<li><a href=\"https:\/\/www.hotelandy.com\/wellness-spa-vital\/sauna-und-relax\/\">Saunalandschaft<\/a>&nbsp;mit Themensaunen<\/li>\n\n\n\n<li><a href=\"https:\/\/www.hotelandy.com\/wellness-spa-vital\/sauna-und-relax\/\">Entspannungsr\u00e4ume<\/a>&nbsp;und Ruheraum mit Wasserbetten<\/li>\n\n\n\n<li>Bereich f\u00fcr&nbsp;<a href=\"https:\/\/www.hotelandy.com\/wellness-spa-vital\/beauty-kosmetik\/\">Beauty<\/a>,&nbsp;<a href=\"https:\/\/www.hotelandy.com\/de\/massagen\/\">Massagen &amp; B\u00e4der<\/a><\/li>\n\n\n\n<li>Panorama-Liegewiese im Sommer<\/li>\n<\/ul>\n<\/div>\n\n\n\n<div style=\"height:20px\" aria-hidden=\"true\" class=\"wp-block-spacer\"><\/div>\n\n\n\n<div class=\"wp-block-group is-layout-constrained wp-block-group-is-layout-constrained\">\n<figure class=\"wp-block-image size-slide\"><img loading=\"lazy\" decoding=\"async\" width=\"1920\" height=\"540\" src=\"https:\/\/www.hotelandy.com\/wp-content\/uploads\/2017\/07\/restaurant-fruehstuecksbueffet5-1920x540.jpg\" alt=\"\" class=\"wp-image-9050\" title=\"\"><\/figure>\n<\/div>\n\n\n\n<div style=\"height:20px\" aria-hidden=\"true\" class=\"wp-block-spacer\"><\/div>\n\n\n\n<div class=\"wp-block-group is-layout-constrained wp-block-group-is-layout-constrained\">\n<h2 class=\"wp-block-heading has-text-align-center\">Kulinarik<\/h2>\n\n\n\n<ul class=\"wp-block-list\">\n<li>Gaumenfreuden aus regionalen Qualit\u00e4tsprodukten<\/li>\n\n\n\n<li>Vitales und herzhaftes&nbsp;<a href=\"https:\/\/www.hotelandy.com\/hotel-pitztal\/restaurant\/\">Fr\u00fchst\u00fccksbuffet<\/a> inklusive<\/li>\n\n\n\n<li>A la carte&nbsp;<a href=\"https:\/\/www.hotelandy.com\/hotel-pitztal\/restaurant\/\">Restaurant<\/a>&nbsp;im Hotel<\/li>\n\n\n\n<li>Hoteleigener Shop mit regionalen Produkten<\/li>\n<\/ul>\n<\/div>\n\n\n\n<div style=\"height:20px\" aria-hidden=\"true\" class=\"wp-block-spacer\"><\/div>\n\n\n\n<div class=\"wp-block-group is-layout-constrained wp-block-group-is-layout-constrained\">\n<figure class=\"wp-block-image size-slide\"><img loading=\"lazy\" decoding=\"async\" width=\"1920\" height=\"540\" src=\"https:\/\/www.hotelandy.com\/wp-content\/uploads\/2019\/07\/wandern-detail-stoecke-1920x540.jpg\" alt=\"\" class=\"wp-image-11352\" title=\"\"><\/figure>\n<\/div>\n\n\n\n<div style=\"height:20px\" aria-hidden=\"true\" class=\"wp-block-spacer\"><\/div>\n\n\n\n<div class=\"wp-block-group is-layout-constrained wp-block-group-is-layout-constrained\">\n<h2 class=\"wp-block-heading has-text-align-center\">Extra-Komfort f\u00fcr Ihren Aufenthalt<\/h2>\n\n\n\n<ul class=\"wp-block-list\">\n<li>Kostenloser Stellplatz in der hoteleigenen Parkgarage <\/li>\n\n\n\n<li>E-Auto Ladestationen (gegen Geb\u00fchr)<\/li>\n\n\n\n<li>Waschraum mit Waschmaschine und B\u00fcgelstation im Haus<\/li>\n\n\n\n<li>W\u00e4scheservice (gegen Geb\u00fchr)<\/li>\n\n\n\n<li>Im Sommer Depot f\u00fcr Wanderschuhe und Zubeh\u00f6r mit Schuhtrockner<\/li>\n\n\n\n<li>Im Winter Depot f\u00fcr Skier und Skischuhe mit Schuhtrockner<\/li>\n<\/ul>\n<\/div>\n\n\n\n<div style=\"height:20px\" aria-hidden=\"true\" class=\"wp-block-spacer\"><\/div>\n\n\n\n<div class=\"wp-block-group is-layout-constrained wp-block-group-is-layout-constrained\">\n<figure class=\"wp-block-image size-slide\"><img loading=\"lazy\" decoding=\"async\" width=\"1920\" height=\"540\" src=\"https:\/\/www.hotelandy.com\/wp-content\/uploads\/2019\/01\/wandern-sommer-hochzeiger-paar-1920x540.jpg\" alt=\"\" class=\"wp-image-10336\" title=\"\"><\/figure>\n<\/div>\n\n\n\n<div style=\"height:20px\" aria-hidden=\"true\" class=\"wp-block-spacer\"><\/div>\n\n\n\n<div class=\"wp-block-group is-layout-constrained wp-block-group-is-layout-constrained\">\n<h2 class=\"wp-block-heading has-text-align-center\">Gesund &amp; Vital<\/h2>\n\n\n\n<ul class=\"wp-block-list\">\n<li>Gesunde&nbsp;<a href=\"https:\/\/www.hotelandy.com\/de\/hochzeiger-im-pitztal\/\">H\u00f6henlage<\/a>&nbsp;auf 1.500 Meter<\/li>\n\n\n\n<li>Modern ausgestatteter&nbsp;<a href=\"https:\/\/www.hotelandy.com\/wellness-spa-vital\/fitnessraum\/\">Cardio-Fitness-Raum<\/a><\/li>\n\n\n\n<li>5x w\u00f6chentlich gef\u00fchrte&nbsp;<a href=\"https:\/\/www.hotelandy.com\/de\/wandern-hochzeiger-jerzens\/\">Wanderungen<\/a><\/li>\n\n\n\n<li>Verleih von Walking-St\u00f6cken, Rucks\u00e4cken, Trinkflaschen, E-Bikes (gegen Geb\u00fchr im Sportgesch\u00e4ft vor Ort) &amp; Schneeschuhen<\/li>\n<\/ul>\n<\/div>\n\n\n\n<div style=\"height:20px\" aria-hidden=\"true\" class=\"wp-block-spacer\"><\/div>\n\n\n\n<div class=\"wp-block-group is-layout-constrained wp-block-group-is-layout-constrained\">\n<figure class=\"wp-block-image size-slide\"><img loading=\"lazy\" decoding=\"async\" width=\"1920\" height=\"540\" src=\"https:\/\/www.hotelandy.com\/wp-content\/uploads\/2019\/01\/winter-familienskigebiet_hochzeiger-1920x540.jpg\" alt=\"\" class=\"wp-image-10349\" title=\"\"><\/figure>\n<\/div>\n\n\n\n<div style=\"height:20px\" aria-hidden=\"true\" class=\"wp-block-spacer\"><\/div>\n\n\n\n<div class=\"wp-block-group is-layout-constrained wp-block-group-is-layout-constrained\">\n<h2 class=\"wp-block-heading has-text-align-center\">Winterurlaub im Pitztal<\/h2>\n\n\n\n<ul class=\"wp-block-list\">\n<li>Direkt an der Talstation des&nbsp;<a href=\"https:\/\/www.hotelandy.com\/de\/skigebiete-pitztal\/\">Skigebiets Hochzeiger<\/a><\/li>\n\n\n\n<li>Schneesicher&nbsp;auf 1.500 bis 2.500 Metern<\/li>\n\n\n\n<li>Gef\u00fchrte Ski-Nachmittage, Schneeschuh- und Winterwanderungen<\/li>\n\n\n\n<li>Skipass-Verkauf an der Rezeption<\/li>\n\n\n\n<li><a href=\"https:\/\/www.hotelandy.com\/de\/familienskiurlaub-tirol\/\">Familien-Skigebiet<\/a>&nbsp;und&nbsp;Snowpark,&nbsp;6 km lange Rodelbahn<\/li>\n<\/ul>\n<\/div>\n\n\n\n<div style=\"height:20px\" aria-hidden=\"true\" class=\"wp-block-spacer\"><\/div>\n\n\n\n<div class=\"wp-block-group is-layout-constrained wp-block-group-is-layout-constrained\">\n<figure class=\"wp-block-image size-slide\"><img loading=\"lazy\" decoding=\"async\" width=\"1920\" height=\"540\" src=\"https:\/\/www.hotelandy.com\/wp-content\/uploads\/2017\/06\/einzelfahrten-hochzeiger-sommer-sechszeiger-see-1920x540.jpg\" alt=\"\" class=\"wp-image-8856\" title=\"\"><\/figure>\n<\/div>\n\n\n\n<div style=\"height:20px\" aria-hidden=\"true\" class=\"wp-block-spacer\"><\/div>\n\n\n\n<div class=\"wp-block-group is-layout-constrained wp-block-group-is-layout-constrained\">\n<h2 class=\"wp-block-heading has-text-align-center\">Sommerurlaub im Pitztal<\/h2>\n\n\n\n<ul class=\"wp-block-list\">\n<li><a href=\"https:\/\/www.hotelandy.com\/de\/sommerurlaub-pitztal-tirol\/#s7646\">Pitztal Sommer Card<\/a>&nbsp;g\u00fcltig ab Anreisetag bis Abreisetag<\/li>\n\n\n\n<li>Direkt an der Talstation des&nbsp;<a href=\"https:\/\/www.hotelandy.com\/de\/wandern-hochzeiger-jerzens\/\">Wandergebietes Hochzeiger<\/a><\/li>\n\n\n\n<li>100km&nbsp;<a href=\"https:\/\/www.hotelandy.com\/de\/wandern-hochzeiger-jerzens\/\">Wanderwege<\/a>&nbsp;und&nbsp;kostenloses Wanderprogramm<\/li>\n\n\n\n<li>Gef\u00fchrte Wanderungen mit unserem Wanderf\u00fchrer<\/li>\n\n\n\n<li><a href=\"https:\/\/www.hotelandy.com\/de\/trail-running-pitztal\/\">Trail Running<\/a>&nbsp;Partner-Unterkunft<\/li>\n\n\n\n<li>E-Bike Verleih gegen Geb\u00fchr im Sportgesch\u00e4ft vor Ort<\/li>\n<\/ul>\n<\/div>\n\n\n\n<div style=\"height:20px\" aria-hidden=\"true\" class=\"wp-block-spacer\"><\/div>\n\n\n\n<div class=\"wp-block-group is-layout-constrained wp-block-group-is-layout-constrained\">\n<figure class=\"wp-block-image size-slide\"><img loading=\"lazy\" decoding=\"async\" width=\"1920\" height=\"540\" src=\"https:\/\/www.hotelandy.com\/wp-content\/uploads\/2019\/01\/sommer-familie-zirbenpark-zirbenwasser-4-1920x540.jpg\" alt=\"\" class=\"wp-image-10326\" title=\"\"><\/figure>\n<\/div>\n\n\n\n<div style=\"height:20px\" aria-hidden=\"true\" class=\"wp-block-spacer\"><\/div>\n\n\n\n<div class=\"wp-block-group is-layout-constrained wp-block-group-is-layout-constrained\">\n<h2 class=\"wp-block-heading has-text-align-center\">Familienurlaub im Pitztal<\/h2>\n\n\n\n<ul class=\"wp-block-list\">\n<li>Kinderspielraum im Hotel<\/li>\n\n\n\n<li>Familiensauna und Dampfbad<\/li>\n\n\n\n<li><a href=\"https:\/\/www.hotelandy.com\/de\/zirbenpark-hochzeiger\/\">ZirbenPark<\/a>&nbsp;am Hochzeiger<\/li>\n\n\n\n<li>Viele lohnende&nbsp;<a href=\"https:\/\/www.hotelandy.com\/sommerurlaub-pitztal-tirol\/familienurlaub-kinder\/\">Ausflugsziele<\/a><\/li>\n\n\n\n<li>Gesellschaftsspiele zum Ausleihen<\/li>\n\n\n\n<li>DVD Player zum Ausleihen an der Rezeption<\/li>\n<\/ul>\n<\/div>\n\n\n\n<div style=\"height:20px\" aria-hidden=\"true\" class=\"wp-block-spacer\"><\/div>\n","protected":false},"excerpt":{"rendered":"<p>Andy Inklusivleistungen &amp; Services Hier finden Sie alle Annehmlichkeiten und Services f\u00fcr Ihren Urlaub im Andy Hotel Apartment Wellness im \u00dcberblick. Meine Ferien. Mein Wohlbefinden. Wohnen Wellness &amp; Spa Kulinarik Extra-Komfort f\u00fcr Ihren Aufenthalt Gesund &amp; Vital Winterurlaub im Pitztal Sommerurlaub im Pitztal Familienurlaub im Pitztal<\/p>\n","protected":false},"author":1007,"featured_media":11905,"parent":0,"menu_order":17,"comment_status":"closed","ping_status":"closed","template":"","meta":{"footnotes":""},"position":[],"class_list":["post-10212","page","type-page","status-publish","has-post-thumbnail","hentry"],"meta_box":{"attachment":[],"dreisechzig":""},"_links":{"self":[{"href":"https:\/\/www.hotelandy.com\/en\/wp-json\/wp\/v2\/pages\/10212","targetHints":{"allow":["GET"]}}],"collection":[{"href":"https:\/\/www.hotelandy.com\/en\/wp-json\/wp\/v2\/pages"}],"about":[{"href":"https:\/\/www.hotelandy.com\/en\/wp-json\/wp\/v2\/types\/page"}],"author":[{"embeddable":true,"href":"https:\/\/www.hotelandy.com\/en\/wp-json\/wp\/v2\/users\/1007"}],"replies":[{"embeddable":true,"href":"https:\/\/www.hotelandy.com\/en\/wp-json\/wp\/v2\/comments?post=10212"}],"version-history":[{"count":0,"href":"https:\/\/www.hotelandy.com\/en\/wp-json\/wp\/v2\/pages\/10212\/revisions"}],"wp:featuredmedia":[{"embeddable":true,"href":"https:\/\/www.hotelandy.com\/en\/wp-json\/"}],"wp:attachment":[{"href":"https:\/\/www.hotelandy.com\/en\/wp-json\/wp\/v2\/media?parent=10212"}],"wp:term":[{"taxonomy":"position","embeddable":true,"href":"https:\/\/www.hotelandy.com\/en\/wp-json\/wp\/v2\/position?post=10212"}],"curies":[{"name":"wp","href":"https:\/\/api.w.org\/{rel}","templated":true}]}}